{"id":167,"date":"2017-08-14T10:51:54","date_gmt":"2017-08-14T08:51:54","guid":{"rendered":"http:\/\/wp.unil.ch\/emf\/?page_id=167"},"modified":"2024-05-03T13:09:57","modified_gmt":"2024-05-03T11:09:57","slug":"contact","status":"publish","type":"page","link":"https:\/\/wp.unil.ch\/emf\/contact\/","title":{"rendered":"Contact"},"content":{"rendered":"<h5><strong>The EMF can best be contacted by email to<\/strong> <a href=\"mailto:emf@unil.ch\">emf@unil.ch<\/a><\/h5>\n<hr \/>\n<h5><div class=\"su-table su-table-alternate\"><\/h5>\n<table>\n<tbody>\n<tr>\n<td>\n<h4><strong>Postal address<\/strong><\/h4>\n<\/td>\n<td>\n<h4><strong>For deliveries<\/strong><\/h4>\n<\/td>\n<td>\n<h4><strong>GPS<\/strong><\/h4>\n<\/td>\n<\/tr>\n<tr>\n<td>Universit\u00e9 de Lausanne<br \/>\nElectron Microscopy Facility<br \/>\nQuartier Sorge &#8211; Biophore<br \/>\nCH-1015 Lausanne<br \/>\nFax: +41 (0)21 692 50 55<\/td>\n<td>Route de Bl\u00e9vallaire<br \/>\n(Quai de livraison 12)<\/td>\n<td>+46\u00b0 31&prime; 13.48&Prime; , +6\u00b0 34&prime; 36.93&Prime;(46.520411, 6.576925)<\/td>\n<\/tr>\n<\/tbody>\n<\/table>\n<h5><\/div><\/h5>\n<div>\n<div id='gallery-1' class='gallery galleryid-167 gallery-columns-3 gallery-size-medium'><figure class='gallery-item'>\n\t\t\t<div class='gallery-icon landscape'>\n\t\t\t\t<a href='https:\/\/wp.unil.ch\/emf\/files\/2019\/04\/plan-acces-emf.jpg'><img loading=\"lazy\" decoding=\"async\" width=\"300\" height=\"179\" src=\"https:\/\/wp.unil.ch\/emf\/files\/2019\/04\/plan-acces-emf-300x179.jpg\" class=\"attachment-medium size-medium\" alt=\"Plan acc\u00e8s par route, m\u00e9tro \u00e0 l&#039;EMF\" aria-describedby=\"gallery-1-1605\" srcset=\"https:\/\/wp.unil.ch\/emf\/files\/2019\/04\/plan-acces-emf-300x179.jpg 300w, https:\/\/wp.unil.ch\/emf\/files\/2019\/04\/plan-acces-emf-768x458.jpg 768w, https:\/\/wp.unil.ch\/emf\/files\/2019\/04\/plan-acces-emf-1024x610.jpg 1024w, https:\/\/wp.unil.ch\/emf\/files\/2019\/04\/plan-acces-emf.jpg 1920w\" sizes=\"auto, 100vw\" \/><\/a>\n\t\t\t<\/div>\n\t\t\t\t<figcaption class='wp-caption-text gallery-caption' id='gallery-1-1605'>\n\t\t\t\tAccess by car, metro\n\t\t\t\t<\/figcaption><\/figure><figure class='gallery-item'>\n\t\t\t<div class='gallery-icon landscape'>\n\t\t\t\t<a href='https:\/\/wp.unil.ch\/emf\/files\/2019\/04\/batiment-biophore-sorge-emf-unil-b.jpg'><img loading=\"lazy\" decoding=\"async\" width=\"300\" height=\"191\" src=\"https:\/\/wp.unil.ch\/emf\/files\/2019\/04\/batiment-biophore-sorge-emf-unil-b-300x191.jpg\" class=\"attachment-medium size-medium\" alt=\"Biophore, EMF, quartier Sorge. \u00a9 Willy Blanchard, EMF, UNIL\" aria-describedby=\"gallery-1-1604\" srcset=\"https:\/\/wp.unil.ch\/emf\/files\/2019\/04\/batiment-biophore-sorge-emf-unil-b-300x191.jpg 300w, https:\/\/wp.unil.ch\/emf\/files\/2019\/04\/batiment-biophore-sorge-emf-unil-b-768x489.jpg 768w, https:\/\/wp.unil.ch\/emf\/files\/2019\/04\/batiment-biophore-sorge-emf-unil-b-1024x652.jpg 1024w, https:\/\/wp.unil.ch\/emf\/files\/2019\/04\/batiment-biophore-sorge-emf-unil-b.jpg 1886w\" sizes=\"auto, 100vw\" \/><\/a>\n\t\t\t<\/div>\n\t\t\t\t<figcaption class='wp-caption-text gallery-caption' id='gallery-1-1604'>\n\t\t\t\tBiophore, EMF, quartier Sorge\n\t\t\t\t<\/figcaption><\/figure><figure class='gallery-item'>\n\t\t\t<div class='gallery-icon landscape'>\n\t\t\t\t<a href='https:\/\/wp.unil.ch\/emf\/files\/2019\/04\/plan-biophore-unil-emf.jpg'><img loading=\"lazy\" decoding=\"async\" width=\"300\" height=\"189\" src=\"https:\/\/wp.unil.ch\/emf\/files\/2019\/04\/plan-biophore-unil-emf-300x189.jpg\" class=\"attachment-medium size-medium\" alt=\"Plan des locaux EMF, Plateforme de microscopie \u00e9lectronique\" aria-describedby=\"gallery-1-1606\" srcset=\"https:\/\/wp.unil.ch\/emf\/files\/2019\/04\/plan-biophore-unil-emf-300x189.jpg 300w, https:\/\/wp.unil.ch\/emf\/files\/2019\/04\/plan-biophore-unil-emf-768x484.jpg 768w, https:\/\/wp.unil.ch\/emf\/files\/2019\/04\/plan-biophore-unil-emf-1024x646.jpg 1024w, https:\/\/wp.unil.ch\/emf\/files\/2019\/04\/plan-biophore-unil-emf.jpg 1903w\" sizes=\"auto, 100vw\" \/><\/a>\n\t\t\t<\/div>\n\t\t\t\t<figcaption class='wp-caption-text gallery-caption' id='gallery-1-1606'>\n\t\t\t\tPlan des locaux EMF, Plateforme de microscopie \u00e9lectronique\n\t\t\t\t<\/figcaption><\/figure>\n\t\t<\/div>\n\n<div><\/div>\n<div>\n\n<!-- iframe plugin v.6.0 wordpress.org\/plugins\/iframe\/ -->\n<iframe loading=\"lazy\" src=\"https:\/\/www.google.com\/maps\/embed?pb=!1m18!1m12!1m3!1d2745.3548625287885!2d6.574674565593158!3d46.52087932912756!2m3!1f0!2f0!3f0!3m2!1i1024!2i768!4f13.1!3m3!1m2!1s0x478c31ab30913c45%3A0xf4b5c714be423ab5!2sBiophore%2C+1015+Ecublens!5e0!3m2!1sfr!2sch!4v1504011372320\" width=\"600\" height=\"450\" frameborder=\"0\" style=\"border:0\" 0=\"allowfullscreen&gt;&lt;\/iframe\" scrolling=\"yes\" class=\"iframe-class\"><\/iframe>\n\n<\/div>\n<\/div>\n","protected":false},"excerpt":{"rendered":"<p>The EMF can best be contacted by email to emf@unil.ch<\/p>\n","protected":false},"author":1001580,"featured_media":0,"parent":0,"menu_order":0,"comment_status":"closed","ping_status":"closed","template":"","meta":{"_seopress_robots_primary_cat":"","_seopress_titles_title":"","_seopress_titles_desc":"","_seopress_robots_index":"","footnotes":""},"class_list":["post-167","page","type-page","status-publish"],"_links":{"self":[{"href":"https:\/\/wp.unil.ch\/emf\/wp-json\/wp\/v2\/pages\/167","targetHints":{"allow":["GET"]}}],"collection":[{"href":"https:\/\/wp.unil.ch\/emf\/wp-json\/wp\/v2\/pages"}],"about":[{"href":"https:\/\/wp.unil.ch\/emf\/wp-json\/wp\/v2\/types\/page"}],"author":[{"embeddable":true,"href":"https:\/\/wp.unil.ch\/emf\/wp-json\/wp\/v2\/users\/1001580"}],"replies":[{"embeddable":true,"href":"https:\/\/wp.unil.ch\/emf\/wp-json\/wp\/v2\/comments?post=167"}],"version-history":[{"count":2,"href":"https:\/\/wp.unil.ch\/emf\/wp-json\/wp\/v2\/pages\/167\/revisions"}],"predecessor-version":[{"id":3234,"href":"https:\/\/wp.unil.ch\/emf\/wp-json\/wp\/v2\/pages\/167\/revisions\/3234"}],"wp:attachment":[{"href":"https:\/\/wp.unil.ch\/emf\/wp-json\/wp\/v2\/media?parent=167"}],"curies":[{"name":"wp","href":"https:\/\/api.w.org\/{rel}","templated":true}]}}