{"id":133,"date":"2017-07-04T15:52:14","date_gmt":"2017-07-04T13:52:14","guid":{"rendered":"http:\/\/wp.unil.ch\/emf\/?page_id=133"},"modified":"2021-05-25T15:31:55","modified_gmt":"2021-05-25T13:31:55","slug":"home","status":"publish","type":"page","link":"https:\/\/wp.unil.ch\/emf\/home\/","title":{"rendered":""},"content":{"rendered":"\n<div class=\"wp-block-cover has-pale-cyan-blue-background-color has-background-dim\" style=\"min-height:150px;aspect-ratio:unset;\"><div class=\"wp-block-cover__inner-container is-layout-flow wp-block-cover-is-layout-flow\">\n<p class=\"has-text-align-left has-large-font-size\"><strong><span class=\"has-inline-color has-black-color\">what&rsquo;s new ?<\/span><\/strong><\/p>\n\n\n\n<div class=\"wp-block-columns is-layout-flex wp-container-core-columns-is-layout-9d6595d7 wp-block-columns-is-layout-flex\">\n<div class=\"wp-block-column is-layout-flow wp-block-column-is-layout-flow\">\n<ul class=\"wp-block-list\"><li><span class=\"has-inline-color has-black-color\"><strong>Cryo-TEM @120 kV<\/strong>: avec l\u2019aide de Davide Demurtas, nous refaisons de la cryo sur la plateforme ! Possibilit\u00e9 de faire du plunge-freezing et acquisition d\u2019images en mode cryo sur le Tecnai 120 kV. Par exemple, visualisation de virus, phages, particules comme des exosomes. Pas de \u00ab single particle workflow \u00bb.<\/span><\/li><\/ul>\n<\/div>\n\n\n\n<div class=\"wp-block-column is-layout-flow wp-block-column-is-layout-flow\">\n<ul class=\"wp-block-list\"><li><span class=\"has-inline-color has-black-color\"><strong>Double-tilt tomography<\/strong> sur coupes en plastique @200Kv sur le MET Jeol : Gr\u00e2ce \u00e0 Damien et Jean, acquisition de tomogrammes double-tilt avec possibilit\u00e9 de s\u00e9lectionner les positions des tomogrammes et les acqu\u00e9rir overnight.<\/span><\/li><\/ul>\n\n\n\n<p><\/p>\n<\/div>\n<\/div>\n<\/div><\/div>\n\n\n\n<p><\/p>\n\n\n\n<p><\/p>\n\n\n\n<p><strong><a href=\"https:\/\/ppms.eu\/unil\/login\/?pf=2\" target=\"_blank\" rel=\"noreferrer noopener\">ACCESS TO INTERNAL BOOKING SYSTEM<\/a><\/strong> (required registration by EMF team) <\/p>\n\n\n\n<p><strong>The Electron Microscopy Facility (EMF) is a facility of the Faculty of Biology and Medicine at the University of Lausanne (UNIL). We welcome investigators from all departments of the UNIL, other academic institutions, and industrial partners.<\/strong><\/p>\n\n\n\n<hr class=\"wp-block-separator\" \/>\n\n\n\n<div class=\"wp-block-columns is-layout-flex wp-container-core-columns-is-layout-9d6595d7 wp-block-columns-is-layout-flex\">\n<div class=\"wp-block-column is-layout-flow wp-block-column-is-layout-flow\">\n<div class=\"wp-block-image\"><figure class=\"aligncenter size-medium\"><a href=\"https:\/\/wp.unil.ch\/emf\/mouse-liver-in-fib-sem\/\" target=\"_blank\" rel=\"noopener noreferrer\"><img loading=\"lazy\" decoding=\"async\" width=\"300\" height=\"300\" src=\"https:\/\/wp.unil.ch\/emf\/files\/2017\/08\/Image-SliceImage-167-300x300.jpg\" alt=\"Mouse liver in FIB-SEM. Instrument: Helios NanoLab 650\" class=\"wp-image-572\" srcset=\"https:\/\/wp.unil.ch\/emf\/files\/2017\/08\/Image-SliceImage-167-300x300.jpg 300w, https:\/\/wp.unil.ch\/emf\/files\/2017\/08\/Image-SliceImage-167-150x150.jpg 150w, https:\/\/wp.unil.ch\/emf\/files\/2017\/08\/Image-SliceImage-167-768x768.jpg 768w, https:\/\/wp.unil.ch\/emf\/files\/2017\/08\/Image-SliceImage-167-1024x1024.jpg 1024w, https:\/\/wp.unil.ch\/emf\/files\/2017\/08\/Image-SliceImage-167-160x160.jpg 160w, https:\/\/wp.unil.ch\/emf\/files\/2017\/08\/Image-SliceImage-167-320x320.jpg 320w, https:\/\/wp.unil.ch\/emf\/files\/2017\/08\/Image-SliceImage-167.jpg 1200w\" sizes=\"auto, (max-width: 300px) 100vw, 300px\" \/><\/a><\/figure><\/div>\n<\/div>\n\n\n\n<div class=\"wp-block-column is-layout-flow wp-block-column-is-layout-flow\">\n<div class=\"wp-block-image\"><figure class=\"aligncenter size-large\"><a href=\"https:\/\/wp.unil.ch\/emf\/examples-in-sem-2\/\" target=\"_blank\" rel=\"noopener noreferrer\"><img loading=\"lazy\" decoding=\"async\" width=\"1024\" height=\"943\" src=\"https:\/\/wp.unil.ch\/emf\/files\/2017\/09\/Antonio-Mucciolo-EMF-araign\u00e9e-bis_003-1024x943.jpg\" alt=\"Spider, SEM Quanta-FEG 250\" class=\"wp-image-617\" srcset=\"https:\/\/wp.unil.ch\/emf\/files\/2017\/09\/Antonio-Mucciolo-EMF-araign\u00e9e-bis_003.jpg 1024w, https:\/\/wp.unil.ch\/emf\/files\/2017\/09\/Antonio-Mucciolo-EMF-araign\u00e9e-bis_003-300x276.jpg 300w, https:\/\/wp.unil.ch\/emf\/files\/2017\/09\/Antonio-Mucciolo-EMF-araign\u00e9e-bis_003-768x707.jpg 768w\" sizes=\"auto, (max-width: 767px) 89vw, (max-width: 1000px) 54vw, (max-width: 1071px) 543px, 580px\" \/><\/a><\/figure><\/div>\n\n\n\n<p class=\"has-text-align-center\">(Click on an image to see a gallery)<\/p>\n<\/div>\n\n\n\n<div class=\"wp-block-column is-layout-flow wp-block-column-is-layout-flow\">\n<div class=\"wp-block-image\"><figure class=\"aligncenter size-medium\"><a href=\"https:\/\/wp.unil.ch\/emf\/examples-in-tem\/\" target=\"_blank\" rel=\"noopener noreferrer\"><img alt=\"\" loading=\"lazy\" decoding=\"async\" width=\"300\" height=\"300\" src=\"https:\/\/wp.unil.ch\/emf\/files\/2020\/07\/17.02.16-TP32-A1-4200X-exemple-web-02b-300x300.jpg\" alt=\"\" class=\"wp-image-2048\" srcset=\"https:\/\/wp.unil.ch\/emf\/files\/2020\/07\/17.02.16-TP32-A1-4200X-exemple-web-02b-300x300.jpg 300w, https:\/\/wp.unil.ch\/emf\/files\/2020\/07\/17.02.16-TP32-A1-4200X-exemple-web-02b-1024x1024.jpg 1024w, https:\/\/wp.unil.ch\/emf\/files\/2020\/07\/17.02.16-TP32-A1-4200X-exemple-web-02b-150x150.jpg 150w, https:\/\/wp.unil.ch\/emf\/files\/2020\/07\/17.02.16-TP32-A1-4200X-exemple-web-02b-768x768.jpg 768w, https:\/\/wp.unil.ch\/emf\/files\/2020\/07\/17.02.16-TP32-A1-4200X-exemple-web-02b-80x80.jpg 80w, https:\/\/wp.unil.ch\/emf\/files\/2020\/07\/17.02.16-TP32-A1-4200X-exemple-web-02b-320x320.jpg 320w, https:\/\/wp.unil.ch\/emf\/files\/2020\/07\/17.02.16-TP32-A1-4200X-exemple-web-02b.jpg 1200w\" sizes=\"auto, (max-width: 300px) 100vw, 300px\" \/><\/a><\/figure><\/div>\n<\/div>\n<\/div>\n\n\n\n<div class=\"wp-block-columns is-layout-flex wp-container-core-columns-is-layout-9d6595d7 wp-block-columns-is-layout-flex\">\n<div class=\"wp-block-column is-layout-flow wp-block-column-is-layout-flow\">\n<div class=\"wp-block-image\"><figure class=\"aligncenter size-medium is-resized\"><a href=\"https:\/\/wp.unil.ch\/emf\/lets-color-the-electron-microscopy\/\" target=\"_blank\" rel=\"noopener noreferrer\"><img alt=\"\" loading=\"lazy\" decoding=\"async\" src=\"https:\/\/wp.unil.ch\/emf\/files\/2020\/07\/eprouvette-tournesol-bse_018-expo-300x300.jpg\" alt=\"\" class=\"wp-image-2055\" width=\"400\" height=\"400\" srcset=\"https:\/\/wp.unil.ch\/emf\/files\/2020\/07\/eprouvette-tournesol-bse_018-expo-300x300.jpg 300w, https:\/\/wp.unil.ch\/emf\/files\/2020\/07\/eprouvette-tournesol-bse_018-expo-1024x1024.jpg 1024w, https:\/\/wp.unil.ch\/emf\/files\/2020\/07\/eprouvette-tournesol-bse_018-expo-150x150.jpg 150w, https:\/\/wp.unil.ch\/emf\/files\/2020\/07\/eprouvette-tournesol-bse_018-expo-768x768.jpg 768w, https:\/\/wp.unil.ch\/emf\/files\/2020\/07\/eprouvette-tournesol-bse_018-expo-80x80.jpg 80w, https:\/\/wp.unil.ch\/emf\/files\/2020\/07\/eprouvette-tournesol-bse_018-expo-320x320.jpg 320w, https:\/\/wp.unil.ch\/emf\/files\/2020\/07\/eprouvette-tournesol-bse_018-expo.jpg 1200w\" sizes=\"auto, (max-width: 400px) 100vw, 400px\" \/><\/a><\/figure><\/div>\n<\/div>\n\n\n\n<div class=\"wp-block-column is-layout-flow wp-block-column-is-layout-flow\">\n<div class=\"wp-block-image\"><figure class=\"aligncenter size-medium is-resized\"><a href=\"https:\/\/wp.unil.ch\/emf\/lets-color-the-electron-microscopy\/\" target=\"_blank\" rel=\"noopener noreferrer\"><img alt=\"\" loading=\"lazy\" decoding=\"async\" src=\"https:\/\/wp.unil.ch\/emf\/files\/2020\/07\/Rhithrogena-gratianopolitana-Stub-50-sed_008-expo-300x300.jpg\" alt=\"\" class=\"wp-image-2058\" width=\"400\" height=\"400\" srcset=\"https:\/\/wp.unil.ch\/emf\/files\/2020\/07\/Rhithrogena-gratianopolitana-Stub-50-sed_008-expo-300x300.jpg 300w, https:\/\/wp.unil.ch\/emf\/files\/2020\/07\/Rhithrogena-gratianopolitana-Stub-50-sed_008-expo-1022x1024.jpg 1022w, https:\/\/wp.unil.ch\/emf\/files\/2020\/07\/Rhithrogena-gratianopolitana-Stub-50-sed_008-expo-150x150.jpg 150w, https:\/\/wp.unil.ch\/emf\/files\/2020\/07\/Rhithrogena-gratianopolitana-Stub-50-sed_008-expo-768x769.jpg 768w, https:\/\/wp.unil.ch\/emf\/files\/2020\/07\/Rhithrogena-gratianopolitana-Stub-50-sed_008-expo-80x80.jpg 80w, https:\/\/wp.unil.ch\/emf\/files\/2020\/07\/Rhithrogena-gratianopolitana-Stub-50-sed_008-expo-320x320.jpg 320w, https:\/\/wp.unil.ch\/emf\/files\/2020\/07\/Rhithrogena-gratianopolitana-Stub-50-sed_008-expo.jpg 1198w\" sizes=\"auto, (max-width: 400px) 100vw, 400px\" \/><\/a><\/figure><\/div>\n<\/div>\n<\/div>\n\n\n\n<hr class=\"wp-block-separator\" \/>\n\n\n\n<div class=\"wp-block-columns is-layout-flex wp-container-core-columns-is-layout-9d6595d7 wp-block-columns-is-layout-flex\">\n<div class=\"wp-block-column is-layout-flow wp-block-column-is-layout-flow\">\n<div class=\"wp-block-image\"><figure class=\"aligncenter size-medium\"><a href=\"https:\/\/wp.unil.ch\/emf\/files\/2020\/07\/MuscleCuisseJean01.jpg\"><img alt=\"\" loading=\"lazy\" decoding=\"async\" width=\"300\" height=\"300\" src=\"https:\/\/wp.unil.ch\/emf\/files\/2020\/07\/MuscleCuisseJean01-300x300.jpg\" alt=\"\" class=\"wp-image-2072\" srcset=\"https:\/\/wp.unil.ch\/emf\/files\/2020\/07\/MuscleCuisseJean01-300x300.jpg 300w, https:\/\/wp.unil.ch\/emf\/files\/2020\/07\/MuscleCuisseJean01-1024x1024.jpg 1024w, https:\/\/wp.unil.ch\/emf\/files\/2020\/07\/MuscleCuisseJean01-150x150.jpg 150w, https:\/\/wp.unil.ch\/emf\/files\/2020\/07\/MuscleCuisseJean01-768x768.jpg 768w, https:\/\/wp.unil.ch\/emf\/files\/2020\/07\/MuscleCuisseJean01-80x80.jpg 80w, https:\/\/wp.unil.ch\/emf\/files\/2020\/07\/MuscleCuisseJean01-320x320.jpg 320w, https:\/\/wp.unil.ch\/emf\/files\/2020\/07\/MuscleCuisseJean01.jpg 1200w\" sizes=\"auto, (max-width: 300px) 100vw, 300px\" \/><\/a><\/figure><\/div>\n<\/div>\n\n\n\n<div class=\"wp-block-column is-layout-flow wp-block-column-is-layout-flow\">\n<div class=\"wp-block-image\"><figure class=\"aligncenter size-medium\"><a href=\"https:\/\/wp.unil.ch\/emf\/files\/2020\/07\/MuscleCuisseJean02.jpg\"><img alt=\"\" loading=\"lazy\" decoding=\"async\" width=\"300\" height=\"300\" src=\"https:\/\/wp.unil.ch\/emf\/files\/2020\/07\/MuscleCuisseJean02-300x300.jpg\" alt=\"\" class=\"wp-image-2073\" srcset=\"https:\/\/wp.unil.ch\/emf\/files\/2020\/07\/MuscleCuisseJean02-300x300.jpg 300w, https:\/\/wp.unil.ch\/emf\/files\/2020\/07\/MuscleCuisseJean02-1024x1024.jpg 1024w, https:\/\/wp.unil.ch\/emf\/files\/2020\/07\/MuscleCuisseJean02-150x150.jpg 150w, https:\/\/wp.unil.ch\/emf\/files\/2020\/07\/MuscleCuisseJean02-768x768.jpg 768w, https:\/\/wp.unil.ch\/emf\/files\/2020\/07\/MuscleCuisseJean02-80x80.jpg 80w, https:\/\/wp.unil.ch\/emf\/files\/2020\/07\/MuscleCuisseJean02-320x320.jpg 320w, https:\/\/wp.unil.ch\/emf\/files\/2020\/07\/MuscleCuisseJean02.jpg 1200w\" sizes=\"auto, (max-width: 300px) 100vw, 300px\" \/><\/a><\/figure><\/div>\n<\/div>\n\n\n\n<div class=\"wp-block-column is-layout-flow wp-block-column-is-layout-flow\">\n<div class=\"wp-block-image\"><figure class=\"aligncenter size-medium\"><a href=\"https:\/\/wp.unil.ch\/emf\/files\/2020\/07\/MuscleCuisseJean04b.jpg\"><img alt=\"\" loading=\"lazy\" decoding=\"async\" width=\"300\" height=\"300\" src=\"https:\/\/wp.unil.ch\/emf\/files\/2020\/07\/MuscleCuisseJean04b-300x300.jpg\" alt=\"\" class=\"wp-image-2074\" srcset=\"https:\/\/wp.unil.ch\/emf\/files\/2020\/07\/MuscleCuisseJean04b-300x300.jpg 300w, https:\/\/wp.unil.ch\/emf\/files\/2020\/07\/MuscleCuisseJean04b-1024x1024.jpg 1024w, https:\/\/wp.unil.ch\/emf\/files\/2020\/07\/MuscleCuisseJean04b-150x150.jpg 150w, https:\/\/wp.unil.ch\/emf\/files\/2020\/07\/MuscleCuisseJean04b-768x768.jpg 768w, https:\/\/wp.unil.ch\/emf\/files\/2020\/07\/MuscleCuisseJean04b-80x80.jpg 80w, https:\/\/wp.unil.ch\/emf\/files\/2020\/07\/MuscleCuisseJean04b-320x320.jpg 320w, https:\/\/wp.unil.ch\/emf\/files\/2020\/07\/MuscleCuisseJean04b.jpg 1200w\" sizes=\"auto, (max-width: 300px) 100vw, 300px\" \/><\/a><\/figure><\/div>\n<\/div>\n<\/div>\n\n\n\n<div class=\"wp-block-image\"><figure class=\"aligncenter size-large\"><a href=\"https:\/\/wp.unil.ch\/emf\/ant-in-scanning\/\" target=\"_blank\" rel=\"noopener noreferrer\"><img alt=\"\" loading=\"lazy\" decoding=\"async\" width=\"1024\" height=\"403\" src=\"https:\/\/wp.unil.ch\/emf\/files\/2017\/08\/EMF-UNIL-ant_Fourmi01-1024x403.jpg\" alt=\"\" class=\"wp-image-535\" srcset=\"https:\/\/wp.unil.ch\/emf\/files\/2017\/08\/EMF-UNIL-ant_Fourmi01-1024x403.jpg 1024w, https:\/\/wp.unil.ch\/emf\/files\/2017\/08\/EMF-UNIL-ant_Fourmi01-300x118.jpg 300w, https:\/\/wp.unil.ch\/emf\/files\/2017\/08\/EMF-UNIL-ant_Fourmi01-768x303.jpg 768w, https:\/\/wp.unil.ch\/emf\/files\/2017\/08\/EMF-UNIL-ant_Fourmi01.jpg 1500w\" sizes=\"auto, (max-width: 767px) 89vw, (max-width: 1000px) 54vw, (max-width: 1071px) 543px, 580px\" \/><\/a><\/figure><\/div>\n\n\n\n<p><\/p>\n","protected":false},"excerpt":{"rendered":"<p>ACCESS TO INTERNAL BOOKING SYSTEM (required registration by EMF team) The Electron Microscopy Facility (EMF) is a facility of the Faculty of Biology and Medicine at the University of Lausanne &hellip; <\/p>\n<p class=\"link-more\"><a href=\"https:\/\/wp.unil.ch\/emf\/home\/\" class=\"more-link\">Continuer la lecture<span class=\"screen-reader-text\"> de &laquo;&nbsp;&nbsp;&raquo;<\/span><\/a><\/p>\n","protected":false},"author":1001580,"featured_media":0,"parent":0,"menu_order":0,"comment_status":"closed","ping_status":"closed","template":"","meta":{"_seopress_robots_primary_cat":"","_seopress_titles_title":"","_seopress_titles_desc":"","_seopress_robots_index":"","footnotes":""},"class_list":["post-133","page","type-page","status-publish"],"_links":{"self":[{"href":"https:\/\/wp.unil.ch\/emf\/wp-json\/wp\/v2\/pages\/133","targetHints":{"allow":["GET"]}}],"collection":[{"href":"https:\/\/wp.unil.ch\/emf\/wp-json\/wp\/v2\/pages"}],"about":[{"href":"https:\/\/wp.unil.ch\/emf\/wp-json\/wp\/v2\/types\/page"}],"author":[{"embeddable":true,"href":"https:\/\/wp.unil.ch\/emf\/wp-json\/wp\/v2\/users\/1001580"}],"replies":[{"embeddable":true,"href":"https:\/\/wp.unil.ch\/emf\/wp-json\/wp\/v2\/comments?post=133"}],"version-history":[{"count":0,"href":"https:\/\/wp.unil.ch\/emf\/wp-json\/wp\/v2\/pages\/133\/revisions"}],"wp:attachment":[{"href":"https:\/\/wp.unil.ch\/emf\/wp-json\/wp\/v2\/media?parent=133"}],"curies":[{"name":"wp","href":"https:\/\/api.w.org\/{rel}","templated":true}]}}