{"id":716,"date":"2014-09-25T09:38:02","date_gmt":"2014-09-25T07:38:02","guid":{"rendered":"http:\/\/wp.unil.ch\/egodocuments\/?page_id=716"},"modified":"2025-06-11T15:53:23","modified_gmt":"2025-06-11T13:53:23","slug":"guide-de-lusager","status":"publish","type":"page","link":"https:\/\/wp.unil.ch\/egodocuments\/guide-de-lusager\/","title":{"rendered":"Guide de l&rsquo;usager"},"content":{"rendered":"<p style=\"text-align: justify\">La base de donn\u00e9es suisse d\u2019\u00e9crits personnels a \u00e9t\u00e9 con\u00e7ue pour une utilisation la plus intuitive possible.<\/p>\n<p style=\"text-align: justify\">Les <strong>champs biographiques<\/strong> contiennent les principales donn\u00e9es relatives au parcours de vie des scripteurs et scriptrices, dans la mesure des connaissances disponibles. Ces donn\u00e9es \u2013 qu\u2019il n&rsquo;a pas toujours \u00e9t\u00e9 possible de v\u00e9rifier \u2013 proviennent du texte lui-m\u00eame, de dictionnaires historiques ou de la litt\u00e9rature secondaire.<\/p>\n<p style=\"text-align: justify\">Dans le champ \u00ab<strong>titre du texte<\/strong>\u00bb, l\u2019ajout, le cas \u00e9ch\u00e9ant, de la lettre (f) signifie que le titre a \u00e9t\u00e9 donn\u00e9 au texte \u2013 \u00e0 l\u2019\u00e9poque ou ult\u00e9rieurement, sans qu\u2019il soit toujours possible de distinguer \u2013 par une tierce personne. Les textes sans titre sont signal\u00e9s par la mention \u00abs.t.\u00bb.<\/p>\n<p style=\"text-align: justify\">On trouvera dans le champ \u00ab<strong>contenu<\/strong>\u00bb un aper\u00e7u succinct du texte, fruit d\u2019une lecture rapide, ou tirer d&rsquo;un inventaire d\u00e9taill\u00e9. De longueur variable, ce champ peut apporter des informations compl\u00e9mentaires autant sur les scripteurs ou scriptrices que sur leur texte.<\/p>\n<p style=\"text-align: justify\">Le champ \u00ab<strong>litt\u00e9rature secondaire<\/strong>\u00bb peut, lui aussi, se rapporter autant aux scripteurs ou scriptrices qu\u2019\u00e0 leur texte. Les r\u00e9f\u00e9rences bibliographiques donn\u00e9es renvoient indiff\u00e9remment \u00e0 des travaux scientifiques, \u00e0 des ouvrages de vulgarisation ou \u00e0 des essais. Ce champ, de m\u00eame que celui intitul\u00e9 \u00ab<strong>\u00e9dition<\/strong>\u00bb n\u2019a pas \u00e9t\u00e9 syst\u00e9matiquement compl\u00e9t\u00e9. Pour la plupart des textes r\u00e9pertori\u00e9s, il n\u2019existe certainement ni \u00e9dition ni litt\u00e9rature secondaire.<\/p>\n<p style=\"text-align: justify\">La liste des abr\u00e9viations des lieux de d\u00e9p\u00f4ts des documents r\u00e9pertori\u00e9s est consultable <a href=\"https:\/\/wp.unil.ch\/egodocuments\/files\/2024\/09\/Abreviations-et-sigles-des-institutions_2024-1.pdf\" target=\"_blank\" rel=\"noopener\">ici<\/a>.<\/p>\n<p><strong>Langues\u00a0<\/strong><\/p>\n<p style=\"text-align: justify\">Pour le confort du lecteur, la fonction \u00ab<strong>recherche<\/strong>\u00bb de la base de donn\u00e9es est propos\u00e9e en fran\u00e7ais, allemand et italien.<\/p>\n<p style=\"text-align: justify\">Par contre, les fiches des documents &#8211; r\u00e9alis\u00e9es dans leur langue par les \u00e9quipes de recherche &#8211; \u00a0n\u2019ont pas \u00e9t\u00e9 traduites, et correspondent en principe \u00e0\u00a0la langue d\u2019origine du manuscrit.<\/p>\n<p style=\"text-align: justify\">L\u2019utilisateur qui souhaite rep\u00e9rer des documents tant en fran\u00e7ais qu\u2019en allemand ou en italien via les champs \u00abdonn\u00e9es biographiques\u00bb, \u00abcontenu\u00bb, \u00abprofession\u00bb et \u00ablieux\u00bb, proposera, dans sa recherche, des mots-cl\u00e9s dans ces diff\u00e9rentes langues.<\/p>\n<p><strong>Elaboration des notices de la base de donn\u00e9es <\/strong><\/p>\n<p>UNIBAS et UNIL (voir <span style=\"color: #993300\"><a style=\"color: #993300\" href=\"https:\/\/wp.unil.ch\/egodocuments\/presentation\/\">Pr\u00e9sentation<\/a><\/span>)<\/p>\n<p style=\"text-align: justify\">\u00a0<\/p>\n\n\n<p><\/p>\n","protected":false},"excerpt":{"rendered":"<p>La base de donn\u00e9es suisse d\u2019\u00e9crits personnels a \u00e9t\u00e9 con\u00e7ue pour une utilisation la plus intuitive possible. Les champs biographiques contiennent les principales donn\u00e9es relatives au parcours de vie des &hellip; <\/p>\n","protected":false},"author":1511,"featured_media":0,"parent":0,"menu_order":0,"comment_status":"closed","ping_status":"closed","template":"","meta":{"_seopress_robots_primary_cat":"","_seopress_titles_title":"","_seopress_titles_desc":"","_seopress_robots_index":"","footnotes":""},"class_list":["post-716","page","type-page","status-publish"],"_links":{"self":[{"href":"https:\/\/wp.unil.ch\/egodocuments\/wp-json\/wp\/v2\/pages\/716","targetHints":{"allow":["GET"]}}],"collection":[{"href":"https:\/\/wp.unil.ch\/egodocuments\/wp-json\/wp\/v2\/pages"}],"about":[{"href":"https:\/\/wp.unil.ch\/egodocuments\/wp-json\/wp\/v2\/types\/page"}],"author":[{"embeddable":true,"href":"https:\/\/wp.unil.ch\/egodocuments\/wp-json\/wp\/v2\/users\/1511"}],"replies":[{"embeddable":true,"href":"https:\/\/wp.unil.ch\/egodocuments\/wp-json\/wp\/v2\/comments?post=716"}],"version-history":[{"count":4,"href":"https:\/\/wp.unil.ch\/egodocuments\/wp-json\/wp\/v2\/pages\/716\/revisions"}],"predecessor-version":[{"id":5222,"href":"https:\/\/wp.unil.ch\/egodocuments\/wp-json\/wp\/v2\/pages\/716\/revisions\/5222"}],"wp:attachment":[{"href":"https:\/\/wp.unil.ch\/egodocuments\/wp-json\/wp\/v2\/media?parent=716"}],"curies":[{"name":"wp","href":"https:\/\/api.w.org\/{rel}","templated":true}]}}