{"id":7,"date":"2014-01-23T21:24:10","date_gmt":"2014-01-23T20:24:10","guid":{"rendered":"http:\/\/wp.unil.ch\/egodocuments\/?page_id=7"},"modified":"2025-09-04T08:14:17","modified_gmt":"2025-09-04T06:14:17","slug":"presentation","status":"publish","type":"page","link":"https:\/\/wp.unil.ch\/egodocuments\/presentation\/","title":{"rendered":"Historique"},"content":{"rendered":"\n<p><\/p>\n\n\n<div>\n<p><em>Egodocuments.ch<\/em> a b\u00e9n\u00e9fici\u00e9 du soutien du Fonds national suisse de la recherche scientifique \u00e0 plusieurs projets\u00a0: <em>Deutschschweizerische Selbstzeugnisse (1500-1800) als Quellen der Mentalit\u00e4tsgeschichte<\/em>, dirig\u00e9 de 1996 \u00e0 2003 par Kaspar von Greyerz, aux universit\u00e9s de Zurich puis de B\u00e2le, <em>L\u2019\u00e9ducation domestique au miroir des \u00e9crits personnels en Suisse romande (1750-1820)<\/em>, <em>Valorisation scientifique des \u00e9crits personnels de Suisse latine (1500-1820)<\/em>, <em>Voyager et g\u00e9rer au f\u00e9minin (XVIIIe-d\u00e9but XIXe s.)<\/em>, dirig\u00e9s de 2011 \u00e0 2019 par Dani\u00e8le Tosato-Rigo (Universit\u00e9 de Lausanne).<\/p>\n<p>Inaugur\u00e9e en 2019, avec la r\u00e9union des donn\u00e9es al\u00e9maniques, romandes et italophones, <em>Egodocuments.ch<\/em> a b\u00e9n\u00e9fici\u00e9 du soutien d\u2019interlocuteurs provenant de tous les cantons, parmi lesquels Andreas Affolter (Staatsarchiv SO), Gianenrico Bernasconi (UNINE), Michael Blatter (Stadtarchiv Sursee), Jasmina Cornut (Patrimoine culturel VS), Heidi Eisenhut (Kant.Bibl. AR), Fran\u00e7ois Falconnet (Arch.cant.VD), Madline Favre (UniL), Sandro Frefel (Landesarchiv AI), Wolfgang G\u00f6ldi (Kant.Bibl. SG Vadiana), Doroth\u00e9e Guggenheimer (Stadtarch. SG), Kaspar von Greyerz (UNIBAS), Sandro Guzzi-Heeb (UniL), Lorenz Heiligensetzer (Universit\u00e4tsbibl. BS), Philippe Henry (UNINE), Jean-Pierre Jelmini (UNINE), Sylviane Messerli (M\u00e9moires d\u2019Ici, Saint-Imier), Francesca Nussio (Istituto per la ricerca sulla cultura grigione), Jean-Claude Rebetez (Arch. Ancien Ev\u00each\u00e9 de B\u00e2le), Philip Rieder (UNIGE), Andreas W\u00fcrgler (UNIGE), Roberto Zaugg (UNIZH).\u00a0\u00a0<\/p>\n<p>Depuis 2019 la base de donn\u00e9es continue \u00e0 \u00eatre d\u00e9velopp\u00e9e par Sylvie Moret Petrini (Universit\u00e9 de Lausanne), avec depuis 2025 le concours de Nathalie Dahn-Singh (Universit\u00e9 de Lausanne) pour la r\u00e9daction de nouvelles notices documentaires.<\/p>\n<table style=\"height: 1004px\" width=\"693\">\n<tbody>\n<tr>\n<td style=\"width: 252px\" width=\"225\">\n<p><span style=\"color: #000000\"><em>Responsables scientifiques<\/em>\u00a0<\/span><\/p>\n<p>Collaboratrice scientifique (r\u00e9daction nouvelles notices documentaires)\u00a0<\/p>\n<\/td>\n<td style=\"width: 332px;text-align: left\" width=\"298\">\n<p><span style=\"color: #000000;font-size: revert;font-family: inherit\">Sylvie Moret Petrini, Universit\u00e9 de Lausanne<\/span><\/p>\n<p><span style=\"color: #000000\">Dani\u00e8le Tosato-Rigo, Universit\u00e9 de Lausanne<\/span><\/p>\n<p>Nathalie Dahn-Singh, Universit\u00e9 de Lausanne<\/p>\n<\/td>\n<\/tr>\n<tr>\n<td style=\"width: 252px\" width=\"225\"><span style=\"color: #000000\"><em>Direction des projets FNS\u00a0<\/em><\/span><\/td>\n<td style=\"width: 332px;text-align: left\" width=\"298\">\n<p><span style=\"color: #000000\">Kaspar von Greyerz, Universit\u00e9 de B\u00e2le<\/span><\/p>\n<p><span style=\"color: #000000;font-size: revert;font-family: inherit\">Dani\u00e8le Tosato-Rigo, Universit\u00e9 de Lausanne<\/span><\/p>\n<\/td>\n<\/tr>\n<tr>\n<td style=\"width: 252px\" width=\"225\"><span style=\"color: #000000\"><em>C<\/em><em>ollaborateurs\/trices aux projets\u00a0<\/em><\/span><\/td>\n<td style=\"width: 332px;text-align: left\" width=\"298\">\n<p><span style=\"color: #000000\">Sebastian Leutert, Universit\u00e9 de B\u00e2le<\/span><\/p>\n<p><span style=\"color: #000000;font-size: revert;font-family: inherit\">Gudrun Piller, Universit\u00e9 de B\u00e2le<\/span><\/p>\n<p><span style=\"color: #000000\">Lorenz Heiligensetzer, Universit\u00e9 de B\u00e2le<\/span><\/p>\n<p><span style=\"color: #000000\">Fiona Fleischner, Universit\u00e9 de Lausanne<\/span><\/p>\n<p><span style=\"color: #000000\">Ma\u00efla Kocher Girinshuti, Universit\u00e9 de Lausanne<\/span><\/p>\n<p><span style=\"color: #000000\">Miriam Nicoli, Universit\u00e9 de Lausanne<\/span><\/p>\n<\/td>\n<\/tr>\n<tr>\n<td style=\"width: 252px\" width=\"225\"><span style=\"color: #000000\"><em>Collaboration ponctuelle\u00a0<\/em><\/span><\/td>\n<td style=\"width: 332px;text-align: left\" width=\"298\">\n<p><span style=\"color: #000000\">Roland Hofer, archiviste d&rsquo;\u00e9tat, Schaffhouse<\/span><\/p>\n<p><span style=\"color: #000000;font-size: revert;font-family: inherit\">Urs Martin Zahnd, Universit\u00e9 de Berne<\/span><\/p>\n<p><span style=\"color: #000000\">Lucas Rappo, Universit\u00e9 de Lausanne<\/span><\/p>\n<\/td>\n<\/tr>\n<tr>\n<td style=\"width: 252px\" width=\"225\"><span style=\"color: #000000\"><em>Maintenance technique \/<\/em><\/span><span style=\"color: #000000\"><em>mise en ligne<\/em>\u00a0<\/span><\/td>\n<td style=\"width: 332px;text-align: left\" width=\"298\">\n<p><span style=\"color: #000000\">Jacqueline Frey, Universit\u00e9 de Lausanne, Centre informatique<\/span><\/p>\n<p><span style=\"color: #000000;font-size: revert;font-family: inherit\">Isabelle Moullet, Universit\u00e9 de Lausanne, Centre informatique<\/span><\/p>\n<\/td>\n<\/tr>\n<tr>\n<td style=\"width: 252px\" width=\"225\"><span style=\"color: #000000\"><em>\u00c9laboration base de donn\u00e9es FileMaker<\/em><\/span><\/td>\n<td style=\"width: 332px;text-align: left\" width=\"298\">\n<p><span style=\"color: #000000\">Jan Hodel<\/span><span style=\"color: #000000;font-size: revert;font-family: inherit\">Karl Larson<\/span><\/p>\n<p><span style=\"color: #000000\">Elias Kreyenb\u00fchl<\/span><\/p>\n<\/td>\n<\/tr>\n<\/tbody>\n<\/table>\n<p style=\"font-style: inherit;color: inherit\">\u00a0<\/p>\n<\/div>\n<div style=\"text-align: left\"><span class=\"Apple-style-span\" style=\"border-collapse: collapse\">\u00a0<\/span><\/div>","protected":false},"excerpt":{"rendered":"<p>Egodocuments.ch a b\u00e9n\u00e9fici\u00e9 du soutien du Fonds national suisse de la recherche scientifique \u00e0 plusieurs projets\u00a0: Deutschschweizerische Selbstzeugnisse (1500-1800) als Quellen der Mentalit\u00e4tsgeschichte, dirig\u00e9 de 1996 \u00e0 2003 par Kaspar &hellip; <\/p>\n","protected":false},"author":1511,"featured_media":0,"parent":0,"menu_order":1,"comment_status":"closed","ping_status":"closed","template":"","meta":{"_seopress_robots_primary_cat":"","_seopress_titles_title":"","_seopress_titles_desc":"","_seopress_robots_index":"","footnotes":""},"class_list":["post-7","page","type-page","status-publish"],"_links":{"self":[{"href":"https:\/\/wp.unil.ch\/egodocuments\/wp-json\/wp\/v2\/pages\/7","targetHints":{"allow":["GET"]}}],"collection":[{"href":"https:\/\/wp.unil.ch\/egodocuments\/wp-json\/wp\/v2\/pages"}],"about":[{"href":"https:\/\/wp.unil.ch\/egodocuments\/wp-json\/wp\/v2\/types\/page"}],"author":[{"embeddable":true,"href":"https:\/\/wp.unil.ch\/egodocuments\/wp-json\/wp\/v2\/users\/1511"}],"replies":[{"embeddable":true,"href":"https:\/\/wp.unil.ch\/egodocuments\/wp-json\/wp\/v2\/comments?post=7"}],"version-history":[{"count":5,"href":"https:\/\/wp.unil.ch\/egodocuments\/wp-json\/wp\/v2\/pages\/7\/revisions"}],"predecessor-version":[{"id":5469,"href":"https:\/\/wp.unil.ch\/egodocuments\/wp-json\/wp\/v2\/pages\/7\/revisions\/5469"}],"wp:attachment":[{"href":"https:\/\/wp.unil.ch\/egodocuments\/wp-json\/wp\/v2\/media?parent=7"}],"curies":[{"name":"wp","href":"https:\/\/api.w.org\/{rel}","templated":true}]}}