{"id":5267,"date":"2025-08-17T15:21:41","date_gmt":"2025-08-17T13:21:41","guid":{"rendered":"https:\/\/wp.unil.ch\/egodocuments\/?page_id=5267"},"modified":"2026-04-13T15:20:21","modified_gmt":"2026-04-13T13:20:21","slug":"quentend-on-par-ecrit-personnel","status":"publish","type":"page","link":"https:\/\/wp.unil.ch\/egodocuments\/quentend-on-par-ecrit-personnel\/","title":{"rendered":"Qu\u2019est-ce qu&rsquo;un \u00e9crit personnel\u00a0?\u00a0"},"content":{"rendered":"\n<p class=\"has-text-color has-link-color has-medium-font-size wp-elements-141446ac697819960470e7ded15fc10e\" style=\"color:#b01818\"><\/p>\n\n\n\n<p>Par <em>\u00e9crits personnels<\/em>, on entend tout texte dans lequel une personne t\u00e9moigne d\u2019une prise de parole sur elle-m\u00eame, sur son proche entourage ou sa communaut\u00e9, ou, pour le moins, de jugements de valeurs sur le monde, proche ou lointain. En font partie entre autres, outre des notes h\u00e9t\u00e9rog\u00e8nes non attribuables \u00e0 un genre d\u00e9fini, les autobiographies, les journaux de toute nature, les r\u00e9cits de voyage, les livres de raison, les chroniques et les livres de famille. Quoiqu\u2019appartenant \u00e9galement \u00e0 ce corpus, les correspondances n\u2019ont, \u00e0 ce jour, pas \u00e9t\u00e9 inventori\u00e9es dans <em>Egodocuments.ch<\/em> pour des raisons pratiques, pour autant qu\u2019il ne s\u2019agisse pas de copie-lettres, r\u00e9dig\u00e9s sur une certaine dur\u00e9e. Elles peuvent toutefois appara\u00eetre \u00e0 titre de \u00ab&nbsp;sources annexes&nbsp;\u00bb.<\/p>\n\n\n\n<div class=\"wp-block-columns is-layout-flex wp-container-core-columns-is-layout-9d6595d7 wp-block-columns-is-layout-flex\">\n<div class=\"wp-block-column is-layout-flow wp-block-column-is-layout-flow\" style=\"flex-basis:100%\">\n<details class=\"wp-block-details is-layout-flow wp-block-details-is-layout-flow\"><summary><span style=\"color:#b01818\"><strong>Voir plus<\/strong><\/span><\/summary>\n<p>La notion d\u2019<em>\u00e9crits personnels<\/em>&nbsp;renvoie pour l\u2019\u00e9poque moderne \u00e0 diff\u00e9rents genres de textes, qui t\u00e9moignent de pratiques diversifi\u00e9es d\u2019\u00e9criture dans des temporalit\u00e9s variables, tels un journal \u00e9crit au jour le jour, des m\u00e9moires r\u00e9dig\u00e9s au grand \u00e2ge, ou encore un livre de famille, tenu sur plusieurs g\u00e9n\u00e9rations. Parfois ces genres s\u2019interp\u00e9n\u00e8trent&nbsp;: une chronique, par exemple, peut se transformer en journal, ou inversement. Il s\u2019agit de textes g\u00e9n\u00e9ralement non destin\u00e9s \u00e0 la publication.<\/p>\n\n\n\n<p>A l\u2019\u00e9chelle europ\u00e9enne, la notion d\u2019<em>\u00e9crits personnels&nbsp;<\/em>est l\u2019une des terminologies retenues parmi d\u2019autres, qui ont valeur de synonyme dans diff\u00e9rentes langues, et qui toutes pr\u00eatent \u00e0 discussion&nbsp;:&nbsp;<em>\u00e9crits du for priv\u00e9&nbsp;<\/em>[1],&nbsp;<em>Selbstzeugnisse<\/em>,&nbsp;<em>scritture del s\u00e8<\/em>,&nbsp;<em>1st person writing<\/em>,&nbsp;<em>autobiographical writing&nbsp;<\/em>[2], ou encore&nbsp;<em>egodocuments&nbsp;<\/em>[3, 4], qui a l\u2019avantage de pouvoir s\u2019utiliser dans toutes les langues.<\/p>\n\n\n\n<p>Le d\u00e9bat reste ouvert quant \u00e0 la question de savoir exactement quels types de textes la notion d\u2019\u00e9crits personnels englobe ou non. On a ainsi questionn\u00e9 notamment la l\u00e9gitimit\u00e9 d\u2019y inclure ou non, au vu de leur caract\u00e8re \u00ab&nbsp;non volontaire&nbsp;\u00bb les t\u00e9moignages devant les tribunaux [5], les textes autobiographiques r\u00e9dig\u00e9s dans un cadre institutionnel (eccl\u00e9siastique, en particulier), et donc \u00e9galement prescrit [6], ou, en raison d\u2019une faible th\u00e9matisation du \u00ab&nbsp;je&nbsp;\u00bb, les chroniques \u00e0 caract\u00e8re principalement \u00e9v\u00e9nementiel [7, 8, 9].<\/p>\n\n\n\n<p>La tendance actuelle de la recherche est \u00e0 l\u2019\u00e9largissement de la cat\u00e9gorie [10], l\u2019aspect personnel (soit un point de vue individuel, certes jamais libre d\u2019influences mais comportant des jugements de valeur identifiables) ayant acquis autant d\u2019importance que la dimension strictement autobiographique (discours d\u2019un individu sur lui-m\u00eame et ses proches). Une tendance renforc\u00e9e par l\u2019\u00e9largissement de la recherche au-del\u00e0 de l\u2019aire europ\u00e9enne, qui impose la prise en compte d\u2019autres modalit\u00e9s d\u2019expression autobiographique [11]. M\u00eame le discours rapport\u00e9, \u00e9tudi\u00e9 notamment dans le cas de l\u2019empire ottoman, pourrait, \u00e0 certaines conditions, entrer dans la cat\u00e9gorie des \u00e9crits personnels [12].<\/p>\n\n\n\n<p><strong>R\u00e9f\u00e9rences<\/strong><\/p>\n\n\n\n<p>[1] \u00ab After ten years, I am not sure anymore that the term, we are using, in France is wholly appropriate. It tends to reduce the texts we want to study together, to just one of their dimensions, that one which paves the way towards the construction of modern self, which is a simplistic view. Like Kaspar von Greyerz, who has criticized the notion of \u2018egodocuments\u2019, I am coming to the conclusion that the term \u2018\u00e9crits du for priv\u00e9\u2019, although effective in the French context, obscures more than it helps communication on an European scale. \u00bb, Fran\u00e7ois-Joseph Ruggiu \u00e9d., \u00ab&nbsp;The Uses of first Person Writings on the \u2018Longue dur\u00e9e\u2019 (Africa, America, Asia, Europe)\u00bb, in F.-J. Ruggiu \u00e9d.,&nbsp;<em>The uses of first Person Writings (Africa, America, Asia, Europe)<\/em>, Bruxelles etc., Peter Lang, 2013, p. 11.<\/p>\n\n\n\n<p>[2] \u00ab&nbsp;I define autobiographical writing as any literary work that expresses lived experience from a first-person point of view. [\u2026] I realize that this is a problematic approach, especially since \u00ab&nbsp;autobiography&nbsp;\u00bb in this sense embraces so many forms that are, strictly speaking, not autobiographical.&nbsp;\u00bb James Amelang,&nbsp;<em>The Flight of Icarus. Artisan Autobiography in Early Modern Europe<\/em>, Stanford, Stanford University Press, 1998, p. 47.<\/p>\n\n\n\n<p>[3] \u00ab In the early 1950s the historian Jacques Presser invented a new word : \u00ab&nbsp;<em>egodocument<\/em>&nbsp;\u00bb. He proposed to use his neologism for diaries, personal letters and other forms of autobiographical writing [\u2026] those documents in which an ego intentionally or unintentionally discloses, or hides itself. Texts in which an author writes about his or her own acts, thoughts and feelings would be the shortest definition.\u00bb Rudolf Dekker,&nbsp;<em>Egodocuments and History<\/em>, 2002, p. 7.<\/p>\n\n\n\n<p>[4] \u00ab The historical subject we can grasp within and behind the autobiographies, diaries and family chronicles on offer is not an ego. It certainly has a self, whose external contours of personhood some of the documents in question may allow us to study. For all practical historical purposes, what we are looking at in self-narratives are primarily persons in their specific cultural, linguistic, material and, last but not least, social embeddedness. Ultimately a majority of these texts, most certainly early modern ones, probably tell us more about groups than they do about individuals.[\u2026] It may well be too late to stop the current rise in interest in the notion of ego-documents, although it seems unlikely that this will do justice to most early modern self-narratives. The category appears to be universally recognized, and even many specialists seem to assume that a cath-all basket is better than a more narrowly defined category.\u00bb Kaspar von Greyerz, \u00abEgo-documents: The Last Word?\u00bb,&nbsp;<em>German History&nbsp;<\/em>28\/3, 2010, p. 281.<\/p>\n\n\n\n<p>[5] \u00ab Darunter [= unter Ego-dokumente] sollen alle jene Quellen verstanden werden, die uns \u00fcber die Art und Weise informieren, in der ein Mensch Auskunft \u00fcber sich selbst gibt, unabh\u00e4ngig davon, ob dies freiwillig \u2013 also etwa in einem Brief oder in einem autobiographischen Text \u2013 oder durch andere Umst\u00e4nde bedingt geschieht.\u00bb Winfried Schulze,&nbsp;<em>Ego-Dokumente<\/em>, 1995, p. 10<\/p>\n\n\n\n<p>[6] \u00ab&nbsp;On entend par&nbsp;<em>\u00e9crits du for priv\u00e9<\/em>&nbsp;livres de raison, livres de famille, diaires, m\u00e9moires, autobiographies, journaux de toute nature (personnel ou \u00ab&nbsp;intime&nbsp;\u00bb, de voyage, de campagne, de prison\u2026) et de mani\u00e8re g\u00e9n\u00e9rale, tous les textes produits hors institution et t\u00e9moignant d\u2019une prise de parole personnelle d\u2019un individu sur lui-m\u00eame, les siens, sa communaut\u00e9.&nbsp;\u00bb www.Ecritsduforprive.fr\/presentation.htm<\/p>\n\n\n\n<p>[7] \u00ab Das \u00ab&nbsp;denckh B\u00fcechlin&nbsp;\u00bb, das die Priorin Verena Reiterin vom Kloster St. Wolfgang in Engen um 1653 geschrieben hat, ist zun\u00e4chst nicht als Selbstzeugnis zu bestimmen. \u00dcber mehrere Jahrzehnte berichtet sie nach Angaben ihrer aus Krankheitsgr\u00fcnden resignierten Vorg\u00e4ngerin und vermerkt sogar ihren eigenen Klostereintritt nur pauschal. Im letzten Teil dieser kleinen Chronik jedoch tritt die Schreiberin mehr und mehr hervor, vor allem in kritischen Situationen. Sie nennt sich zwar in der Regel mit Namen und f\u00fcgt nur selten ein Ich hinzu, aber nimmt ausdr\u00fccklich auf ihre spezifische Lage Bezug. Wir erfahren von ihren Krankheiten, ihren \u00c4ngsten, ihren Fluchten, ihrem zupackenden Eingreifen und von der prek\u00e4ren Lage, in die sie ger\u00e4t, als sie unter Mi\u00dfachtung der freien Wahl erst zur Subpriorin und sp\u00e4ter zur Priorin erhoben wird. Benigna von Krusenstjern, \u00abWas sind Selbstzeugnisse? Begriffskritische und quellenkundliche \u00dcberlegungen anhand von Beispielen aus dem 17. Jahrhundert\u00bb, Historische Anthropologie, vol. 2, No 3, 1994, p. 466.<\/p>\n\n\n\n<p>[8] \u00ab&nbsp;Savoir si la chronique est autobiographique ou non implique que l\u2019on tienne compte des modalit\u00e9s d\u2019expressions de la vie individuelle propres \u00e0 la p\u00e9riode et au groupe socio-\u00e9conomique auquel appartient le chroniqueur. L\u2019\u00e9l\u00e9ment autobiographique est, nous semble-t-il, composite. Loin de se limiter au seul parcours de vie, il peut appara\u00eetre sous forme d\u2019\u00e9tapes particuli\u00e8res de ce parcours \u2013 peut-\u00eatre secondaires \u00e0 nos yeux, mais pas \u00e0 ceux de l\u2019auteur \u2013 et par le biais des opinions personnelles exprim\u00e9es par ce dernier dans un moment et un contexte donn\u00e9s o\u00f9 il aurait&nbsp;<em>pu<\/em>&nbsp;agir. Il ne para\u00eet pas par ailleurs devoir \u00eatre limit\u00e9 aux apparitions d\u2019un \u00ab&nbsp;je&nbsp;\u00bb agissant. Ile se manifeste aussi dans la mani\u00e8re de pr\u00e9senter les faits, que le jugement soit implicite ou explicite.\u00bb Dani\u00e8le Tosato-Rigo,&nbsp;<em>La chronique de Jodocus Jost, miroir mental d\u2019un paysan bernois au XVIIe si\u00e8cle<\/em>, Lausanne, Soci\u00e9t\u00e9 d\u2019Histoire de la Suisse Romande, 2000, p. 187.<\/p>\n\n\n\n<p>[9] \u00ab Readers frequently inscribed almanacs with handwritten notes, and this kind of interaction between manuscript and print might plausibly be the most common form of sel-accounting in early modern England, played out around the edge of countless almanacs.\u00bb Adam Smyth,&nbsp;<em>Autobiography in Early modern England<\/em>, Cambridge, 2016 (<sup>1<\/sup>2010), p. 19.<\/p>\n\n\n\n<p>[10]<em>&nbsp;\u00ab Selbstzeugnisforschung&nbsp;<\/em>works with a more open understanding of sources and genres. Aside from diaries, memoirs and autobiographies, numerous other texts can count as self-narratives, such as letters, chronicles, family histories, travelogues, biographical dictionary entries or diplomatic records.\u00bb &nbsp; Gabriele Jancke, Claudia Ulbrich, \u00ab&nbsp;From the Individual to the Person&nbsp;\u00bb, in&nbsp;<em>Mapping the I\u2026<\/em>, Leiden, 2015, p. 18.<\/p>\n\n\n\n<p>[11] \u00ab In reality, in Arabic texts of the period 1500-1800, we can find self narratives incorporated in a variety of different genres. We find them in literary works and belles lettres; we find them in academic writings such as histories, chronicles and dictionaries. And of course they ca also be found in travel books and in the more personal genre of letter writing. In fact, except fort he religious sciences \u2013 studies of jurisprudence, of prophetic traditions and so on, writings which followed strict academic rules \u2013 almost every type of text was open to intervention from the \u2018I\u2019 author.\u00bb Nelly Hanna, \u00abSelf Narratives in Arabic Texts 1500-1800\u00bb, in J.-F. Ruggiu \u00e9d.,&nbsp;&nbsp;<em>The uses of first Person Writings (Africa, America, Asia, Europe), op. cit.,&nbsp;<\/em>p. 142.<\/p>\n\n\n\n<p>[12] \u00ab The limits of the genre [= Ego-Documents] should be drawn generously in order to allow for more texts to be included, texts that have come to light in the last thirty years \u2013 often quite unexpectedly \u2013 and were sometimes quite difficult to assess. With this in mind, I will analyze a short treatise (risale) that displays a particular constellation of several first-person narratives interlaced with third-person passages. The \u201cMenakib-i Sheykh Mehmed Emin Tokadi\u201d (Vita of Sheykh Mehmed Emin Tokadi) reflects the life and thought of Sheykh Mehmed Emin Tokadi (1664\u20131745), one of the more influential sheykhs of the 18th century Nakshbandiyya order of dervishes. One of his disciples, Seyyid Yahya Efendi (1711\u20131784), wrote down Mehmed Emin\u2019s pronouncements \u2013 in first person singular \u2013 but was not able to finish the work. One of his disciples, Seyyid Hasib \u00dcsk\u00fcdari (d. 1785\u201386), took over and wrote down the entire Vita.\u00bb Barbara Kellner-Heinkele \u00abThe Pearl in the Shell: Sheykh Mehmed Emin Tokadi\u2019s (d. 1745) Self-vita as scripted by Sheykh Seyyid Hasib \u00dcsk\u00fcdari\u00bb, cit\u00e9e par Selim Karahasano\u011flu, \u00abLearning from Past Mistakes and Living a Better Life: Report on the Workshop in Istanbul on Ottoman Ego-Documents\u00bb<strong>,&nbsp;<\/strong>Review of Middle East Studies, Vol. 54, No. 2 (D\u00e9cembre 2020), p. 299.<\/p>\n\n\n\n<p>Dani\u00e8le Tosato-Rigo, 2025<\/p>\n<\/details>\n\n\n\n<p><\/p>\n\n\n\n<p class=\"has-text-color has-link-color wp-elements-b9e4995e9e9047856c3e1d04e1d78aca\" style=\"color:#b01818\"><\/p>\n<\/div>\n<\/div>\n\n\n<p><!-- \/wp:post-content --><\/p>","protected":false},"excerpt":{"rendered":"<p>Par \u00e9crits personnels, on entend tout texte dans lequel une personne t\u00e9moigne d\u2019une prise de parole sur elle-m\u00eame, sur son proche entourage ou sa communaut\u00e9, ou, pour le moins, de &hellip; <\/p>\n","protected":false},"author":1511,"featured_media":0,"parent":0,"menu_order":0,"comment_status":"closed","ping_status":"closed","template":"","meta":{"_seopress_robots_primary_cat":"","_seopress_titles_title":"","_seopress_titles_desc":"","_seopress_robots_index":"","footnotes":""},"class_list":["post-5267","page","type-page","status-publish"],"_links":{"self":[{"href":"https:\/\/wp.unil.ch\/egodocuments\/wp-json\/wp\/v2\/pages\/5267","targetHints":{"allow":["GET"]}}],"collection":[{"href":"https:\/\/wp.unil.ch\/egodocuments\/wp-json\/wp\/v2\/pages"}],"about":[{"href":"https:\/\/wp.unil.ch\/egodocuments\/wp-json\/wp\/v2\/types\/page"}],"author":[{"embeddable":true,"href":"https:\/\/wp.unil.ch\/egodocuments\/wp-json\/wp\/v2\/users\/1511"}],"replies":[{"embeddable":true,"href":"https:\/\/wp.unil.ch\/egodocuments\/wp-json\/wp\/v2\/comments?post=5267"}],"version-history":[{"count":4,"href":"https:\/\/wp.unil.ch\/egodocuments\/wp-json\/wp\/v2\/pages\/5267\/revisions"}],"predecessor-version":[{"id":5675,"href":"https:\/\/wp.unil.ch\/egodocuments\/wp-json\/wp\/v2\/pages\/5267\/revisions\/5675"}],"wp:attachment":[{"href":"https:\/\/wp.unil.ch\/egodocuments\/wp-json\/wp\/v2\/media?parent=5267"}],"curies":[{"name":"wp","href":"https:\/\/api.w.org\/{rel}","templated":true}]}}