{"id":2164,"date":"2019-03-11T14:28:09","date_gmt":"2019-03-11T13:28:09","guid":{"rendered":"http:\/\/wp.unil.ch\/egodocuments\/?page_id=2164"},"modified":"2025-12-10T13:58:55","modified_gmt":"2025-12-10T12:58:55","slug":"editions-domaine-suisse","status":"publish","type":"page","link":"https:\/\/wp.unil.ch\/egodocuments\/bibliographie\/editions-domaine-suisse\/","title":{"rendered":"Editions (domaine suisse)"},"content":{"rendered":"<p style=\"text-align: justify\"><span style=\"color: #993300\">[a MARCA Clemente Maria]\u00a0 <\/span><em>Il diario del Governatore Clemente Maria a Marca 1792-1819 con la continuazione scritta dai figli Ulrico e Giuseppe 1819-1830<\/em>, a cura di Martina a MARCA e Cesare SANTI, edito da Societ\u00e0 Storica Grigione, Societ\u00e0 per la Ricerca sulla Cultura Grigione, Pro Grigone Italiano, Fondazione Archivio a Marca, Mesocco, Fondazione Archivio a Marca, 1999.<\/p>\n<p style=\"text-align: justify\"><span style=\"color: #993300\">[ANHORN Bartholom\u00e4us] <\/span><em>Vita Bartholomaei Anhornii. Die Autobiographie des Pfarrers Bartholom\u00e4us Anhorn (1566\u20131640) aus der Zeit der B\u00fcndner Wirren<\/em>,\u00a0Edition von Lorenz HEILIGENSETZER und Ursus BRUNOLD, Chur, 2015.<\/p>\n<p style=\"text-align: justify\"><span style=\"color: #993300\">[ANNONI Hieronymus]\u00a0<\/span> <em>Dem rechten Glauben auf der Spur. Eine Bildungsreise durch das Elsa\u00df, die Niederlande, B\u00f6hmen und Deutschland. Das Reisetagebuch des Hieronymus Annoni von 1736<\/em>, Johannes BURKHART, Hildegard GANTNER-SCHLEE, Michael KNIERIMK (Hg.), Z\u00fcrich, Theologischer Verlag, 2006.<\/p>\n<p style=\"text-align: justify\"><span style=\"color: #993300\">[BARBIERI Giovanni Domenico] <\/span><em>Giovanni Domenico Barbieri (1704-1764). Ein Graub\u00fcndner als Hofmaurermeister des F\u00fcrstbischofs von Eichst\u00e4tt. Autobiographie und Ausgabenjournal<\/em>, hrsg. im Auftrag des Rotary Clubs Eichst\u00e4tt-Altm\u00fchltal von Silvio MARGADANT und Emanuel BRAUN mit einer Einleitung von Massimo LARDI und Anmerkungen von Cesare SANTI und Brun APPEL = <em>Giovanni Domenico Barbieri (1704-1764). Un capomastro di corte grigione al servizio del Principe Vescovo di Eichst\u00e4tt. Autobiografia e contabilit\u00e0<\/em>, a cura di Silvio MARGADANT e Emanuel BRAUN, su incarico del Rotary Club Eichst\u00e4tt-Altm\u00fchltal con presentazione di Massimo LARDI e note di Cesare SANTI e Brun APPEL, Regensburg, Schnell + Steiner, 2004.<\/p>\n<p><span style=\"color: #993300\">[BERTHOUD Jonas Henri] <span style=\"color: #000000\"><em>Souvenirs. Une vie au Val-de-Travers<\/em>, \u00e9dit\u00e9 par Jean-Pierre Jelmini, Neuch\u00e2tel, 2023.<\/span><\/span><\/p>\n<p style=\"text-align: justify\"><span style=\"color: #993300\">[BISCHOFF Johannes]<\/span> <em>Der Sankt Galler Jurist Johannes Bischoff in Italien<\/em>,\u00a0 Andreas REHBERG(hg.), in \u00ab\u00a0Nach Rom gehen\u2026\u00a0\u00bb, Wien, 2021, S. 215-236.<\/p>\n<p style=\"text-align: justify\"><span style=\"color: #993300\">[B\u00d6SCH Alexander] <\/span><em>\u00ab\u00a0Liber familiarum personalium, das ist, Verzeichnus wass sich mit mir, und der meinigen in meiner hausshaltung, sonderliches begeben und zugetragen hatt\u00a0\u00bb.<\/em> <em>Lebensbericht und Familiengeschichte des Toggenburger Pfarrers Alexander B\u00f6sch (1618-1793)<\/em>, hg. von Lorenz HEILIGENSETZER, Basel, 2001.<\/p>\n<p style=\"text-align: justify\"><span style=\"color: #993300\">[BOSSHARD Heinrich] <\/span><em>Henrich Bosshard (von R\u00fcmikon). Eines Schweizerischen Landmannes Lebensgeschichte<\/em>, hg. von Daniel SCHMID, Elsau, 2005.<\/p>\n<p style=\"text-align: justify\"><span style=\"color: #993300\">[BR\u00c4KER Ulrich]<\/span>\u00a0<em>Ulrich Br\u00e4ker, S\u00e4mtliche Schriften, 1-3 : <\/em>Tageb\u00fccher\u00a0 1768-1798, hg. von Claudia HOLLIGER-WIESMANN, Andreas B\u00dcRGI, Alfred MESSERLI, Heinz GRABER, M\u00fcnchen\/ Bern, 1998.<\/p>\n<p style=\"text-align: justify\"><span style=\"color: #993300\">[BR\u00c4KER Ulrich] <\/span><em>Ulrich Br\u00e4ker, S\u00e4mtliche Schriften, 4: Lebensgeschichte und vermischte Schriften<\/em>, hg. von Claudia HOLLIGER-WIESMANN, Andreas B\u00dcRGI, \u00a0Alfred MESSERLI, Heinz GRABER, M\u00fcnchen\/ Bern, 2000.<\/p>\n<p style=\"text-align: justify\"><span style=\"color: #993300\">[BRUCKNER-EGLINGER Ursula] <\/span><em>\u00ab\u00a0Heute war ich bei Liselotte in der Visite\u00a0\u00bb. Die Tageb\u00fccher der Basler Pfarrersfrau Ursula Bruckner-Eglinger, 1816-1833<\/em>, hg. von Bernadette HABENBUCH, Basel, 2014.<\/p>\n<p style=\"text-align: justify\"><span style=\"color: #993300\">[BURLAMACCHI Vincent] <\/span><em>Vincenzo Burlamacchi.<\/em> <em>Libro di ricordi degnissimi delle nostre famiglie<\/em>,\u00a0a cura di Simonetta ADORNI-BRACCESI, Roma, 1993.<\/p>\n<p style=\"text-align: justify\"><span style=\"color: #993300\">[CANDOLLE Pyrame de]<\/span> <em>\u00a0M\u00e9moires et souvenirs (1778-1841)<\/em>, Jean-Daniel CANDAUX (\u00e9d.), Gen\u00e8ve, 2004.<\/p>\n<p><span style=\"color: #993300\">[CHAVANNES Herminie] <\/span>Herminie Chavannes. C&rsquo;est bien dans la Babylone moderne que je me rends seule. Journal d&rsquo;un voyage \u00e0 Paris en 1827, \u00e9d. par dave Luthi, Lausanne, Ed. d&rsquo;En Bas, 2023.\u00a0\u00a0\u00a0<\/p>\n<p style=\"text-align: justify\"><span style=\"color: #993300\">[COLLADON ESA\u00cfE] <span style=\"color: #000000\">Journal (1600-1609), texte introduit et annot\u00e9 par Patrice Delpin, Cahiers d&rsquo;Humanisme et Renaissance, n\u00b0 180, Gen\u00e8ve, 2022.\u00a0<\/span><\/span><\/p>\n<p style=\"text-align: justify\"><span style=\"color: #993300\">[CONSTANT Benjamin] <\/span><em>Benjamin Constant. Journaux intimes<\/em>, \u00e9dition de Jean-Marc ROULIN, Paris, 2017 [1952].<\/p>\n<p style=\"text-align: justify\"><span style=\"color: #993300\">[CONSTANT Charles de]<\/span>\u00a0<em>Charles de Constant. Un Genevois dans les Alpes. Voyages en Suisse et en Savoie 1812-1833<\/em>, Olivier PAVILLON et Antoinette LERESCHE (\u00e9d.), Lausanne, 2002.<\/p>\n<p style=\"text-align: justify\"><span style=\"color: #993300\">[DIESBACH Ludwig von] <\/span><em>Die autobiographischen Aufzeichnungen Ludwig von Diesbachs<\/em>, herausgegeben und kommentiert von Urs Martin ZAHND, Bern, 1986.<\/p>\n<p style=\"text-align: justify\"><span style=\"color: #993300\">[DU FAY DE LAVALLAZ Pierre Aloys]<\/span> <em>Les trois r\u00e9cits autobiographiques du P. Martin Du Fay de Lavallaz (1755-1832) suivis de 56 pi\u00e8ces in\u00e9dites<\/em>, Andr\u00e9 DONNET et al. (\u00e9d), \u00ab\u00a0Vallesia\u00a0\u00bb<em>,<\/em> 1989, p.1-60.<\/p>\n<p style=\"text-align: justify\"><span style=\"color: #993300\">[EYNARD-LULLIN Anna ] <\/span>CHALLAND Beno\u00eet, DAFFLON Alexandre, WALKER Jim (\u00e9d.), <em>Jean de Montenach, Anna Eynard-Lullin,\u00a0Journaux du Congr\u00e8s. Vienne 1814-1815<\/em>, Fribourg, 2015.<\/p>\n<p style=\"text-align: justify\"><span style=\"color: #993300\">[FELS, Hans Richard von] <\/span><em>Tagebuch einer Reise von St. Gallen nach Genf im Jahre 1788,<\/em> in Jahrbuch : Schweizerische Gesellschaft f\u00fcr Familienforschung,\u00a0 Basel, 1981, S. 97-139.<\/p>\n<p style=\"text-align: justify\"><span style=\"color: #993300\">[FEHR Johannes]<\/span> <em>St Gallen im 17. Jahrhundert : die \u00ab\u00a0Chronik\u00a0\u00bb des Johannes Fehr, <\/em>Ernst ZIEGLE (hg.), Rorschacher Neujahrsblatt, Jg. 83 (1993), S. 72-98.<\/p>\n<p style=\"text-align: justify\"><span style=\"color: #993300\">[FLOURNOY Jaques] <\/span><em>Jaques Flournoy. Journal 1675-1692<\/em>, Olivier FATIO (\u00e9d.), Gen\u00e8ve, 1994.<\/p>\n<p style=\"text-align: justify\"><span style=\"color: #993300\">[FR\u00caNE Th\u00e9ophile R\u00e9my] <\/span><em>Th\u00e9ophile R\u00e9my Fr\u00eane, Journal de ma vie<\/em>, BANDELIER Andr\u00e9 et al. (\u00e9d.), Porrentruy, 5 vol., 1993-1994.<\/p>\n<p style=\"text-align: justify\"><span style=\"color: #993300\">[GRASS Lukas und M\u00dcLLER Jodok]<\/span> <em>\u00dcber den Spl\u00fcgen nach Rom. Die Reise der Patres Lukas Grass und Jodok M\u00fcller (1699), <\/em>in <em>\u00ab <\/em>Itinera Italica : R\u00f6mische Tageb\u00fccher aus dem Kloster Sankt Gallen : Diari romani dal monastero di San Gallo <em>\u00bb<\/em>. Band 1: Anreise nach Rom = Viaggio verso Roma, ed. Peter ERHART &amp; Luigi COLLARILE, \u00a0Wien\/Bozen, Folio, 2015, S. 97-106.<\/p>\n<p style=\"text-align: justify\"><span style=\"color: #993300\">[GUGGER Coelestin und FRANK Bernhard]<\/span> <em>\u00dcber den Gotthard nach Rom. Die Reise der Patres Coelestin Gugger und Bernhard Frank (1729), <\/em>in <em>\u00ab <\/em>Itinera Italica : R\u00f6mische Tageb\u00fccher aus dem Kloster Sankt Gallen: Diari romani dal monastero di San Gallo <em>\u00bb<\/em>. Band 1: Anreise nach Rom = Viaggio verso Roma \/ Peter ERHART &amp; Luigi COLLARILE, \u00a0Wien\/Bozen,\u00a0 Folio, 2015, S. 117-135.<\/p>\n<p style=\"text-align: justify\"><span style=\"color: #993300\">[GUIGUER DE PRANGINS Louis-Fran\u00e7ois] <\/span><em>Journal<\/em>, \u00e9dit\u00e9 et annot\u00e9 par Rinantonio\u00a0VIANI, Prangins, Association des Amis du Ch\u00e2teau de Prangins, 3 t., 2007-2009.<\/p>\n<p style=\"text-align: justify\"><span style=\"color: #993300\">[GUISAN Jean Samuel] <\/span><em><span style=\"color: #000000\">Jean Samuel Guisan. <\/span>Le Vaudois des terres noy\u00e9es, ing\u00e9nieur \u00e0 la Guyane fran\u00e7aise, 1777-1791<\/em>, pr\u00e9sent\u00e9 par Olivier PAVILLON, Yannick LE ROUX, Kristen SARGE, Gilbert COUTAZ Lausanne, 2012.<\/p>\n<p style=\"text-align: justify\"><span style=\"color: #993300\">[G\u00dcNTZER Augustin] <\/span><em>Augustin\u00a0 G\u00fcntzer.\u00a0Kleines\u00a0 Biechlin\u00a0 von\u00a0 meinem\u00a0 gantzen\u00a0 Leben.\u00a0 Die\u00a0 Autobiographie\u00a0 eines\u00a0 Els\u00e4sser\u00a0 Kannengie\u00dfers\u00a0 aus\u00a0 dem\u00a0 17.\u00a0 Jahrhundert<\/em>, ediert\u00a0 und\u00a0 kommentiert\u00a0 von\u00a0 Fabian\u00a0 BR\u00c4NDLE\u00a0 und Dominik\u00a0 SIEBER, K\u00f6ln\/ Weimar\/ Wien,\u00a0 2002.<\/p>\n<p style=\"text-align: justify\"><span style=\"color: #993300\">[G\u00dcNTZER Augustin] <\/span><em>Augustin\u00a0 G\u00fcntzer,<\/em>\u00a0\u00a0<em>L\u2019histoire\u00a0 de\u00a0 toute\u00a0 ma\u00a0 vie.\u00a0 Autobiographie\u00a0 d\u2019un\u00a0 potier\u00a0 d\u2019\u00e9tain\u00a0 calviniste\u00a0 du\u00a0 XVIIe\u00a0 si\u00e8cle, <\/em>traduction\u00a0 de\u00a0 l\u2019\u00e9dition\u00a0 comment\u00e9e\u00a0 de\u00a0 F.\u00a0 BRANDLE et D.\u00a0 SIEBER,\u00a0 par\u00a0 Monique\u00a0 DEBUS-KEHR, Paris,\u00a0 2010.<\/p>\n<p style=\"text-align: justify\"><span style=\"color: #993300\">[HUC-MAZELET Jeanne] <\/span><em>Jeanne Huc-Mazelet,\u00a0\u00ab\u00a0Je suis moi, ils sont eux.\u00a0\u00bb Journal et lettres d&rsquo;une gouvernante \u00e0 la cour de Russie, 1790-1804<\/em>, texte \u00e9dit\u00e9, pr\u00e9sent\u00e9 et annot\u00e9 par Dani\u00e8le TOSATO-RIGO, Denise FRANCILLON et Genevi\u00e8ve HELLER, Lausanne, 2018.<\/p>\n<p style=\"text-align: justify\"><span style=\"color: #993300\">[JAQUEREZ Jean-Henry] <\/span><em>M\u00e9moires du Petit Henry<\/em>, pr\u00e9face et notes de Pierre et Liliane REBETEZ, Porrentruy, 1982.<\/p>\n<p style=\"text-align: justify\"><span style=\"color: #993300\">[JOST Jodocus] <\/span><em>La chronique de Jodocus Jost : miroir du monde d&rsquo;un paysan bernois au XVIIe si\u00e8cle<\/em>, \u00e9d. par Dani\u00e8le TOSATO-RIGO , Lausanne, SHSR, 2009, p. 49-91 ; 317-340.\u00a0<\/p>\n<p style=\"text-align: justify\"><span style=\"color: #993300\">[LAUBERER Mathias] <\/span><em>Lauberer Mathias,<\/em> <em>Vater und Sohn\u00a0: \u00ab\u00a0Mein haussbiechlin\u00a0\u00bb. Schreibende Schuhmacher im 17. Jahrhundert<\/em>, heraugegeben und kommentiert von Fabian BR\u00c4NDLE und Sebastian LEUTERT, Basel, 2005.<\/p>\n<p><span style=\"color: #993300\">[LEMAN] <\/span>\u00a0<em>Ulrich Lemans Reisen : Erfahrungen eines Kaufmanns aus Sankt-Gallen vom Ende des 15. Jahrhundert im Mittelmeer und in der Provence<\/em>, hg. von Monika Reininger, W\u00fcrzburg, 2007 (Diss. W\u00fcrzburg 2000).<\/p>\n<p style=\"text-align: justify\"><span style=\"color: #993300\">[MALESHERBES Chr\u00e9tien Guillaume de Lamoignon, de] <\/span><em>Chr\u00e9tien Guillaume de Lamoignon de Malesherbes, Voyage des Montagnes <\/em><em>neuch\u00e2teloises<\/em>, extrait du journal autographe in\u00e9dit de son\u00a0<em>Voyage en Suisse<\/em> en \u00e9t\u00e9 1778, introduction, transcriptions et annotations de M\u00e9lanie BART GADAT et Roland KAEHR, \u00e9dit\u00e9 et mis en page par Roland KAEHR, Gen\u00e8ve, Editions Slatkine, 2011.<\/p>\n<p style=\"text-align: justify\"><span style=\"color: #993300\">[MALLET Jacques-Andr\u00e9] <\/span>\u00ab L&rsquo;astronome aux champ<span style=\"color: #000000\">s. L<\/span>e journal de Jacques-Andr\u00e9 Mallet sur le domaine d&rsquo;Avully en Genevois (1773-1789)\u00a0\u00bb, Fulgence DELLEAUX (\u00e9d.), <em>Histoire &amp; Soci\u00e9t\u00e9s Rurales<\/em>, 1\u00e8re partie, 2009\/1 (Vol. 31), p. 141-194 ; 2e partie,\u00a0 2009\/2 (Vol. 32), p. 135-197.\u00a0<\/p>\n<p style=\"text-align: justify\"><span style=\"color: #993300\">[MARGOT Pierre-Daniel] <\/span><em>Le cahier du r\u00e9gent Margot (\u00ab\u00a0Recueil de quelque chose remarquable fait par moi, Pierre-Daniel Margot, de Jean-Pierre feu Daniel, feu Jean-Fran\u00e7ois, feu Daniel dit \u00ab\u00a0du Cr\u00eat\u00a0\u00bb, 1774-1834)<\/em>, avec une notice biographique de Bernard SIMON, Josette JOSEPH et Jean-Claude PIGUET, Sainte-Croix, 2002.<\/p>\n<p style=\"text-align: justify\"><span style=\"color: #993300\">[MATOSSI Gian Giacomo (1753-1838)] <\/span><em>L&rsquo;autobiografia di Gian Giacomo Matossi<\/em>, in \u00ab Bollettino della Societ\u00e0 Storica Val Poschiavo \u00bb, Daniele PAPACELLA\u00a0 (ed.), Anno 10, maggio 2006, pp. 12-20.<\/p>\n<p style=\"text-align: justify\"><span style=\"color: #993300\">[MAURIZIO Giacomo (1762-1831)] <\/span><em>Storia, avventure e vita di me, <\/em>in \u00ab Quaderni Grigionitaliani \u00bb, anno 50 (1981) n. 1 pp. 43-56, n. 2 pp. 107-119, n. 3 pp. 197-204, n. 4 pp. 251-257; Anno 51 (1982) n. 1 pp. 28-41, n. 2 pp. 173-177, n. 3 pp. 238-251, n. 4 pp. 334-355.<\/p>\n<p><span style=\"color: #993300\">[MAYR Johann Heinrich]<\/span> <em>Meine Lebenswanderung : historisch-kritische Edition der autobiografischen Schriften von Johann Heinrich Mayr, <\/em>hrsg. von Kurt BUENZLI et al., Frauenfeld, 2010, 4 Bde.<\/p>\n<p style=\"text-align: justify\"><span style=\"color: #993300\">[MONTENACH Jean de] <\/span><em>Jean de Montenach, Anna Eynard-Lullin,\u00a0Journaux du Congr\u00e8s. Vienne 1814-1815<\/em>, \u00a0Beno\u00eet CHALLAND,\u00a0 Alexandre DAFFLON, Jim WALKER (\u00e9d.), Fribourg, 2015.<\/p>\n<p><span style=\"color: #993300\">[MOREL n\u00e9e DE GELIEU, Isabelle]<\/span>, <em>Journal 1819-1834<\/em>, Fran\u00e7ois Noirjean et Jorge da Silva (\u00e9d.), Neuch\u00e2tel, \u00e9d. Alphil, 2020.<\/p>\n<p style=\"text-align: justify\"><span style=\"color: #993300\">[M\u00dcLLER Georg Franz]<\/span> <em>Der \u00abIndianer\u00bb im Kloster Sankt Gallen: Georg Franz M\u00fcller (1646-1723). Ein weltreisender des 17. Jahrhunderts<\/em>, Sankt Gallen, 2015 (2. Revidierte Auflage).<\/p>\n<p style=\"text-align: justify\"><span style=\"color: #993300\">[ORELLI-ESCHER Regula von] <\/span><em>Orelli-Escher Regula von (1757-1829)\u00a0: Selbstzeugnisse aus dem Umfeld von\u00a0 J.C. Lavate<\/em>r, hg. von Gustav W. VON SCHULTHESS, St\u00e4fa, 2001.<\/p>\n<p style=\"text-align: justify\"><span style=\"color: #993300\">[PICTET Jean-Louis et MALLET Jacques-Andr\u00e9]<\/span> <em>Deux astronomes genevois dans la Russie de Catherine II. Journaux de voyage en Laponie de Jean-Louis Pictet et Jacques-Andr\u00e9 Mallet pour observer le passage de V\u00e9nus devant le disque solaire 1768-1769<\/em>, Jean-Daniel CANDAUX et al. (\u00e9d.), Paris, Centre international d\u2019Etude du XVIIIe si\u00e8cle, 2005.<\/p>\n<p style=\"text-align: justify\"><span style=\"color: #993300\">[PILLIER Franz Lorenz] <\/span><em>Die Aufzeichnungen von Franz Lorenz Pillier, <\/em>ed. Christoph UITING, in Peter ERHARDT (hsg.), \u00abF\u00fcrstabt Celestino Sfondrati von St. Gallen 1696 als Kardinal in Rom\u00bb, Wien ; K\u00f6ln ; Weimar, B\u00f6hlau Verlag, 2019, S. 245-304.<\/p>\n<p style=\"text-align: justify\"><span style=\"color: #993300\">[PLATTER Thomas] <\/span><em>Lebensbeschreibung<\/em>, hg. von Alfred HARTMANN, 2. Auflage durchgesehen und erg\u00e4nzt von Ueli DILL, Basel, 1999.<\/p>\n<p style=\"text-align: justify\"><span style=\"color: #993300\">[PYTHON Fran\u00e7ois-Prosper] <\/span><em>Strambino, un \u00e9v\u00eaque sous surveillance\u00a0: d\u2019apr\u00e8s le journal du conseiller Python (1675-1676)<\/em>, \u00e9d. par Lucas RAPPO, Fribourg, 2014.<\/p>\n<p style=\"text-align: justify\"><span style=\"color: #993300\">[RITTER Dominikus] <\/span><em>Das Reisetagebuch von P. Dominikus Ritter. <\/em>Edition und \u00dcbersetzung von Helena Lea M\u00dcLLER in Peter ERHARDT (hsg.), \u00ab F\u00fcrstabt Celestino Sfondrati von St. Gallen 1696 als Kardinal in Rom \u00bb,, Wien ; K\u00f6ln ; Weimar, B\u00f6hlau Verlag, 2019, S. 222-241.<\/p>\n<p style=\"text-align: justify\"><span style=\"color: #993300\">[R\u00dcTINER Johannes] <\/span><em>R\u00fctiner,\u00a0 Johannes,\u00a0 Diarium\u00a0 1629-1539<\/em>.\u00a0Lateinischer Text und \u00dcberstzung, Einf\u00fchrung und Register, hg. \u00a0von Ernst\u00a0 Gerhard\u00a0 RUSCH, \u00a0St.\u00a0 Gallen\u00a0 1996\u00a0 (4\u00a0 Textb\u00e4nde,\u00a0 1\u00a0 Kommentarband).<\/p>\n<p><span style=\"color: #993300\">[SAUSSURE Albertine de] <span style=\"color: #000000\">Saussure Albertine de, Si je ne suis pas heureuse, qui est-ce qui le sera ? Extrait du journal de jeunesse 1776-1782, \u00e9d. Sylvie Moret Petrini et Elena Link, Lausanne, Ed. d\u2019En Bas, 2025.<\/span><\/span><\/p>\n<p style=\"text-align: justify\"><span style=\"color: #993300\">[SCHENK Hermann] <\/span><em>Elogium und Tagebuch von P. Hermann Schenk. Edition und \u00dcbersetzung, <\/em>Verfasserin: Helena Lea M\u00fcller, in \u00ab F\u00fcrstabt Celestino Sfondrati von St. Gallen 1696 als Kardinal in Rom \u00bb, bearbeitet von Helena M\u00dcLLER, Christoph UITING, Federica Germana GIORDANI Giuanna BEELI und Birgit HEINZLE ; herausgegeben von Peter ERHART, Wien ; K\u00f6ln ; Weimar,\u00a0 B\u00f6hlau Verlag, 2019, S. 100-221.<\/p>\n<p style=\"text-align: justify\"><span style=\"color: #993300\">[SCHILDKNECHT Franz Anton Justin] <\/span><em>Etwas und nicht alles aus meiner bisherigen Lebensgeschichte &#8230; : die Autobiografie des Gossauer Arztes Franz Anton Justin Schildknecht (1778-1838), <\/em>hg. von Wolfgang G\u00d6LDI, in Oberberger Bl\u00e4tter,\u00a0 2008\/2009, S. 59-95.<\/p>\n<p style=\"text-align: justify\"><span style=\"color: #993300\">[SCHWEIGHAUSER, Johann Conrad] <\/span><em>Das Familienbuch des Johann Conrad Schweighauser. Ein Basler Selbstzeugnis aus den Jahren 1663-1712,<\/em> herausgegeben und kommentiert von Silvia FLUBACHER und Simone ZWEIFEL, Basel, 2012.<\/p>\n<p style=\"text-align: justify\"><span style=\"color: #993300\">[SENARCLENS S\u00e9bastien] <\/span>\u00a0<em>Journal de S\u00e9bastien de Senarclens, de Versailles \u00e0 Bursins<\/em>, Catherine SANTSCHI (\u00e9d.), Soci\u00e9t\u00e9 d\u2019histoire de la Suisse Romande, 2017.<\/p>\n<p style=\"text-align: justify\"><span style=\"color: #993300\">[STAAL Hans Jakob vom] <\/span><em>Hans Jakob vom Staals Reisenotizen und Testament von 156<\/em>7, Rolf Max KULLY (hg.), \u00a0Ver\u00f6ffentlichungen der Zentralbibliothek 20, Solothurn, 1993.<\/p>\n<p style=\"text-align: justify\"><span style=\"color: #993300\">[<span class=\"\" lang=\"DE-CH\">SURY\/BESENVAL<\/span>] <\/span><span class=\"\" lang=\"DE-CH\">Sury\/Besenval, \u00ab <em>J\u00e4hriger Ra\u00ff\u00df Beschreibung \u00bb. Eine Europareise in den Jahren 1661 und 1662<\/em>, ausgef\u00fchrt von vier Solothurner\u00a0 Patriziern, 2 B\u00e4nde, herausgegeben von Thomas Franz SCHNEIDER (Ver\u00f6ffentlichungen der Zentralbibliothek 24), Basel, 1997.<\/span><\/p>\n<p style=\"text-align: justify\"><span style=\"color: #993300\">[TURRETTINI Michel] <\/span>FATIO Olivier (\u00e9d.), <em>M\u00e9moires du pasteur et professeur Michel Turrettini, seigneur de Turretin, 1644-1720<\/em>, Neuch\u00e2tel, 2018.<\/p>\n<p style=\"text-align: justify\"><span style=\"color: #993300\">[VAUCHER Jean-Pierre-Etienne]<\/span> <em>Journal de mon s\u00e9jour \u00e0 Paris (1782), <\/em>Edition critique par Patrick BUNGENER et Nathalie VUILLEMIN, avec la collaboration de Marc RATCLIFF, Gen\u00e8ve, Slatkine, 2012.<\/p>\n<p style=\"text-align: justify\"><span style=\"color: #993300\">[VOGLER Hans] <\/span><em>Das Familienbuch Hans Voglers des \u00c4lteren und des J\u00fcngeren aus dem St. Galler Rheintal. Ein Zeugnis h\u00e4uslichen Schriftgebrauchs am Ende des 15. Jahrhunderts,<\/em> herausgegeben und kommentiert von Alexa RENGGLI, Basel, 2010.<\/p>\n<p style=\"text-align: justify\"><span style=\"color: #993300\">[WALSER Iso und RUTTIMANN Antonin] <\/span><em>\u00dcber den Brenner nach Rom. Die Reise der Patres Iso Walser und Antonin R\u00fcttimann (1748) <\/em>in \u00ab Itinera Italica : R\u00f6mische Tageb\u00fccher aus dem Kloster Sankt Gallen : Diari romani dal monastero di San Gallo \u00bb. Band 1: Anreise nach Rom = Viaggio verso Roma \/ ed. Peter ERHART &amp; Luigi COLLARILE, \u00a0Wien\/Bozen, Folio, 2015, S. 155-191.<\/p>\n<p style=\"text-align: justify\"><span style=\"color: #993300\">[WALSER Iso und RUTTIMANN Antonin] <\/span><em>Der Aufenthalt der Patres Antonin R\u00fcttimann und Iso Walser in Rom, ein Ausflug nach Subiaco, Monte Cassino und Neapel, sowie die R\u00fcckreise (1748\/1749),<\/em> in \u00ab Itinera Italica : R\u00f6mische Tageb\u00fccher aus dem Kloster Sankt Gallen : Diari romani dal monastero di San Gallo \u00bb. Band 2: Aufenthalt in Italien und R\u00fcckreise = Soggiorno in Italia e viaggio di ritorno \/ ed. Peter ERHART &amp; Luigi COLLARILE,\u00a0 Wien\/Bozen, Folio, 2016, S. 179-219.<\/p>\n<p><span style=\"color: #993300\">[WEITNAUER Joachim] <span style=\"color: #000000\">Kevin Heiniger (Hg.), <\/span><\/span>Ein Basler Tapezierer in Paris. Joachim Weitnauer und sein Reisetagebuch von 1807, Basel, 2022.<\/p>\n<p><em>Un\u2019illusione di femminile semplicit\u00e0. <span style=\"color: #993300\"><a style=\"color: #993300\" href=\"https:\/\/boris.unibe.ch\/160598\/1\/Illusione_di_femminile_semplicita.pdf\">Gli\u00a0Annali\u00a0delle Orsoline di Bellinzona (1730-1848)<\/a><\/span>,<\/em> Miriam Nicoli e Franca Cleis (ed.), Prefazione di Querciolo Mazzonis, Collana : La memoria restituita, 15, 2021.<\/p>\n<h5><span style=\"color: #000000\"><strong>Editions digitales r\u00e9centes ou en cours <\/strong>(s\u00e9lection)<\/span><\/h5>\n<p><span style=\"color: #993366\"><a style=\"color: #993366\" href=\"https:\/\/www.dietrich-edition.unibe.ch\"><span style=\"color: #993300\">[DIETRICH Joseph]\u00a0<\/span><em><span style=\"color: #993300\"> \u00a0Das Kloster-Tagebuch des Einsiedler Paters Joseph Dietrich (1670-1704)<\/span><\/em><\/a><\/span><\/p>\n<p><span style=\"color: #993366\"><a style=\"color: #993366\" href=\"https:\/\/www.dietrich-edition.unibe.ch\"><span style=\"color: #993300\">[SULGER Johann Heinrich]<\/span><\/a><a style=\"color: #993366\" href=\"https:\/\/www.hist.uzh.ch\/de\/fachbereiche\/neuzeit\/lehrstuehle\/zaugg\/forschung\/projects\/Johann-Heinrich-Sulger.html\"><b> <\/b><span style=\"color: #993300\"><em>Digitale Edition und globale Mikrogeschichte: ein Basler Kolonials\u00f6ldner in der s\u00fcdostasiatischen Inselwelt des 17. Jahrhunderts<\/em><\/span><\/a><\/span><\/p>\n<p><span style=\"color: #993366\"><a style=\"color: #993366\" href=\"https:\/\/www.dietrich-edition.unibe.ch\"><span style=\"color: #993300\">[FISCHER Johann Conrad] <\/span><\/a><\/span><span style=\"color: #993300\"><a style=\"color: #993300\" href=\"https:\/\/johannconradfischer.com\/de\/1851\/2\"><em>Reiseberichte eines Pioniers: Digitale Edition der Reisetageb\u00fccher von Johann Conrad Fischer 1794\u20131851<\/em>. Herausgegeben von Franziska Eggimann<\/a>.<\/span> Bearbeitet von Franziska Eggimann, Nicolau Lutz, Valerija Rukavina und Christopher Zoller-Blundell. Schlatt 2023<\/p>\n<p style=\"text-align: justify\"><em>Cette bibliographie non exhaustive signale des \u00e9ditions de textes r\u00e9dig\u00e9s entre 1500 et 1820, parues depuis les ann\u00e9es 1980 qui concernent des scripteurs et scriptrices suisses ou entretenant un lien \u00e9troit avec la Suisse. Work in progress, elle est appel\u00e9e \u00e0 \u00e9voluer : les propositions d\u2019ajouts de la part de ses usagers et ses usag\u00e8res sont les bienvenues (&gt;<span style=\"color: #993300\"> <a style=\"color: #993300\" href=\"https:\/\/wp.unil.ch\/egodocuments\/contact\/\">Formulaire de contact<\/a>)<\/span>\u00a0!<\/em><\/p>\n\n\n<p><\/p>\n","protected":false},"excerpt":{"rendered":"<p>[a MARCA Clemente Maria]\u00a0 Il diario del Governatore Clemente Maria a Marca 1792-1819 con la continuazione scritta dai figli Ulrico e Giuseppe 1819-1830, a cura di Martina a MARCA e &hellip; <\/p>\n","protected":false},"author":1511,"featured_media":0,"parent":14,"menu_order":0,"comment_status":"closed","ping_status":"closed","template":"","meta":{"_seopress_robots_primary_cat":"","_seopress_titles_title":"","_seopress_titles_desc":"","_seopress_robots_index":"","footnotes":""},"class_list":["post-2164","page","type-page","status-publish"],"_links":{"self":[{"href":"https:\/\/wp.unil.ch\/egodocuments\/wp-json\/wp\/v2\/pages\/2164","targetHints":{"allow":["GET"]}}],"collection":[{"href":"https:\/\/wp.unil.ch\/egodocuments\/wp-json\/wp\/v2\/pages"}],"about":[{"href":"https:\/\/wp.unil.ch\/egodocuments\/wp-json\/wp\/v2\/types\/page"}],"author":[{"embeddable":true,"href":"https:\/\/wp.unil.ch\/egodocuments\/wp-json\/wp\/v2\/users\/1511"}],"replies":[{"embeddable":true,"href":"https:\/\/wp.unil.ch\/egodocuments\/wp-json\/wp\/v2\/comments?post=2164"}],"version-history":[{"count":5,"href":"https:\/\/wp.unil.ch\/egodocuments\/wp-json\/wp\/v2\/pages\/2164\/revisions"}],"predecessor-version":[{"id":5645,"href":"https:\/\/wp.unil.ch\/egodocuments\/wp-json\/wp\/v2\/pages\/2164\/revisions\/5645"}],"up":[{"embeddable":true,"href":"https:\/\/wp.unil.ch\/egodocuments\/wp-json\/wp\/v2\/pages\/14"}],"wp:attachment":[{"href":"https:\/\/wp.unil.ch\/egodocuments\/wp-json\/wp\/v2\/media?parent=2164"}],"curies":[{"name":"wp","href":"https:\/\/api.w.org\/{rel}","templated":true}]}}