{"id":12,"date":"2014-01-23T21:31:42","date_gmt":"2014-01-23T20:31:42","guid":{"rendered":"http:\/\/wp.unil.ch\/egodocuments\/?page_id=12"},"modified":"2025-09-04T09:05:08","modified_gmt":"2025-09-04T07:05:08","slug":"liens","status":"publish","type":"page","link":"https:\/\/wp.unil.ch\/egodocuments\/liens\/","title":{"rendered":"Liens"},"content":{"rendered":"\n<p class=\"has-medium-font-size\"><\/p>\n\n\n\n<p class=\"has-medium-font-size\"><strong>Allemagne<\/strong><\/p>\n\n\n\n<p class=\"has-text-color has-link-color has-medium-font-size wp-elements-280e02da33d9ec5742bb563e7abb0b3f\" style=\"color:#b01818\"><a href=\"https:\/\/tagebucharchiv.de\/\">Deutsches Tagebucharchiv<\/a><\/p>\n\n\n\n<p class=\"has-text-color has-link-color has-medium-font-size wp-elements-8c5dcf3b668321276cef85ba544eabd9\" style=\"color:#b01818\"><a href=\"https:\/\/www.mdsz.thulb.uni-jena.de\/sz\/index.php\">Mitteldeutsche Selbstzeugnisse aus der Zeit des Drei\u00dfigj\u00e4hrigen Krieges<\/a><\/p>\n\n\n\n<p class=\"has-text-color has-link-color has-medium-font-size wp-elements-3fd8a7c33a616b1356aa833dc925a621\" style=\"color:#b01818\"><a href=\"https:\/\/www.geschkult.fu-berlin.de\/e\/jancke-quellenkunde\/\">Selbstzeugnisse im Deutschsprachigem Raum<\/a><\/p>\n\n\n\n<p class=\"has-medium-font-size\"><strong>Autriche<\/strong><\/p>\n\n\n\n<p class=\"has-text-color has-link-color has-medium-font-size wp-elements-4a779015af7371d06c730561a8c3ad24\" style=\"color:#b01818\"><a href=\"https:\/\/sfn.univie.ac.at\/hauptmenue\/sammlung-frauennachlaesse\">Frauennachl\u00e4sse<\/a><\/p>\n\n\n\n<p class=\"has-medium-font-size\"><strong>Belgique<\/strong><\/p>\n\n\n\n<p class=\"has-text-color has-link-color has-medium-font-size wp-elements-0490a6e38b9ddb4b5dc59f7761c9da5b\" style=\"color:#b01818\"><a href=\"https:\/\/www.apabel.be\">Archives du patrimoine autobiographique<\/a><\/p>\n\n\n\n<p class=\"has-medium-font-size\"><strong>Canada<\/strong><\/p>\n\n\n\n<p class=\"has-text-color has-link-color has-medium-font-size wp-elements-52a177723f9a897114188f6a909fb65d\" style=\"color:#b01818\"><a href=\"https:\/\/www.archivespassememoire.org\">Archives Passe-m\u00e9moire<\/a><\/p>\n\n\n\n<p class=\"has-medium-font-size\"><strong>Espagne<\/strong><\/p>\n\n\n\n<p class=\"has-text-color has-link-color has-medium-font-size wp-elements-4af365ace1aba155dcc27822bad5d187\" style=\"color:#b01818\"><a href=\"https:\/\/www.memoriapersonal.eu\">El Archivo de la Memoria Personal. Base de datos relativos a escritos personales (dietarios, autobiograf\u00edas, etc.), de Catalu\u00f1a y de los territorios de habla catalana<\/a><\/p>\n\n\n\n<p class=\"has-medium-font-size\"><strong>France<\/strong><\/p>\n\n\n\n<p class=\"has-text-color has-link-color has-medium-font-size wp-elements-402abc80f89bf2243fabc8f3e01daf9f\" style=\"color:#b01818\"><a href=\"https:\/\/www.autopacte.org\">Autopacte. Ecriture autobiographique sous toutes ses formes<\/a><\/p>\n\n\n\n<p class=\"has-text-color has-link-color has-medium-font-size wp-elements-344e96dd7fadb69b14073993a5e84625\" style=\"color:#b01818\"><a href=\"https:\/\/ecritsduforprive.huma-num.fr\">Les \u00e9crits du for priv\u00e9 de la fin du Moyen-\u00e2ge \u00e0 1914<\/a><\/p>\n\n\n\n<p class=\"has-text-color has-link-color has-medium-font-size wp-elements-e124e331f005a334e1d36ba2d51531e5\" style=\"color:#b01818\"><a href=\"https:\/\/ecritspersonnels.huma-num.fr\/s\/ecritspersonnels\/page\/accueil\">\u00c9crits personnels, du Moyen Age au d\u00e9but du 20e si\u00e8cle<\/a><\/p>\n\n\n\n<p class=\"has-medium-font-size\"><strong>Grande-Bretagne<\/strong><\/p>\n\n\n\n<p class=\"has-text-color has-link-color has-medium-font-size wp-elements-993b1f9a8f05ae7b41f989ea6709d0df\" style=\"color:#b01818\"><a href=\"https:\/\/www.thegreatdiaryproject.co.uk\/\">The Great Diary Project<\/a><\/p>\n\n\n\n<p class=\"has-medium-font-size\"><strong>Italie<\/strong><\/p>\n\n\n\n<p class=\"has-text-color has-link-color has-medium-font-size wp-elements-d44a2aa9be5c7d0f42214600a14afcca\" style=\"color:#b01818\"><a href=\"https:\/\/www.archiviodistato.firenze.it\/memoriadonne\/\">Associazione archivio per la memoria e la scrittura delle donne Alessandra Contini Bonacossi<\/a><\/p>\n\n\n\n<p class=\"has-text-color has-link-color has-medium-font-size wp-elements-6967ce91ad427621222475c4b8eaf26f\" style=\"color:#b01818\"><a href=\"https:\/\/bilf.uniroma2.it\/\">Biblioteca Informatizzata dei Libri di Famiglia<\/a><\/p>\n\n\n\n<p class=\"has-text-color has-link-color has-medium-font-size wp-elements-92f03504c72b2b9f2e2dd75e3f5ead0b\" style=\"color:#b01818\"><a href=\"https:\/\/archiviodiari.org\/\">Fondazione archivio diaristico nazionale<\/a><\/p>\n\n\n\n<p class=\"has-medium-font-size\"><strong>Pays-Bas<\/strong><\/p>\n\n\n\n<p class=\"has-text-color has-link-color has-medium-font-size wp-elements-5cc6e9f5eae75a524b327513351df411\" style=\"color:#b01818\"><a href=\"https:\/\/www.egodocument.net\">Center for the Study of Egodocuments and History<\/a><\/p>\n\n\n\n<p class=\"has-text-color has-link-color has-medium-font-size wp-elements-b7202f9966ba3d6c74003259072c5980\" style=\"color:#b01818\"><a href=\"https:\/\/www.dagboekarchief.nl\">Nederlands Dagboekarchief<\/a><\/p>\n\n\n\n<p class=\"has-medium-font-size\"><strong>Pologne<\/strong><\/p>\n\n\n\n<p class=\"has-text-color has-link-color has-medium-font-size wp-elements-84583c40873c697a461b941d11da10cf\" style=\"color:#b01818\"><a href=\"https:\/\/egodokumenty.umk.pl\/?task=news&amp;action=all\">Egodocumental Research Group<\/a><\/p>\n\n\n\n<p class=\"has-medium-font-size\"><strong>Portugal<\/strong><\/p>\n\n\n\n<p class=\"has-text-color has-link-color has-medium-font-size wp-elements-27be68608cb6ce6afea66c3e90255cdb\" style=\"color:#b01818\"><a href=\"https:\/\/www.arquivodosdiarios.pt\/\">Arquivo dos Di\u00e1rios&nbsp;<\/a><\/p>\n\n\n\n<p class=\"has-medium-font-size\"><strong>Suisse<\/strong><\/p>\n\n\n\n<p class=\"has-text-color has-link-color has-medium-font-size wp-elements-6e81219441f152de4b5e99f24b804481\" style=\"color:#b01818\"><a href=\"https:\/\/www.archivesdelavieprivee.ch\">Archives de la vie priv\u00e9e, Gen\u00e8ve<\/a><\/p>\n\n\n\n<p class=\"has-text-color has-link-color has-medium-font-size wp-elements-b629479d9aa5bb4647289a42ecc4c83b\" style=\"color:#b01818\"><a href=\"https:\/\/archivesdelavieordinaire.ch\/\">Archives de la vie ordinaire, Neuch\u00e2tel<\/a><\/p>\n\n\n\n<p class=\"has-medium-font-size\"><strong>***<\/strong><\/p>\n\n\n\n<p><span style=\"color: #993300\"><strong><a style=\"color: #993300\" href=\"https:\/\/podcasts.apple.com\/us\/podcast\/papiers-de-famille-et-%C3%A9crits-personnels-entretien\/id1591386826?i=1000569991906\">\u00ab Papiers de famille et \u00e9crits personnels \u00bb<\/a><\/strong><a style=\"color: #993300\" href=\"https:\/\/podcasts.apple.com\/us\/podcast\/papiers-de-famille-et-%C3%A9crits-personnels-entretien\/id1591386826?i=100056999190\"><strong>, <\/strong><\/a><\/span>Entretien avec les historien.nes Fran\u00e7ois-Joseph Ruggiu (Paris-Sorbonne), Sylvie Mouysset (Toulouse-Jean Jaur\u00e8s), Philip Rieder (Gen\u00e8ve) et Sylvie Moret Petrini (Lausanne)<\/p>\n\n\n\n<p><\/p>\n","protected":false},"excerpt":{"rendered":"<p>Allemagne Deutsches Tagebucharchiv Mitteldeutsche Selbstzeugnisse aus der Zeit des Drei\u00dfigj\u00e4hrigen Krieges Selbstzeugnisse im Deutschsprachigem Raum Autriche Frauennachl\u00e4sse Belgique Archives du patrimoine autobiographique Canada Archives Passe-m\u00e9moire Espagne El Archivo de la &hellip; <\/p>\n","protected":false},"author":1511,"featured_media":0,"parent":0,"menu_order":6,"comment_status":"closed","ping_status":"closed","template":"","meta":{"_seopress_robots_primary_cat":"","_seopress_titles_title":"","_seopress_titles_desc":"","_seopress_robots_index":"","footnotes":""},"class_list":["post-12","page","type-page","status-publish"],"_links":{"self":[{"href":"https:\/\/wp.unil.ch\/egodocuments\/wp-json\/wp\/v2\/pages\/12","targetHints":{"allow":["GET"]}}],"collection":[{"href":"https:\/\/wp.unil.ch\/egodocuments\/wp-json\/wp\/v2\/pages"}],"about":[{"href":"https:\/\/wp.unil.ch\/egodocuments\/wp-json\/wp\/v2\/types\/page"}],"author":[{"embeddable":true,"href":"https:\/\/wp.unil.ch\/egodocuments\/wp-json\/wp\/v2\/users\/1511"}],"replies":[{"embeddable":true,"href":"https:\/\/wp.unil.ch\/egodocuments\/wp-json\/wp\/v2\/comments?post=12"}],"version-history":[{"count":5,"href":"https:\/\/wp.unil.ch\/egodocuments\/wp-json\/wp\/v2\/pages\/12\/revisions"}],"predecessor-version":[{"id":5494,"href":"https:\/\/wp.unil.ch\/egodocuments\/wp-json\/wp\/v2\/pages\/12\/revisions\/5494"}],"wp:attachment":[{"href":"https:\/\/wp.unil.ch\/egodocuments\/wp-json\/wp\/v2\/media?parent=12"}],"curies":[{"name":"wp","href":"https:\/\/api.w.org\/{rel}","templated":true}]}}