{"id":1006,"date":"2014-10-14T10:19:02","date_gmt":"2014-10-14T08:19:02","guid":{"rendered":"http:\/\/wp.unil.ch\/egodocuments\/?page_id=1006"},"modified":"2026-04-13T15:12:07","modified_gmt":"2026-04-13T13:12:07","slug":"accueil","status":"publish","type":"page","link":"https:\/\/wp.unil.ch\/egodocuments\/","title":{"rendered":"Accueil"},"content":{"rendered":"\n<p class=\"has-text-align-center\"><\/p>\n\n\n\n<p class=\"has-small-font-size\"><\/p>\n\n\n\n<p class=\"has-text-align-center has-black-color has-text-color has-link-color has-medium-font-size wp-elements-dc1dc38d6821dd98e69e2380b47b86ab\" style=\"font-style:normal;font-weight:400\"><em>\u0118godocuments.ch <\/em>est une base de donn\u00e9es pr\u00e9sentant plus de 1700 \u00e9crits personnels \u2013&nbsp; autobiographies, journaux de toute nature, r\u00e9cits de voyage, livres de raison, chroniques et livres de famille \u2013 r\u00e9dig\u00e9s entre 1500 et 1820, conserv\u00e9s dans les archives et biblioth\u00e8ques des quatre r\u00e9gions linguistiques de la Suisse.<\/p>\n\n\n\n<p class=\"has-text-align-center has-black-color has-text-color has-link-color has-medium-font-size wp-elements-3363d4dd6041ae4242300d81985dfd2e\" style=\"font-style:normal;font-weight:400\">\n  Work in progress, la base donne acc\u00e8s \u00e0 un nombre croissant de num\u00e9risations et de transcriptions des documents r\u00e9pertori\u00e9s.\n<\/p>\n\n\n\n<p class=\"has-text-align-center has-black-color has-text-color has-link-color has-medium-font-size wp-elements-ac4aa57820b9809bcc7e21cd5a88c066\" style=\"font-style:normal;font-weight:400\">\n  Vous poss\u00e9dez ou avez rep\u00e9r\u00e9 un \u00e9crit personnel in\u00e9dit int\u00e9ressant ? Vous \u00eates chercheur\/chercheuse et souhaitez signer une pr\u00e9sentation de document ?\n<\/p>\n\n\n\n<p class=\"has-text-align-center has-black-color has-text-color has-link-color has-medium-font-size wp-elements-aa504173fcda7ca61769a25f5eb38584\" style=\"font-style:normal;font-weight:400\">\n  N\u2019h\u00e9sitez pas \u00e0 utiliser notre \n  <a href=\"https:\/\/wp.unil.ch\/egodocuments\/contact\/\" style=\"color:#b01818\">formulaire de contact<\/a> \n  pour nous le signaler.\n<\/p>\n\n\n\n<p class=\"has-text-color has-link-color has-small-font-size wp-elements-c352a175211b9728f656ebf54046b525\" style=\"color:#b01818\">\n  <a href=\"https:\/\/wp.unil.ch\/egodocuments\/guide-de-lusager\/\">Guide de l&rsquo;usager<\/a>\n<\/p>\n\n\n<div class=\"wp-block-image\">\n<figure class=\"aligncenter size-large\"><a href=\"http:\/\/chrome-extension:\/\/efaidnbmnnnibpcajpcglclefindmkaj\/https:\/\/www.bezg.ch\/img\/publikation\/15_3\/schmid_03_15.pdf\"><img loading=\"lazy\" decoding=\"async\" width=\"651\" height=\"1024\" src=\"https:\/\/wp.unil.ch\/egodocuments\/files\/2026\/04\/waser_johann-heinrich_1-651x1024.jpeg\" alt=\"waser johann heinrich 1\" class=\"wp-image-5704\" srcset=\"https:\/\/wp.unil.ch\/egodocuments\/files\/2026\/04\/waser_johann-heinrich_1-651x1024.jpeg 651w, https:\/\/wp.unil.ch\/egodocuments\/files\/2026\/04\/waser_johann-heinrich_1-191x300.jpeg 191w, https:\/\/wp.unil.ch\/egodocuments\/files\/2026\/04\/waser_johann-heinrich_1-768x1209.jpeg 768w, https:\/\/wp.unil.ch\/egodocuments\/files\/2026\/04\/waser_johann-heinrich_1.jpeg 800w\" sizes=\"auto, (max-width: 651px) 100vw, 651px\" \/><\/a><figcaption class=\"wp-element-caption\"><a href=\"https:\/\/www.e-manuscripta.ch\/zuz\/content\/titleinfo\/2449718\">Waser, Johann Heinrich: Itinerarium Italiae, Belgi, Angliae, Germaniae, Bohemiae et Helvetiae : Jo[hannes] Henricus Waserus. [Z\u00fcrich], 1621-1630. Zentralbibliothek Z\u00fcrich, Ms G 1, https:\/\/doi.org\/10.7891\/e-manuscripta-86713 \/ Public Domain Mark<\/a><\/figcaption><\/figure>\n<\/div>\n\n\n<p class=\"has-text-align-center has-text-color has-link-color wp-elements-ead3b5a8587a93a9a28acd603311c1b4\" style=\"color:#a42020\"><\/p>\n\n\n\n<div class=\"wp-block-media-text has-media-on-the-right is-stacked-on-mobile\"><div class=\"wp-block-media-text__content\">\n<p><\/p>\n\n\n\n<p class=\"has-text-align-center has-text-color has-link-color has-medium-font-size wp-elements-1b834449d497be746c4a9d2d95c4026b\" style=\"color:#b01818\">Projet en cours : Enqu\u00eate sur les pratiques d\u2019\u00e9criture personnelle en Valais (1500-1820)<\/p>\n\n\n\n<p class=\"has-text-align-center\">Le pr\u00e9sent projet, port\u00e9 par Sylvie Moret Petrini, \u00e9tudie les pratiques d\u2019\u00e9criture personnelle dans l\u2019espace valaisan durant l\u2019\u00e9poque moderne (de 1500 \u00e0 1820), en analysant leurs sp\u00e9cificit\u00e9s et leurs \u00e9volutions. Ce territoire constitue un observatoire privil\u00e9gi\u00e9 pour interroger le statut m\u00eame de l\u2019\u00e9criture ordinaire et son essor \u2013 ainsi que les objectifs que les scripteurs et scriptrices donnent \u00e0 ces pratiques \u2013 dans un cadre \u00e0 la fois catholique et rural. Il entend dans le m\u00eame temps contribuer \u00e0 la visibilisation des textes particuli\u00e8rement \u00e9clairants, significatifs ou singuliers, pr\u00e9sents dans les fonds priv\u00e9s des institutions archivistiques du canton en les mettant \u00e0 disposition sur egodocuments.ch.<\/p>\n<\/div><figure class=\"wp-block-media-text__media\"><img loading=\"lazy\" decoding=\"async\" width=\"1024\" height=\"756\" src=\"https:\/\/wp.unil.ch\/egodocuments\/files\/2025\/10\/rgb-1024x756.jpg\" alt=\"rgb\" class=\"wp-image-5527 size-full\" srcset=\"https:\/\/wp.unil.ch\/egodocuments\/files\/2025\/10\/rgb-1024x756.jpg 1024w, https:\/\/wp.unil.ch\/egodocuments\/files\/2025\/10\/rgb-300x222.jpg 300w, https:\/\/wp.unil.ch\/egodocuments\/files\/2025\/10\/rgb-768x567.jpg 768w, https:\/\/wp.unil.ch\/egodocuments\/files\/2025\/10\/rgb-1536x1134.jpg 1536w, https:\/\/wp.unil.ch\/egodocuments\/files\/2025\/10\/rgb.jpg 1625w\" sizes=\"auto, (max-width: 1024px) 100vw, 1024px\" \/><\/figure><\/div>\n\n\n\n<div class=\"wp-block-columns is-layout-flex wp-container-core-columns-is-layout-9d6595d7 wp-block-columns-is-layout-flex\">\n<div class=\"wp-block-column is-layout-flow wp-block-column-is-layout-flow\" style=\"flex-basis:100%\"><\/div>\n<\/div>\n\n\n\n<p class=\"has-white-color has-text-color\">Derni\u00e8re mise \u00e0 jour : 15.08.2025<\/p>\n\n\n\n<p>Derni\u00e8re mise \u00e0 jour : 13.04.2026<\/p>\n","protected":false},"excerpt":{"rendered":"<p>\u0118godocuments.ch est une base de donn\u00e9es pr\u00e9sentant plus de 1700 \u00e9crits personnels \u2013&nbsp; autobiographies, journaux de toute nature, r\u00e9cits de voyage, livres de raison, chroniques et livres de famille \u2013 &hellip; <\/p>\n","protected":false},"author":1511,"featured_media":0,"parent":0,"menu_order":0,"comment_status":"closed","ping_status":"closed","template":"","meta":{"_seopress_robots_primary_cat":"","_seopress_titles_title":"","_seopress_titles_desc":"","_seopress_robots_index":"","footnotes":""},"class_list":["post-1006","page","type-page","status-publish"],"_links":{"self":[{"href":"https:\/\/wp.unil.ch\/egodocuments\/wp-json\/wp\/v2\/pages\/1006","targetHints":{"allow":["GET"]}}],"collection":[{"href":"https:\/\/wp.unil.ch\/egodocuments\/wp-json\/wp\/v2\/pages"}],"about":[{"href":"https:\/\/wp.unil.ch\/egodocuments\/wp-json\/wp\/v2\/types\/page"}],"author":[{"embeddable":true,"href":"https:\/\/wp.unil.ch\/egodocuments\/wp-json\/wp\/v2\/users\/1511"}],"replies":[{"embeddable":true,"href":"https:\/\/wp.unil.ch\/egodocuments\/wp-json\/wp\/v2\/comments?post=1006"}],"version-history":[{"count":5,"href":"https:\/\/wp.unil.ch\/egodocuments\/wp-json\/wp\/v2\/pages\/1006\/revisions"}],"predecessor-version":[{"id":5709,"href":"https:\/\/wp.unil.ch\/egodocuments\/wp-json\/wp\/v2\/pages\/1006\/revisions\/5709"}],"wp:attachment":[{"href":"https:\/\/wp.unil.ch\/egodocuments\/wp-json\/wp\/v2\/media?parent=1006"}],"curies":[{"name":"wp","href":"https:\/\/api.w.org\/{rel}","templated":true}]}}