{"id":994,"date":"2014-10-11T17:03:22","date_gmt":"2014-10-11T15:03:22","guid":{"rendered":"http:\/\/wp.unil.ch\/egodocuments\/?page_id=994"},"modified":"2025-12-10T13:48:50","modified_gmt":"2025-12-10T12:48:50","slug":"nuove-pubblicazioni","status":"publish","type":"page","link":"https:\/\/wp.unil.ch\/egodocuments\/it\/nuove-pubblicazioni\/","title":{"rendered":"Nuove pubblicazioni"},"content":{"rendered":"\n<p>Questa pagina presenta le pubblicazioni recenti sul tema delle scritture personali elvetiche.<\/p>\n\n\n\n<h6 class=\"wp-block-heading has-text-align-center has-text-color has-link-color wp-elements-e4b3c161bc42bc65f35f8d8bcd2e0f0a\" style=\"color:#b01818\">Albertine de Saussure, <em>Si je ne suis pas heureuse, qui est-ce qui le sera ? Extrait du journal de jeunesse 1776-1782,<\/em> \u00e9d. Sylvie Moret Petrini et Elena Link, Lausanne, Ed. d&#8217;En Bas, 2025<\/h6>\n\n\n\n<div class=\"wp-block-media-text is-stacked-on-mobile\"><figure class=\"wp-block-media-text__media\"><img alt=\"\" loading=\"lazy\" decoding=\"async\" width=\"724\" height=\"1024\" src=\"https:\/\/wp.unil.ch\/egodocuments\/files\/2025\/10\/ethnodoc_saussure-724x1024.jpg\" alt=\"\" class=\"wp-image-5534 size-full\" srcset=\"https:\/\/wp.unil.ch\/egodocuments\/files\/2025\/10\/ethnodoc_saussure-724x1024.jpg 724w, https:\/\/wp.unil.ch\/egodocuments\/files\/2025\/10\/ethnodoc_saussure-212x300.jpg 212w, https:\/\/wp.unil.ch\/egodocuments\/files\/2025\/10\/ethnodoc_saussure-768x1086.jpg 768w, https:\/\/wp.unil.ch\/egodocuments\/files\/2025\/10\/ethnodoc_saussure.jpg 849w\" sizes=\"auto, (max-width: 724px) 100vw, 724px\" \/><\/figure><div class=\"wp-block-media-text__content\">\n<p>\u00c0 l\u2019\u00e2ge de 10 ans seulement, la jeune Genevoise Albertine (1766-1841), fille d\u2019Horace B\u00e9n\u00e9dict et d\u2019Albertine Am\u00e9lie de Saussure, ouvre un journal.Durant 7 ans, la future p\u00e9dagogue y consigne son quotidien fait de le\u00e7ons, de rencontres, d\u2019activit\u00e9s de sociabilit\u00e9 et de voyages. Elle confie ses sentiments sur les \u00e9tapes cruciales de sa jeunesse, marqu\u00e9es par le poids d\u2019une condition f\u00e9minine qui limite de fait \u2013 sans qu\u2019elle ne s\u2019en fasse l\u2019\u00e9cho ouvertement \u2013 ses choix et ses possibilit\u00e9s. Par son ambitieuse formation, \u00e0 la fois sociale et intellectuelle, Albertine cherche \u00e0 r\u00e9pondre aux attentes \u00e9lev\u00e9es de cette famille de la haute bourgeoisie qui cultive le go\u00fbt du savoir et de la d\u00e9couverte tout en d\u00e9veloppant les qualit\u00e9s f\u00e9minines propres \u00e0 lui assurer un avenir heureux.<\/p>\n\n\n\n<p>Alors que la plume d\u2019Albertine d\u00e9voile la jeunesse de celle dont la post\u00e9rit\u00e9 retient l\u2019ouvrage en trois volumes L\u2019\u00e9ducation progressive ou \u00c9tude du cours de la vie r\u00e9dig\u00e9 vers la fin de sa vie, elle livre dans le m\u00eame temps un portrait saisissant d\u2019une \u00e9poque, d\u2019une ville, d\u2019un milieu et d\u2019autant d\u2019acteurs et actrices du pass\u00e9 qui reprennent vie au fil des pages.<\/p>\n<\/div><\/div>\n\n\n\n<h4 class=\"wp-block-heading has-text-align-center has-text-color has-link-color wp-elements-5e878baac8d6975f928ca899d4b30029\" style=\"color:#b01818\"><strong>***<\/strong><\/h4>\n\n\n\n<p class=\"has-text-align-center has-text-color has-link-color wp-elements-8dc51ddb971ac29df542b678f0e440e9\" style=\"color:#b01818\"><strong>Lukas&nbsp;Heinzmann, <em>Beten, Beobachten, Berichten, Textgenetische und klimageschichtliche Auswertung des Einsiedler Kloster-Tagebuchs von Pater Joseph Dietrich, 1670\u20131704<\/em>, Schwabe Verlag, 2025<\/strong><\/p>\n\n\n\n<div class=\"wp-block-media-text has-media-on-the-right is-stacked-on-mobile\"><div class=\"wp-block-media-text__content\">\n<p>Der Einsiedler M\u00f6nch Pater Joseph Dietrich f\u00fchrte am Ende des 17. Jahrhunderts mehr als dreissig Jahre lang Tagebuch. Die 18 B\u00e4nde, die die damalige Lebenswelt eindr\u00fccklich schildern, erlauben Einblicke in Dietrichs Wahrnehmung von Natur und Wetter, die sich vor dem Hintergrund der klimatischen Kaltphase des Late Maunder Minimum (1675\u20131715) und der damit in Bezug stehenden Subsistenzkrise der 1690er-Jahre ver\u00e4nderte.<br>Der Autor geht auf die zeitgeschichtlichen und kulturellen Entstehungshintergr\u00fcnde des Tagebuchs ebenso ein wie auf Dietrichs Werdegang im Kloster. Neben Fragen nach seiner Motivation und seinem Beziehungsnetzwerk werden auch praktische Aspekte der Tagebuchf\u00fchrung thematisiert. Darauf aufbauend werden die rund 6000 Tagesbeschreibungen zu Natur und Wetter analysiert.<\/p>\n<\/div><figure class=\"wp-block-media-text__media\"><img loading=\"lazy\" decoding=\"async\" width=\"445\" height=\"645\" src=\"https:\/\/wp.unil.ch\/egodocuments\/files\/2025\/08\/wc_32118_305x445@2x.jpg\" alt=\"wc 32118 305x445@2x\" class=\"wp-image-5421 size-full\" srcset=\"https:\/\/wp.unil.ch\/egodocuments\/files\/2025\/08\/wc_32118_305x445@2x.jpg 445w, https:\/\/wp.unil.ch\/egodocuments\/files\/2025\/08\/wc_32118_305x445@2x-207x300.jpg 207w\" sizes=\"auto, (max-width: 445px) 100vw, 445px\" \/><\/figure><\/div>\n\n\n\n<h4 class=\"wp-block-heading has-text-align-center has-text-color has-link-color wp-elements-4ba12a21c710ae059f1c9d04527ad452\" style=\"color:#b01818\">***<\/h4>\n\n\n\n<p class=\"has-text-align-center has-text-color has-link-color wp-elements-2958b29bca81ad23c5a27bef7ddc37a4\" style=\"color:#b01818\"><strong>Simone de Reyff, <em>D\u2019Ad\u00e8le \u00e0 Marcello. Fragments autobiographiques (1876-1879)<\/em>. Fribourg, Archives de l&#8217;Etat de Fribourg, 2024 (coll. Bibliotheca Otolandana, vol. 3).<\/strong><\/p>\n\n\n\n<div class=\"wp-block-media-text is-stacked-on-mobile\"><figure class=\"wp-block-media-text__media\"><img loading=\"lazy\" decoding=\"async\" width=\"300\" height=\"437\" src=\"https:\/\/wp.unil.ch\/egodocuments\/files\/2025\/09\/1671915_1.webp\" alt=\"1671915 1\" class=\"wp-image-5476 size-full\" srcset=\"https:\/\/wp.unil.ch\/egodocuments\/files\/2025\/09\/1671915_1.webp 300w, https:\/\/wp.unil.ch\/egodocuments\/files\/2025\/09\/1671915_1-206x300.webp 206w\" sizes=\"auto, (max-width: 300px) 100vw, 300px\" \/><\/figure><div class=\"wp-block-media-text__content\">\n<p>Au terme d\u2019une carri\u00e8re artistique compromise par la maladie et les obstacles de tout ordre, Ad\u00e8le d\u2019Affry, alias Marcello, revient sur son pass\u00e9. On a pris l\u2019habitude de d\u00e9signer comme ses M\u00e9moires la centaine de feuillets couverts d\u2019une \u00e9criture fi\u00e9vreuse, bouscul\u00e9e par les ratures et les repentirs, qu\u2019elle n\u2019abandonnera qu\u2019au seuil de la mort. Il s\u2019agit en r\u00e9alit\u00e9 d\u2019un simple assemblage de r\u00e9miniscences, souvent disparates, que ses proches tent\u00e8rent en vain, pour r\u00e9pondre \u00e0 son d\u00e9sir expr\u00e8s, de transformer en r\u00e9cit publiable. En d\u00e9pit de leur caract\u00e8re inachev\u00e9, ces pages m\u00e9ritent toutefois d\u2019\u00eatre diffus\u00e9es. Non seulement parce qu\u2019elles sont le reflet d\u2019une intelligence passionn\u00e9e, qui a su comprendre les enjeux de son temps, mais surtout parce qu\u2019elles r\u00e9v\u00e8lent, parall\u00e8lement \u00e0 la figure de l\u2019artiste, un temp\u00e9rament d\u2019\u00e9crivain.<\/p>\n<\/div><\/div>\n\n\n\n<p class=\"has-text-align-center has-text-color has-link-color has-medium-font-size wp-elements-ebaa4e3229f0a957909c94e718bc77d1\" style=\"color:#b01818\"><strong>***<\/strong><\/p>\n\n\n\n<h6 class=\"wp-block-heading has-text-color has-link-color wp-elements-8c8c19916eb1bd4807e6d985b48ad9fc\" style=\"color:#b01818\">Herminie Chavannes, <em>C\u2019est bien dans la Babylone moderne que je me rends seule. Journal d&#8217;un voyage \u00e0 Paris en 1827<\/em>, \u00e9d. par Dave Luthi,  Lausanne, Ed. d&#8217;En Bas, 2023<\/h6>\n\n\n\n<div class=\"wp-block-media-text has-media-on-the-right is-stacked-on-mobile\"><div class=\"wp-block-media-text__content\">\n<p>Herminie Chavannes r\u00e9v\u00e8le dans le journal qu\u2019elle tient durant son voyage une curiosit\u00e9 et une \u00e9rudition hors du commun. Aussi int\u00e9ress\u00e9e par le th\u00e9\u00e2tre, l\u2019op\u00e9ra, l\u2019architecture et les antiquit\u00e9s que par la politique et les religions (elle rencontre des luth\u00e9riens, des catholiques et des isra\u00e9lites durant son s\u00e9jour), elle donne dans un texte aux qualit\u00e9s litt\u00e9raires ind\u00e9niables un compte-rendu vivant d\u2019un s\u00e9jour bien occup\u00e9.<\/p>\n<\/div><figure class=\"wp-block-media-text__media\"><img loading=\"lazy\" decoding=\"async\" width=\"225\" height=\"350\" src=\"https:\/\/wp.unil.ch\/egodocuments\/files\/2025\/12\/invitation-vernissage-herminie-chavannes-225x350-1.png\" alt=\"invitation vernissage herminie chavannes 225x350\" class=\"wp-image-5628 size-full\" srcset=\"https:\/\/wp.unil.ch\/egodocuments\/files\/2025\/12\/invitation-vernissage-herminie-chavannes-225x350-1.png 225w, https:\/\/wp.unil.ch\/egodocuments\/files\/2025\/12\/invitation-vernissage-herminie-chavannes-225x350-1-193x300.png 193w\" sizes=\"auto, (max-width: 225px) 100vw, 225px\" \/><\/figure><\/div>\n\n\n\n<h4 class=\"wp-block-heading has-text-align-center has-text-color has-link-color wp-elements-4ba12a21c710ae059f1c9d04527ad452\" style=\"color:#b01818\">***<\/h4>\n\n\n\n<p class=\"has-text-align-center has-text-color has-link-color wp-elements-7c7a2eedce9ada729db9a69ab1ccefc6\" style=\"color:#b01818\"><strong><em>Das Tagebuch des St. Galler F\u00fcrstabts Pankraz Vorster 1796\u20131829<\/em><\/strong>, <a href=\"https:\/\/www.vandenhoeck-ruprecht-verlage.com\/AuthorProfile\/index\/id\/1205\/name\/Peter+Erhart\"><strong>Peter Erhart&nbsp;(Hg.)<\/strong><\/a>, <strong>Band 1: 1796\u20131798. Bearbeitet von Silvia B\u00e4rlocher, Sandra Ernst, Lorenz Hollenstein und Anina Steinman<\/strong>n<\/p>\n\n\n\n<div class=\"wp-block-media-text has-media-on-the-right is-stacked-on-mobile\"><div class=\"wp-block-media-text__content\">\n<p>Der in Neapel geborene Pankraz Vorster war der letzte F\u00fcrstabt von St. Gallen. Seine Tageb\u00fccher erlauben einen Blick in die Welt eines rastlosen Reisenden, der die Hoffnung auf die Rettung von Land und Kloster nie aufgab. Zwei Jahre nach Pankraz Vorsters Wahl 1796 war mit dem Ende der Alten Eidgenossenschaft und der Besetzung der Ostschweiz durch franz\u00f6sische Truppen auch das Schicksal der F\u00fcrstabtei besiegelt. Eine Zukunft des Klosters ohne dessen politische und territoriale Rechte war f\u00fcr ihn ausgeschlossen. Im Februar 1798 entschloss er sich angesichts der Bedrohungen durch die Bev\u00f6lkerung mitten im Winter zur Flucht Richtung Wien. Bereits in Regensburg erhielt er eine Audienz beim Kaiser, der ihm seinen Schutz zusicherte. Dennoch reiste er im Mai mit dem Schiff auf der Donau weiter nach Wien, wo sich sein Interesse f\u00fcr die Naturwissenschaften offenbarte.<br><\/p>\n<\/div><figure class=\"wp-block-media-text__media\"><a href=\"https:\/\/www.vandenhoeck-ruprecht-verlage.com\/themen-entdecken\/theologie-und-religion\/kirchengeschichte\/59310\/das-tagebuch-des-st-galler-fuerstabts-pankraz-vorster-1796-1829?srsltid=AfmBOoqMTuDF7CguzJgnKCvI1n81nKEvUTZvSMvSkHHf8sWdIzJ-qvJ2\"><img loading=\"lazy\" decoding=\"async\" width=\"727\" height=\"1024\" src=\"https:\/\/wp.unil.ch\/egodocuments\/files\/2025\/08\/978-3-205-21790-9_600x600@2x-727x1024.jpg\" alt=\"978 3 205 21790 9 600x600@2x\" class=\"wp-image-5233 size-full\" srcset=\"https:\/\/wp.unil.ch\/egodocuments\/files\/2025\/08\/978-3-205-21790-9_600x600@2x-727x1024.jpg 727w, https:\/\/wp.unil.ch\/egodocuments\/files\/2025\/08\/978-3-205-21790-9_600x600@2x-213x300.jpg 213w, https:\/\/wp.unil.ch\/egodocuments\/files\/2025\/08\/978-3-205-21790-9_600x600@2x-768x1082.jpg 768w, https:\/\/wp.unil.ch\/egodocuments\/files\/2025\/08\/978-3-205-21790-9_600x600@2x.jpg 852w\" sizes=\"auto, (max-width: 727px) 100vw, 727px\" \/><\/a><\/figure><\/div>\n\n\n\n<h4 class=\"wp-block-heading has-text-align-center has-text-color has-link-color wp-elements-4ba12a21c710ae059f1c9d04527ad452\" style=\"color:#b01818\">***<\/h4>\n\n\n\n<p class=\"has-text-align-center has-text-color has-link-color wp-elements-3a69797e888a318c5bbc0167c9388f1e\" style=\"color:#b01818\"><strong>Dani\u00e8le Tosato-Rigo, Margrit Wick-Werder,&nbsp;<em>Marguerite Wildermeth. Une gouvernante biennoise entre les Cours de Berlin et de Saint-P\u00e9tersbourg<\/em>,&nbsp;<em>Intervalles. Revue culturelle du Jura bernois et de Bienne<\/em>, 128, 2024<\/strong><\/p>\n\n\n\n<div class=\"wp-block-media-text is-stacked-on-mobile is-vertically-aligned-top\" style=\"grid-template-columns:42% auto\"><figure class=\"wp-block-media-text__media\"><img alt=\"\" loading=\"lazy\" decoding=\"async\" width=\"553\" height=\"813\" src=\"https:\/\/wp.unil.ch\/egodocuments\/files\/2024\/08\/Wildermeth-2.jpg\" alt=\"\" class=\"wp-image-5027 size-full\" srcset=\"https:\/\/wp.unil.ch\/egodocuments\/files\/2024\/08\/Wildermeth-2.jpg 553w, https:\/\/wp.unil.ch\/egodocuments\/files\/2024\/08\/Wildermeth-2-204x300.jpg 204w\" sizes=\"auto, (max-width: 553px) 100vw, 553px\" \/><\/figure><div class=\"wp-block-media-text__content\">\n<p class=\"has-text-color\" style=\"color:#b01818\"><\/p>\n\n\n\n<div class=\"wp-block-group is-vertical is-layout-flex wp-container-core-group-is-layout-8cf370e7 wp-block-group-is-layout-flex\">\n<p>Partie en 1800 \u00e0 l\u2019\u00e9tranger comme gouvernante, la Biennoise Marguerite Wildermeth (1777-1839) se voit confier pendant pr\u00e8s d\u2019une dizaine d\u2019ann\u00e9es la jeune Charlotte de Prusse, future imp\u00e9ratrice de Russie. Confidente de \u00ab sa \u00bb princesse, elle la rejoint \u00e0 plusieurs reprises \u00e0 la Cour de Saint-P\u00e9tersbourg, et accompagne son ascension en l\u2019entourant de ses conseils.<\/p>\n\n\n\n<p>Injustement tomb\u00e9e dans l\u2019oubli, comme tant d\u2019autres \u00e9ducatrices suisses dans des Cours europ\u00e9ennes, cette diplomate avant la lettre est mise en lumi\u00e8re au fil du volume gr\u00e2ce \u00e0 une enqu\u00eate minutieuse dans les archives allemandes, polonaises et russes.<\/p>\n<\/div>\n<\/div><\/div>\n\n\n\n<h4 class=\"wp-block-heading has-text-align-center has-text-color has-link-color wp-elements-4ba12a21c710ae059f1c9d04527ad452\" style=\"color:#b01818\">***<\/h4>\n\n\n\n<p class=\"has-text-align-center has-text-color has-link-color wp-elements-ce61c547e9925d0773832a1d19a815e0\" style=\"color:#b01818\"><strong>Bianchi Stefania, Nicoli Miriam, <em>Women&#8217;s Voices. Echoes of Life Experiences in the Alps and the Plain (17th-19th Century)<\/em>, Alphil, 2023<\/strong><\/p>\n\n\n\n<div class=\"wp-block-media-text has-media-on-the-right is-stacked-on-mobile is-vertically-aligned-top\" style=\"grid-template-columns:auto 45%\"><div class=\"wp-block-media-text__content\">\n<p class=\"has-text-align-left\">This volume is centred on the voices of women belonging to different generations, religious faiths and social classes, and presents a range of possible life courses in the Alps and the pre-Alps during the Ancien R\u00e9gime and the early 19th century. Focusing on life trajectories that have emerged from a gender-conscious reading of the sources, the contributions illustrate how migration led women to take on roles of responsibility or follow their husbands in their careers as artists, traders and businessmen. They also reveal a widespread literacy that was combined with practical skills and knowledge marked by biological, legal and religious preconceptions; these features permeated the studied communities, where family, religious and patronage ties prevailed upon the dichotomy of public sphere\/private sphere. The essays in this book deal with the web of complex social networks that served to sustain the mutual autonomies as well as the strategies of living together. The vitality and agency of the presented female figures help to dispel the image of backwardness and passivity often associated with women living in mountain regions.<\/p>\n<\/div><figure class=\"wp-block-media-text__media\"><a href=\"https:\/\/www.alphil.com\/livres\/1310-1571-womens-voices-.html\"><img alt=\"\" loading=\"lazy\" decoding=\"async\" width=\"400\" height=\"576\" src=\"https:\/\/wp.unil.ch\/egodocuments\/files\/2023\/10\/Women-s-Voices-1.jpg\" alt=\"\" class=\"wp-image-4711 size-full\" srcset=\"https:\/\/wp.unil.ch\/egodocuments\/files\/2023\/10\/Women-s-Voices-1.jpg 400w, https:\/\/wp.unil.ch\/egodocuments\/files\/2023\/10\/Women-s-Voices-1-208x300.jpg 208w\" sizes=\"auto, (max-width: 400px) 100vw, 400px\" \/><\/a><\/figure><\/div>\n\n\n\n<h4 class=\"wp-block-heading has-text-align-center has-text-color has-link-color wp-elements-4ba12a21c710ae059f1c9d04527ad452\" style=\"color:#b01818\">***<\/h4>\n\n\n\n<p class=\"has-text-align-center has-text-color has-link-color wp-elements-f7c4f42d3598198c0f6b8d22fb35a90e\" style=\"color:#b01818\"><strong>Miriam Nicoli e Stefania Bianchi (eds),<\/strong>&nbsp;<strong><em>Leadership economiche<\/em>&nbsp;<em>e culturali nelle scritture<\/em>&nbsp;<em>del s\u00e9 (Ticino-Grigioni,<\/em>&nbsp;<em>XVIII-XIX secolo)<\/em>, Archivio Storico Ticinese, 172, 2023<\/strong><\/p>\n\n\n\n<div class=\"wp-block-media-text alignwide is-stacked-on-mobile is-vertically-aligned-top\"><figure class=\"wp-block-media-text__media\"><img alt=\"\" loading=\"lazy\" decoding=\"async\" width=\"724\" height=\"1024\" src=\"https:\/\/wp.unil.ch\/egodocuments\/files\/2023\/02\/Pages-de-Nicoli_Bianchi-Introduzione_ST_172-1-724x1024.jpg\" alt=\"\" class=\"wp-image-4494 size-full\" srcset=\"https:\/\/wp.unil.ch\/egodocuments\/files\/2023\/02\/Pages-de-Nicoli_Bianchi-Introduzione_ST_172-1-724x1024.jpg 724w, https:\/\/wp.unil.ch\/egodocuments\/files\/2023\/02\/Pages-de-Nicoli_Bianchi-Introduzione_ST_172-1-212x300.jpg 212w, https:\/\/wp.unil.ch\/egodocuments\/files\/2023\/02\/Pages-de-Nicoli_Bianchi-Introduzione_ST_172-1-768x1087.jpg 768w, https:\/\/wp.unil.ch\/egodocuments\/files\/2023\/02\/Pages-de-Nicoli_Bianchi-Introduzione_ST_172-1.jpg 848w\" sizes=\"auto, (max-width: 724px) 100vw, 724px\" \/><\/figure><div class=\"wp-block-media-text__content\">\n<p>Questo dossier intende restituire sei storie, quelle dei nobili von Salis di Soglio e dei loro legami con l\u2019Inghilterra, dei marmorari Maderni di Capolago con bottega a Verona, dei pasticcieri-caffettieri Cortesi di Poschiavo giunti sino a Cracovia, del locarnese Giuseppe Pioda, futuro ingegnere, allora studente a Napoli, del colonnello Augusto Fogliardi di Melano e del suo soggiorno americano, dell\u2019architetto Carlo Frasca attivo tra Torino e Breganzona.<\/p>\n\n\n\n<p>Autrici e autori, a cui vanno sentiti ringraziamenti da parte della redazione dell\u2019<em>Archivio Storico Ticinese<\/em>e delle curatrici, hanno indagato, lungo un percorso temporale compreso fra la prima met\u00e0 del secolo XVIII e la seconda met\u00e0 del secolo successivo \u2013 periodo di grandi transizioni istituzionali e culturali (si pensi alla rappresentazione del s\u00e9 che nel tempo si traduce in una scrittura pi\u00f9 intima e si affida alla fotografia) \u2013, vicende personali e familiari che spaziano nell\u2019Europa e varcano l\u2019oceano, ulteriore conferma di quanto la mobilit\u00e0 economica e insieme \u201cintellettuale\u201d abbia segnato la societ\u00e0 alpina ancor prima dei processi di trasformazione della seconda met\u00e0 dell\u2019Ottocento.<\/p>\n<\/div><\/div>\n\n\n\n<h6 class=\"wp-block-heading has-text-align-center has-text-color has-link-color wp-elements-8a74f0e6a5d3f6c472c06715b86e85ba\" style=\"color:#b01818\">***<\/h6>\n\n\n\n<p class=\"has-text-align-center has-text-color has-link-color wp-elements-7dcf63b902c40ed61bd28f061bed95a6\" style=\"color:#b01818\"><strong>Jonas Henri Berthoud, <em>Souvenirs. Une vie au Val-de-Travers entre 1743 et 1831<\/em>, \u00e9d. <em> <\/em>Jean-Pierre Jelmini, Nouvelle revue neuch\u00e2teloise, 2023<\/strong><\/p>\n\n\n\n<div class=\"wp-block-media-text has-media-on-the-right is-stacked-on-mobile is-vertically-aligned-top\"><div class=\"wp-block-media-text__content\">\n<p>Lorsqu\u2019il se met \u00e0 sa table vers 1818 pour r\u00e9diger ses souvenirs les plus m\u00e9morables Jonas Henri Berthoud les destine en premier lieu \u00e0 sa famille. Mais aussi, pr\u00e9cise-t-il, \u00e0 tous ceux qu\u2019ils pourraient int\u00e9resser. Et nous en sommes.&nbsp;<\/p>\n\n\n\n<div class=\"wp-block-columns is-layout-flex wp-container-core-columns-is-layout-9d6595d7 wp-block-columns-is-layout-flex\">\n<div class=\"wp-block-column is-layout-flow wp-block-column-is-layout-flow\" style=\"flex-basis:100%\">\n<p>Dans les 155 pages d\u2019un gros volume \u00e0 l\u2019\u00e9l\u00e9gante calligraphie, cet horloger r\u00e9put\u00e9, n\u00e9 et mort \u00e0 Couvet, d\u00e9roule sous nos yeux les \u00e9v\u00e9nements qui ont durablement marqu\u00e9 sa m\u00e9moire de septuag\u00e9naire. On voit donc d\u00e9filer sous sa plume les grands et les petits moments de la vie communale, les catastrophes naturelles et leur influence sur le quotidien des petites gens, les enterrements pompeux de personnalit\u00e9s locales, les c\u00e9r\u00e9monies officielles, les d\u00e9fil\u00e9s militaires, les conflits d\u2019opinion ou d\u2019int\u00e9r\u00eat, mais aussi les soins qu\u2019il va chercher \u00e0 Berne pour gu\u00e9rir les troubles de sa vue, etc. &nbsp;&nbsp;<br>En 1764, il nous emm\u00e8ne au c\u0153ur du Paris de Louis XV o\u00f9 il se perfectionne dans l\u2019aura de Ferdinand Berthoud. Vingt ans apr\u00e8s, il nous entra\u00eene \u00e0 la cour de justice de M\u00f4tiers o\u00f9 l\u2019on juge, condamne et ex\u00e9cute l\u2019auteur d\u2019un crime dont il est le t\u00e9moin privil\u00e9gi\u00e9.&nbsp;<\/p>\n\n\n\n<p>Enfin, c\u2019est lui qui signe le document \u2013 visible \u00e0 la BPUN \u2013 qui atteste l\u2019accession de Jean-Jacques Rousseau au rang de communier de Couvet le 1er janvier 1765. &nbsp;<br>Les notes, commentaires et annexes de Jean-Pierre Jelmini replacent efficacement ces Souvenirs dans leur contexte temporel. &nbsp;<\/p>\n<\/div>\n<\/div>\n\n\n\n<p><\/p>\n<\/div><figure class=\"wp-block-media-text__media\"><a href=\"https:\/\/www.revue-nrn.ch\/collection-litteraire\/detail\/156-souvenirs-de-jonas-henri-berthoud\"><img alt=\"\" loading=\"lazy\" decoding=\"async\" width=\"670\" height=\"931\" src=\"https:\/\/wp.unil.ch\/egodocuments\/files\/2023\/10\/Capture-de\u0301cran-2023-10-16-a\u0300-11.02.44-1.png\" alt=\"\" class=\"wp-image-4687 size-full\" srcset=\"https:\/\/wp.unil.ch\/egodocuments\/files\/2023\/10\/Capture-de\u0301cran-2023-10-16-a\u0300-11.02.44-1.png 670w, https:\/\/wp.unil.ch\/egodocuments\/files\/2023\/10\/Capture-de\u0301cran-2023-10-16-a\u0300-11.02.44-1-216x300.png 216w\" sizes=\"auto, (max-width: 670px) 100vw, 670px\" \/><\/a><\/figure><\/div>\n\n\n\n<p><\/p>\n\n\n\n<p><\/p>\n\n\n\n<p><\/p>\n\n\n\n<p><\/p>\n\n\n\n<p><\/p>\n\n\n\n<p><\/p>\n","protected":false},"excerpt":{"rendered":"<p>Questa pagina presenta le pubblicazioni recenti sul tema delle scritture personali elvetiche. Albertine de Saussure, Si je ne suis pas heureuse, qui est-ce qui le sera ? Extrait du journal &hellip; <\/p>\n","protected":false},"author":1511,"featured_media":0,"parent":0,"menu_order":0,"comment_status":"closed","ping_status":"closed","template":"","meta":{"_seopress_robots_primary_cat":"","_seopress_titles_title":"","_seopress_titles_desc":"","_seopress_robots_index":"","footnotes":""},"class_list":["post-994","page","type-page","status-publish"],"_links":{"self":[{"href":"https:\/\/wp.unil.ch\/egodocuments\/it\/wp-json\/wp\/v2\/pages\/994","targetHints":{"allow":["GET"]}}],"collection":[{"href":"https:\/\/wp.unil.ch\/egodocuments\/it\/wp-json\/wp\/v2\/pages"}],"about":[{"href":"https:\/\/wp.unil.ch\/egodocuments\/it\/wp-json\/wp\/v2\/types\/page"}],"author":[{"embeddable":true,"href":"https:\/\/wp.unil.ch\/egodocuments\/it\/wp-json\/wp\/v2\/users\/1511"}],"replies":[{"embeddable":true,"href":"https:\/\/wp.unil.ch\/egodocuments\/it\/wp-json\/wp\/v2\/comments?post=994"}],"version-history":[{"count":4,"href":"https:\/\/wp.unil.ch\/egodocuments\/it\/wp-json\/wp\/v2\/pages\/994\/revisions"}],"predecessor-version":[{"id":5635,"href":"https:\/\/wp.unil.ch\/egodocuments\/it\/wp-json\/wp\/v2\/pages\/994\/revisions\/5635"}],"wp:attachment":[{"href":"https:\/\/wp.unil.ch\/egodocuments\/it\/wp-json\/wp\/v2\/media?parent=994"}],"curies":[{"name":"wp","href":"https:\/\/api.w.org\/{rel}","templated":true}]}}