{"id":489,"date":"2014-06-03T11:29:05","date_gmt":"2014-06-03T09:29:05","guid":{"rendered":"http:\/\/wp.unil.ch\/egodocuments\/?page_id=489"},"modified":"2025-09-04T08:12:24","modified_gmt":"2025-09-04T06:12:24","slug":"presentazione","status":"publish","type":"page","link":"https:\/\/wp.unil.ch\/egodocuments\/it\/presentazione\/","title":{"rendered":"Presentazione"},"content":{"rendered":"<p><em>Egodocuments.ch<\/em> ha ottenuto il sostegno del Fondo nazionale svizzero per la ricerca scientifica a numerosi progetti: <em>Deutschschweizerische Selbstzeugnisse (1500-1800) als Quellen der Mentalit\u00e4tsgeschichte<\/em>, diretto dal 1996 al 2003 da Kaspar von Greyerz, all\u2019universit\u00e0 di Zurigo e poi di Basilea, <em>L\u2019\u00e9ducation domestique au miroir des \u00e9crits personnels en Suisse romande (1750-1820)<\/em>, <em>Valorisation scientifique des \u00e9crits personnels de Suisse latine (1500-1820)<\/em>, <em>Voyager et g\u00e9rer au f\u00e9minin (XVIIIe-d\u00e9but XIXe s.)<\/em>, diretti dal 2011 al 2019 da Dani\u00e8le Tosato-Rigo (Universit\u00e0 d Losanna).<\/p>\n<p>Inaugurata nel 2019, con la fusione dei dati di Svizzera tedesca, romanda e italofone, <em>Egodocuments.ch<\/em>, ha potuto contare sul sostegno di collaboratori provenienti da tutti i cantoni, tra i quali Andreas Affolter (Staatsarchiv SO), Gianenrico Bernasconi (UNINE), Michael Blatter (Stadtarchiv Sursee), Jasmina Cornut (Patrimoine culturel VS), Heidi Eisenhut (Kant.Bibl. AR), Fran\u00e7ois Falconnet (Arch.cant.VD), Madline Favre (UniL), Sandro Frefel (Landesarchiv AI), Wolfgang G\u00f6ldi (Kant.Bibl. SG Vadiana), Doroth\u00e9e Guggenheimer (Stadtarch. SG), Kaspar von Greyerz (UNIBAS), Sandro Guzzi-Heeb (UniL), Lorenz Heiligensetzer (Universit\u00e4tsbibl. BS), Philippe Henry (UNINE), Jean-Pierre Jelmini (UNINE), Sylviane Messerli (M\u00e9moires d\u2019Ici, Saint-Imier), Francesca Nussio (Istituto per la ricerca sulla cultura grigione), Jean-Claude Rebetez (Arch. Ancien Ev\u00each\u00e9 de B\u00e2le), Philip Rieder (UNIGE), Andreas W\u00fcrgler (UNIGE), Roberto Zaugg (UNIZH).<\/p>\n<p>Dal 2019 Sylvie Moret Petrini sviluppa e gestisce la banca dati (Universit\u00e0 di Losanna), e dal 2025 Nathalie Dahn (Universit\u00e0 di Losanna) collabora alla compilazione delle nuove schede.<\/p>\n<div>\n<table style=\"height: 100px\" width=\"600\">\n<tbody>\n<tr>\n<td style=\"width: 252px\" width=\"225\"><span style=\"color: #000000\"><em>Responsabile scientifica :<\/em><\/span><\/td>\n<td style=\"width: 332px;text-align: left\" width=\"298\"><span style=\"color: #000000\">Sylvie Moret Petrini, Universit\u00e9 de Lausanne<\/span><\/p>\n<p>Dani\u00e8le Tosato-Rigo, Universit\u00e9 de Lausanne<\/td>\n<\/tr>\n<tr>\n<td style=\"width: 252px\" width=\"225\"><span style=\"color: #000000\"><em>Direzione FNS progetti <\/em>:<\/span><\/td>\n<td style=\"width: 332px;text-align: left\" width=\"298\"><span style=\"color: #000000\">Kaspar von Greyerz, Universit\u00e9 de B\u00e2le<\/span><\/p>\n<p>Dani\u00e8le Tosato-Rigo, Universit\u00e9 de Lausanne<\/td>\n<\/tr>\n<tr>\n<td style=\"width: 252px\" width=\"225\"><span style=\"color: #000000\"><em>C<\/em><em>ollaboratori\/trici scientifici\/che <\/em>:<\/span><\/td>\n<td style=\"width: 332px;text-align: left\" width=\"298\"><span style=\"color: #000000\">Sebastian Leutert, Universit\u00e9 de B\u00e2le<\/span><\/p>\n<p>Gudrun Piller, Universit\u00e9 de B\u00e2le<\/p>\n<p><span style=\"color: #000000\">Lorenz Heiligensetzer, Universit\u00e9 de B\u00e2le<\/span><\/p>\n<p>Nathalie Dahn-Sing, Universit\u00e9 de Lausanne<\/p>\n<p><span style=\"color: #000000\">Fiona Fleischner, Universit\u00e9 de Lausanne<\/span><\/p>\n<p><span style=\"color: #000000\">Ma\u00efla Kocher Girinshuti, Universit\u00e9 de Lausanne<\/span><\/p>\n<p><span style=\"color: #000000\">Miriam Nicoli, Universit\u00e9 de Lausanne<\/span><\/td>\n<\/tr>\n<tr>\n<td style=\"width: 252px\" width=\"225\"><span style=\"color: #000000\"><em>Collaborazione : <\/em><\/span><\/td>\n<td style=\"width: 332px;text-align: left\" width=\"298\"><span style=\"color: #000000\">Roland Hofer, archiviste d&#8217;\u00e9tat, Schaffhouse<\/span><\/p>\n<p>Urs Martin Zahnd, Universit\u00e9 de Berne<\/p>\n<p><span style=\"color: #000000\">Lucas Rappo, Universit\u00e9 de Lausanne<\/span><\/td>\n<\/tr>\n<tr>\n<td style=\"width: 252px\" width=\"225\"><span style=\"color: #000000\"><i>Informatica<\/i> :<\/span><\/td>\n<td style=\"width: 332px;text-align: left\" width=\"298\"><span style=\"color: #000000\">Jacqueline Frey, Universit\u00e9 de Lausanne, Centre informatique<\/span><\/p>\n<p>Isabelle Moullet, Universit\u00e9 de Lausanne, Centre informatique<\/td>\n<\/tr>\n<tr>\n<td style=\"width: 252px\" width=\"225\"><span style=\"color: #000000\"><em>Elaborazione della banca dati FileMaker <\/em>:<\/span><\/td>\n<td style=\"width: 332px;text-align: left\" width=\"298\"><span style=\"color: #000000\">Jan Hodel<\/span>Karl Larson<\/p>\n<p>Elias Kreyenb\u00fchl<\/td>\n<\/tr>\n<\/tbody>\n<\/table>\n<p style=\"font-style: inherit;color: inherit\">\n<\/div>\n","protected":false},"excerpt":{"rendered":"<p>Egodocuments.ch ha ottenuto il sostegno del Fondo nazionale svizzero per la ricerca scientifica a numerosi progetti: Deutschschweizerische Selbstzeugnisse (1500-1800) als Quellen der Mentalit\u00e4tsgeschichte, diretto dal 1996 al 2003 da Kaspar &hellip; <\/p>\n","protected":false},"author":1511,"featured_media":0,"parent":0,"menu_order":1,"comment_status":"closed","ping_status":"closed","template":"","meta":{"_seopress_robots_primary_cat":"","_seopress_titles_title":"","_seopress_titles_desc":"","_seopress_robots_index":"","footnotes":""},"class_list":["post-489","page","type-page","status-publish"],"_links":{"self":[{"href":"https:\/\/wp.unil.ch\/egodocuments\/it\/wp-json\/wp\/v2\/pages\/489","targetHints":{"allow":["GET"]}}],"collection":[{"href":"https:\/\/wp.unil.ch\/egodocuments\/it\/wp-json\/wp\/v2\/pages"}],"about":[{"href":"https:\/\/wp.unil.ch\/egodocuments\/it\/wp-json\/wp\/v2\/types\/page"}],"author":[{"embeddable":true,"href":"https:\/\/wp.unil.ch\/egodocuments\/it\/wp-json\/wp\/v2\/users\/1511"}],"replies":[{"embeddable":true,"href":"https:\/\/wp.unil.ch\/egodocuments\/it\/wp-json\/wp\/v2\/comments?post=489"}],"version-history":[{"count":5,"href":"https:\/\/wp.unil.ch\/egodocuments\/it\/wp-json\/wp\/v2\/pages\/489\/revisions"}],"predecessor-version":[{"id":5468,"href":"https:\/\/wp.unil.ch\/egodocuments\/it\/wp-json\/wp\/v2\/pages\/489\/revisions\/5468"}],"wp:attachment":[{"href":"https:\/\/wp.unil.ch\/egodocuments\/it\/wp-json\/wp\/v2\/media?parent=489"}],"curies":[{"name":"wp","href":"https:\/\/api.w.org\/{rel}","templated":true}]}}