{"id":2138,"date":"2019-03-11T13:42:12","date_gmt":"2019-03-11T12:42:12","guid":{"rendered":"http:\/\/wp.unil.ch\/egodocuments\/?page_id=2138"},"modified":"2021-11-24T09:10:01","modified_gmt":"2021-11-24T08:10:01","slug":"opere-metodologiche-e-a-carattere-generale","status":"publish","type":"page","link":"https:\/\/wp.unil.ch\/egodocuments\/it\/bibliografia\/opere-metodologiche-e-a-carattere-generale\/","title":{"rendered":"Opere metodologiche e a carattere generale"},"content":{"rendered":"<p style=\"text-align: justify\">ARTIERES Philippe, KALIFA Dominique (\u00e9d.), <em>Histoire et archive de soi<\/em>, Paris, 2002.<\/p>\n<p style=\"text-align: justify\">CIAPPELLI Giovanni, <em>Memory, family, and self: tuscan family books and other European egodocuments (14th-18th century)<\/em>, Leiden, 2014.<\/p>\n<p style=\"text-align: justify\">CICCHETTI Angelo, MORDENTI Raul, <em>I libri di famiglia in Italia<\/em>, I, <em>Filologia e storiografia letteraria<\/em>, Roma, 1985.<\/p>\n<p style=\"text-align: justify\"><em>\u00c9crire au quotidien<\/em>, Clio (Histoire, Femmes et Soci\u00e9t\u00e9s), No 35, coordonn\u00e9 par Isabelle LACOUE-LABARTHE, Sylvie MOUYSSET, Agn\u00e8s FINE, 2012.<\/p>\n<p style=\"text-align: justify\">FABRE\u00a0Daniel (\u00e9d.),\u00a0<em>\u00c9critures<\/em><em> ordinaires<\/em>, Paris, 1993.<\/p>\n<p style=\"text-align: justify\">FABRE\u00a0Daniel (\u00e9d.), <em>Par \u00e9crit. Ethnologie des \u00e9critures quotidiennes<\/em>, Paris, 1977.<\/p>\n<p style=\"text-align: justify\">GINZBURG Carlo, <em>Le fromage et les vers. <\/em><em>L&#8217;univers d&#8217;un meunier du XVIe si\u00e8cle<\/em>, traduit de l\u2019italien par Monique Aymard, Paris, 1980.<\/p>\n<p>GRUSZKA Sarah et PRIADKO Eug\u00e8ne (dir.), \u00ab\u00a0Ego-documents en Russie du Moyen \u00c2ge \u00e0 nos jours\u00a0\u00bb,\u00a0<em>Revue des \u00e9tudes slaves<\/em>, XCII-1,\u00a02021.<\/p>\n<p style=\"text-align: justify\">GUSDORF Georges,\u00a0<em>Les \u00e9critures du moi,\u00a0<\/em>2 t., Paris, 1990.<\/p>\n<p><em>Histoires de vie. Approche pluridisciplinaire<\/em>, Recherches et travaux 7 (Institut d\u2019ethnologie de l\u2019Universit\u00e9 de Neuch\u00e2tel), Paris-Neuch\u00e2tel, 1987.<\/p>\n<p style=\"text-align: justify\">JANCKE Gabriele, <em>Autobiographie als soziale Praxis : Beziehungskonzepte in Selbstzeugnissen des 15. und <\/em><em>16. Jahrhunderts im deutschsprachigen Raum<\/em>, K\u00f6ln, 2002.<\/p>\n<p style=\"text-align: justify\">JELMINI Jean-Pierre, <em>Pour une histoire de la vie ordinaire en Pays de Neuch\u00e2tel, plaidoyer pour une histoire des mentalit\u00e9s \u00e0 partir des \u00e9crits personnels<\/em>, Neuch\u00e2tel, 1994.<\/p>\n<p style=\"text-align: justify\">JOLLY Margaretta (\u00e9d.), <em>E<\/em><em>ncyclopedia of Life Writing : Autobiographical and Biographical Forms<\/em>, London\/ Chicago, 2001.<\/p>\n<p style=\"text-align: justify\">JOUHAUD Christian, RIBARD Dinah, SCHAPIRA Nicolas, <em>Histoire, litt\u00e9rature, t\u00e9moignage : \u00e9crire les malheurs du temps<\/em>, Paris, 2009.<\/p>\n<p style=\"text-align: justify\">KORMANN Eva,<em> Ich, Welt und Gott\u00a0:<\/em><em> Autobiographik im 17. <\/em><em>Jahrhundert,<\/em> K\u00f6ln\/ Weimar\/ Wien, 2004.<\/p>\n<p><em>L\u2019autobiographie<\/em>, no th\u00e9matique de\u00a0<em>Equinoxe, revue romande de sciences humaines<\/em>, 12,\u00a01994.<\/p>\n<p style=\"text-align: justify\">LEJEUNE Philippe, <em>Aux origines du <\/em><em>journal personnel, 1750-1815<\/em>, Paris, 2016.<\/p>\n<p style=\"text-align: justify\">LEJEUNE Philippe, BOGAERT Catherine, <em>Une journal \u00e0 soi\u00a0: histoire d\u2019une pratique, <\/em>Paris, 2003.<\/p>\n<p style=\"text-align: justify\">MATTHEWS William, <em>British Autobiographies : an annotated Bibliography of British\u00a0 Autobiographies published or written before 1951<\/em>, Berkeley, 1955 [1950].<\/p>\n<p style=\"text-align: justify\">MORDENTI Raul, <em>I libri di famiglia in Italia<\/em>, II,<em> Geografia e storia<\/em>, Roma, 2001.<\/p>\n<p style=\"text-align: justify\">MOUYSSET Sylvie, <em>Papiers de famille : introduction \u00e0 l\u2019\u00e9tude des livres de raison (France, XVe-XIXe si\u00e8cle)<\/em>, Rennes, 2007.<\/p>\n<p>SIEBENHUNER Kim and CHURCH Sally (ed.), \u201cAutobiographical Writings in Pre-modern Europe and Asia\u201d, in <em>The Medieval History Journal<\/em>, vol. 18, N\u00b0 2, 2015.<\/p>\n<p style=\"text-align: justify\">SMYTH Adam, <em>Autobiography in Early Modern England<\/em>, Cambridge, 2010.<\/p>\n<p style=\"text-align: justify\">ULBRICH Claudia, MEDICK Hans, SCHASER Angelika (\u00e9d.), <em>Selbstzeugnis und Person. Transkulturelle Perspektiven<\/em>, K\u00f6ln\/ Weimar\/ Wien, 2012.<\/p>\n<p style=\"text-align: justify\">ULBRICH Claudia, VON GREYERZ Kaspar, HEILIGENSETZER Lorenz (\u00e9d.), <em>Mapping the \u2018I\u2019. Research on Self-Narratives in Germany and Switzerland<\/em>, Leiden, 2015.<\/p>\n<p>ZARETSKIY Yuri, KARPENKO Elena and SHUSHPANOVA Zinaida (eds.): \u0410\u0432\u0442\u043e\u0431\u0438\u043e\u0433\u0440\u0430\u0444\u0438\u0447\u0435\u0441\u043a\u0438\u0435 \u0441\u043e\u0447\u0438\u043d\u0435\u043d\u0438\u044f \u0432 \u043c\u0435\u0436\u0434\u0438\u0441\u0446\u0438\u043f\u043b\u0438\u043d\u0430\u0440\u043d\u043e\u043c \u0438\u0441\u0441\u043b\u0435\u0434\u043e\u0432\u0430\u0442\u0435\u043b\u044c\u0441\u043a\u043e\u043c \u043f\u0440\u043e\u0441\u0442\u0440\u0430\u043d\u0441\u0442\u0432\u0435: \u043b\u044e\u0434\u0438, \u0442\u0435\u043a\u0441\u0442\u044b, \u043f\u0440\u0430\u043a\u0442\u0438\u043a\u0438 \/ Avtobiograficheskie sochineniia v mezhdistsiplinarnom issledovatel\u2019skom prostranstve: Liudi, teksty, praktiki [Autobiographical Writings in an Interdisciplinary Research Environment: People, Texts, Practices]<em>.<\/em> Moscow: \u201eBiblio-Globus\u201c Publishing House, 2017.<\/p>\n","protected":false},"excerpt":{"rendered":"<p>ARTIERES Philippe, KALIFA Dominique (\u00e9d.), Histoire et archive de soi, Paris, 2002. CIAPPELLI Giovanni, Memory, family, and self: tuscan family books and other European egodocuments (14th-18th century), Leiden, 2014. CICCHETTI &hellip; <\/p>\n","protected":false},"author":1511,"featured_media":0,"parent":498,"menu_order":0,"comment_status":"closed","ping_status":"closed","template":"","meta":{"_seopress_robots_primary_cat":"","_seopress_titles_title":"","_seopress_titles_desc":"","_seopress_robots_index":"","footnotes":""},"class_list":["post-2138","page","type-page","status-publish"],"_links":{"self":[{"href":"https:\/\/wp.unil.ch\/egodocuments\/it\/wp-json\/wp\/v2\/pages\/2138","targetHints":{"allow":["GET"]}}],"collection":[{"href":"https:\/\/wp.unil.ch\/egodocuments\/it\/wp-json\/wp\/v2\/pages"}],"about":[{"href":"https:\/\/wp.unil.ch\/egodocuments\/it\/wp-json\/wp\/v2\/types\/page"}],"author":[{"embeddable":true,"href":"https:\/\/wp.unil.ch\/egodocuments\/it\/wp-json\/wp\/v2\/users\/1511"}],"replies":[{"embeddable":true,"href":"https:\/\/wp.unil.ch\/egodocuments\/it\/wp-json\/wp\/v2\/comments?post=2138"}],"version-history":[{"count":0,"href":"https:\/\/wp.unil.ch\/egodocuments\/it\/wp-json\/wp\/v2\/pages\/2138\/revisions"}],"up":[{"embeddable":true,"href":"https:\/\/wp.unil.ch\/egodocuments\/it\/wp-json\/wp\/v2\/pages\/498"}],"wp:attachment":[{"href":"https:\/\/wp.unil.ch\/egodocuments\/it\/wp-json\/wp\/v2\/media?parent=2138"}],"curies":[{"name":"wp","href":"https:\/\/api.w.org\/{rel}","templated":true}]}}