{"id":1520,"date":"2017-08-21T17:13:13","date_gmt":"2017-08-21T15:13:13","guid":{"rendered":"http:\/\/wp.unil.ch\/egodocuments\/?page_id=1520\/"},"modified":"2020-12-15T11:31:02","modified_gmt":"2020-12-15T10:31:02","slug":"2017-2","status":"publish","type":"page","link":"https:\/\/wp.unil.ch\/egodocuments\/it\/nuove-pubblicazioni\/2017-2\/","title":{"rendered":"2017"},"content":{"rendered":"\n<h6 class=\"wp-block-heading\"><span style=\"color: #993300\">Santschi Catherine, <em>Journal de S\u00e9bastien de Senarclens, de Versailles \u00e0 Bursins<\/em>, Soci\u00e9t\u00e9 d\u2019histoire de la Suisse Romande, 2017.<\/span><\/h6>\n\n\n\n<div class=\"wp-block-image\"><figure class=\"alignright\"><a href=\"https:\/\/www.shsr.ch\/\"><img alt=\"\" loading=\"lazy\" decoding=\"async\" width=\"214\" height=\"300\" src=\"https:\/\/wp.unil.ch\/egodocuments\/files\/2018\/12\/Se\u0301bastien-de-Senarclens-214x300.jpg\" alt=\"\" class=\"wp-image-1892\" srcset=\"https:\/\/wp.unil.ch\/egodocuments\/files\/2018\/12\/Se\u0301bastien-de-Senarclens-214x300.jpg 214w, https:\/\/wp.unil.ch\/egodocuments\/files\/2018\/12\/Se\u0301bastien-de-Senarclens-768x1079.jpg 768w, https:\/\/wp.unil.ch\/egodocuments\/files\/2018\/12\/Se\u0301bastien-de-Senarclens-729x1024.jpg 729w, https:\/\/wp.unil.ch\/egodocuments\/files\/2018\/12\/Se\u0301bastien-de-Senarclens.jpg 854w\" sizes=\"auto, (max-width: 214px) 100vw, 214px\" \/><\/a><\/figure><\/div>\n\n\n\n<p><span style=\"color: #993300\">Quarto di copertina :<br><\/span><\/p>\n\n\n\n<p>Aristocrate vaudois, agent de renseignement pour le compte de la France, alchimiste \u00e0 ses heures, S\u00e9bastien de Senarclens a tenu un journal au travers duquel le fonctionnement de la justice bernoise en terres vaudoises, au cours de l\u2019Ancien r\u00e9gime est bien mis en lumi\u00e8re, autant que la politique internationale vue depuis la Suisse.<\/p>\n\n\n\n<h1 class=\"wp-block-heading\">&nbsp;<\/h1>\n\n\n\n<p><strong><span style=\"color: #993300\"><span class=\"bookauthor\">Siglinde Clementi,&nbsp;<\/span><span class=\"booktitle\">K\u00f6rper, <em>Selbst und Melancholie,&nbsp;<\/em><\/span><span class=\"bookauthor\"><em>Die Selbstzeugnisse des Landadeligen Osvaldo Ercole Trapp (1634-1710)<\/em>, B\u00f6hlau, Wien; K\u00f6ln, Weimar,&nbsp;<\/span><span class=\"bibldata_detail\">2017, 272 S.<\/span><\/span><\/strong><\/p>\n\n\n\n<div class=\"wp-block-image\"><figure class=\"alignleft\"><img alt=\"\" loading=\"lazy\" decoding=\"async\" width=\"204\" height=\"300\" src=\"https:\/\/wp.unil.ch\/egodocuments\/files\/2018\/11\/9783412508890-204x300.jpg\" alt=\"\" class=\"wp-image-1880\" srcset=\"https:\/\/wp.unil.ch\/egodocuments\/files\/2018\/11\/9783412508890-204x300.jpg 204w, https:\/\/wp.unil.ch\/egodocuments\/files\/2018\/11\/9783412508890.jpg 442w\" sizes=\"auto, (max-width: 204px) 100vw, 204px\" \/><\/figure><\/div>\n\n\n\n<p><span style=\"color: #993300\">Quarto di copertina :&nbsp;<\/span><\/p>\n\n\n\n<p>Der Landadelige Osvaldo Ercole Trapp hat sich in einer K\u00f6rperbeschreibung selbst von Kopf bis Fu\u00df, au\u00dfen und innen skizziert und seinen Lebensweg in autobiographischen Schriften nachgezeichnet. Diese bilden f\u00fcr Siglinde Clementi den Ausgangspunkt ihrer Auseinandersetzung mit fr\u00fchneuzeitlichen K\u00f6rper- und Selbstkonzepten in einem dreifachen Schritt: durch Textanalyse, \u00fcber die Biographie und Familiengeschichte des Landadligen sowie \u00fcber Diskurse zu den Kontexten adelige M\u00e4nnlichkeit, Familie, Haus und Linie, Zeugungstheorien und Erziehung, K\u00f6rpererfahrung und K\u00f6rperbilder. Die Arbeit stellt einen originellen Beitrag zur Selbstzeugnisforschung, zur Sozialgeschichte des Adels und zur Erfahrungs- und Diskursgeschichte des K\u00f6rpers dar.<\/p>\n\n\n\n<p><strong><em><span style=\"color: #993300\">Ricamare l&#8217;alfabeto. Le Cappuccine di Lugano e l&#8217;educazione femminile (XVIII e XIX secolo)<\/span><\/em><span style=\"color: #993300\">, a cura di Manuela Maffongelli e Miriam Nicoli, Bellinzona, 2017.<\/span><\/strong><\/p>\n\n\n\n<div class=\"wp-block-image\"><figure class=\"alignright\"><a href=\"https:\/\/www.archividonneticino.ch\/ricamare-lalfabeto\/\"><img alt=\"\" loading=\"lazy\" decoding=\"async\" width=\"243\" height=\"300\" src=\"https:\/\/wp.unil.ch\/egodocuments\/files\/2017\/08\/alfabetofb-243x300-243x300.jpg\" alt=\"\" class=\"wp-image-1512\" \/><\/a><\/figure><\/div>\n\n\n\n<p><span style=\"color: #993300\">Quarto di copertina :<strong><em><\/em><\/strong><\/span><\/p>\n\n\n\n<p>Le suore Cappuccine del monastero San Giuseppe di Lugano ebbero un ruolo centrale&nbsp;nell\u2019evoluzione dell\u2019educazione femminile in Ticino. Esse tennero dal 1749 un educandato&nbsp;per le ragazze delle famiglie benestanti e una scuola di carit\u00e0 gratuita per le ragazze del borgo.&nbsp;Il loro impegno educativo in favore delle giovani fu costante nel tempo. La scuola gestita dalle&nbsp;Cappuccine chiuse definitivamente solo nel 1986 dopo ben 237 anni d\u2019attivit\u00e0.&nbsp;Questo volume getta nuova luce sulla vocazione educativa delle Cappuccine luganesi&nbsp;e&nbsp;sul&nbsp;fondo documentario e iconografico dell\u2019ex monastero delle Cappuccine, oggi conservato presso&nbsp;l\u2019Archivio Diocesano di Lugano. Esso restituisce preziose testimonianze della vita e dell\u2019attivit\u00e0&nbsp;del convento: lavori manuali delle suore e delle allieve \u2013 tra cui due bellissimi erbari \u2013, disegni&nbsp;ad acquarello, matita, tempera e china delle allieve, immagini sacre e, per il periodo pi\u00f9 recente,&nbsp;album fotografici. Per la prima volta sono inoltre qui pubblicati diversi estratti della cronaca del&nbsp;monastero, documento raro e prezioso, quasi un diario della comunit\u00e0, e redatto ininterrottamente&nbsp;dalle monache dal 1748 al 2000.<\/p>\n\n\n\n<h6 class=\"wp-block-heading\"><span style=\"color: #993300\">Dani\u00e8le Tosato-Rigo et Sylvie Moret Petrini, <em>L&#8217;appel de l&#8217;Est. Pr\u00e9cepteurs et gouvernantes suisses \u00e0 la Cour de Russie (1760-1820)<\/em>, Lausanne, Unil, 2017, 64&nbsp;p., 20 fr.<\/span><\/h6>\n\n\n\n<div class=\"wp-block-image\"><figure class=\"alignleft\"><img alt=\"\" loading=\"lazy\" decoding=\"async\" width=\"223\" height=\"300\" src=\"https:\/\/wp.unil.ch\/egodocuments\/files\/2017\/10\/16292170919_NOPIXEL_@_NEW_COUV_QUADRI__1_.LH195x260_CSWTD.BAT_-e1508768655752-223x300.jpg\" alt=\"\" class=\"wp-image-1570\" srcset=\"https:\/\/wp.unil.ch\/egodocuments\/files\/2017\/10\/16292170919_NOPIXEL_@_NEW_COUV_QUADRI__1_.LH195x260_CSWTD.BAT_-e1508768655752-223x300.jpg 223w, https:\/\/wp.unil.ch\/egodocuments\/files\/2017\/10\/16292170919_NOPIXEL_@_NEW_COUV_QUADRI__1_.LH195x260_CSWTD.BAT_-e1508768655752-768x1033.jpg 768w, https:\/\/wp.unil.ch\/egodocuments\/files\/2017\/10\/16292170919_NOPIXEL_@_NEW_COUV_QUADRI__1_.LH195x260_CSWTD.BAT_-e1508768655752-762x1024.jpg 762w, https:\/\/wp.unil.ch\/egodocuments\/files\/2017\/10\/16292170919_NOPIXEL_@_NEW_COUV_QUADRI__1_.LH195x260_CSWTD.BAT_-e1508768655752.jpg 871w\" sizes=\"auto, (max-width: 223px) 100vw, 223px\" \/><\/figure><\/div>\n\n\n\n<p><span style=\"color: #993300\">Quarto di copertina :<\/span><\/p>\n\n\n\n<p>Entre 1760 et 1820, de nombreux Suisses et Suissesses partent en Russie, et \u00e0 Saint-P\u00e9tersbourg en particulier. Parce que les nobles russes engagent syst\u00e9matiquement des gouvernantes et pr\u00e9cepteurs \u00e9trangers, capables d\u2019enseigner le fran\u00e7ais \u00e0 leurs enfants, les Romand-e-s y trouvent de nouveaux d\u00e9bouch\u00e9s professionnels. A la cour de Russie des ann\u00e9es 1790, les neuf petits-enfants de l\u2019imp\u00e9ratrice Catherine II ont un \u00e9ducateur et\/ou une \u00e9ducatrice suisse parmi les p\u00e9dagogues qui les entourent ! C\u2019est \u00e0 ces \u00abmissionnaires de l\u2019\u00e9ducation\u00bb qu\u2019est consacr\u00e9 cet ouvrage. Il met en valeur les exceptionnels fonds d\u2019archives de trois d\u2019entre eux (Fr\u00e9d\u00e9ric-C\u00e9sar de La Harpe, Esther Monod et Jeanne Huc-Mazelet) conserv\u00e9s \u00e0 la Biblioth\u00e8que cantonale et universitaire de Lausanne. Au fil des pages, lecteurs et lectrices pourront d\u00e9couvrir gr\u00e2ce \u00e0 leurs pr\u00e9cieux t\u00e9moignages \u2013 correspondances, journaux personnels, supports d\u2019enseignement ou billets d\u2019\u00e9l\u00e8ves \u2013 la double exp\u00e9rience des pr\u00e9cepteurs et gouvernantes : celle de l\u2019\u00e9loignement dans un monde russe inconnu, et celle de l\u2019enseignement \u00e0 des \u00e9l\u00e8ves appel\u00e9-e-s un jour \u00e0 r\u00e9gner.<\/p>\n\n\n\n<p><a href=\"https:\/\/wp.unil.ch\/egodocuments\/files\/2017\/10\/sommaire_appel-e1508770419422.jpg\">Sommario<\/a><\/p>\n","protected":false},"excerpt":{"rendered":"<p>Santschi Catherine, Journal de S\u00e9bastien de Senarclens, de Versailles \u00e0 Bursins, Soci\u00e9t\u00e9 d\u2019histoire de la Suisse Romande, 2017. Quarto di copertina : Aristocrate vaudois, agent de renseignement pour le compte &hellip; <\/p>\n","protected":false},"author":1511,"featured_media":0,"parent":994,"menu_order":0,"comment_status":"closed","ping_status":"closed","template":"","meta":{"_seopress_robots_primary_cat":"","_seopress_titles_title":"","_seopress_titles_desc":"","_seopress_robots_index":"","footnotes":""},"class_list":["post-1520","page","type-page","status-publish"],"_links":{"self":[{"href":"https:\/\/wp.unil.ch\/egodocuments\/it\/wp-json\/wp\/v2\/pages\/1520","targetHints":{"allow":["GET"]}}],"collection":[{"href":"https:\/\/wp.unil.ch\/egodocuments\/it\/wp-json\/wp\/v2\/pages"}],"about":[{"href":"https:\/\/wp.unil.ch\/egodocuments\/it\/wp-json\/wp\/v2\/types\/page"}],"author":[{"embeddable":true,"href":"https:\/\/wp.unil.ch\/egodocuments\/it\/wp-json\/wp\/v2\/users\/1511"}],"replies":[{"embeddable":true,"href":"https:\/\/wp.unil.ch\/egodocuments\/it\/wp-json\/wp\/v2\/comments?post=1520"}],"version-history":[{"count":0,"href":"https:\/\/wp.unil.ch\/egodocuments\/it\/wp-json\/wp\/v2\/pages\/1520\/revisions"}],"up":[{"embeddable":true,"href":"https:\/\/wp.unil.ch\/egodocuments\/it\/wp-json\/wp\/v2\/pages\/994"}],"wp:attachment":[{"href":"https:\/\/wp.unil.ch\/egodocuments\/it\/wp-json\/wp\/v2\/media?parent=1520"}],"curies":[{"name":"wp","href":"https:\/\/api.w.org\/{rel}","templated":true}]}}