{"id":2362,"date":"2019-03-16T15:24:52","date_gmt":"2019-03-16T14:24:52","guid":{"rendered":"http:\/\/wp.unil.ch\/egodocuments\/?page_id=2362"},"modified":"2021-11-10T13:05:04","modified_gmt":"2021-11-10T12:05:04","slug":"members-of-egodocuments-ch","status":"publish","type":"page","link":"https:\/\/wp.unil.ch\/egodocuments\/en\/members-of-egodocuments-ch\/","title":{"rendered":"Members of Egodocuments.ch"},"content":{"rendered":"<ul>\n<li>\n<h6>Andreas Affolter<\/h6>\n<\/li>\n<li>\n<h6><span style=\"line-height: 1.625\">Gianenrico Bernasconi<\/span><\/h6>\n<\/li>\n<li>\n<h6><span style=\"line-height: 1.625\">Michael Blatter<\/span><\/h6>\n<\/li>\n<li>\n<h6>Fabian Br\u00e4ndle<\/h6>\n<\/li>\n<li>\n<h6><span style=\"line-height: 1.625\">Pierre Caspard<\/span><\/h6>\n<\/li>\n<li>\n<h6><span style=\"line-height: 1.625\">Jasmina Cornut<\/span><\/h6>\n<\/li>\n<li>\n<h6>Heidi Eisenhut<\/h6>\n<\/li>\n<li>\n<h6>Fran\u00e7ois Falconet<\/h6>\n<\/li>\n<li>\n<h6>Madline Favre<\/h6>\n<\/li>\n<li>\n<h6>Sandro Frefel<\/h6>\n<\/li>\n<li>\n<h6>Wolfgang G\u00f6ldi<\/h6>\n<\/li>\n<li>\n<h6><span style=\"line-height: 1.625\">Kaspar von Greyerz<\/span><\/h6>\n<\/li>\n<li>\n<h6><span style=\"line-height: 1.625\">Doroth\u00e9e Guggenheimer<\/span><\/h6>\n<\/li>\n<li>\n<h6><span style=\"line-height: 1.625\">Sandro Guzzi-Heeb<\/span><\/h6>\n<\/li>\n<li>\n<h6><span style=\"line-height: 1.625\">Lorenz Heiligensetzer<\/span><\/h6>\n<\/li>\n<li>\n<h6><span style=\"line-height: 1.625\">Philippe Henry<\/span><\/h6>\n<\/li>\n<li>\n<h6>Florian Hitz<\/h6>\n<\/li>\n<li>\n<h6>Keller Joana<\/h6>\n<\/li>\n<li>\n<h6><span style=\"line-height: 1.625\">Oliver Landolt<\/span><\/h6>\n<\/li>\n<li>\n<h6><span style=\"line-height: 1.625\">Bernard Lescaze<\/span><\/h6>\n<\/li>\n<li>\n<h6><span style=\"line-height: 1.625\">Sylviane Messerli<\/span><\/h6>\n<\/li>\n<li>\n<h6><span style=\"line-height: 1.625\">Miriam Nicoli<\/span><\/h6>\n<\/li>\n<li>\n<h6><span style=\"line-height: 1.625\">Francesca Nussio<\/span><\/h6>\n<\/li>\n<li>\n<h6><span style=\"line-height: 1.625\">Jean-Claude Rebetez<\/span><\/h6>\n<\/li>\n<li>\n<h6><span style=\"line-height: 1.625\">Philip Rieder<\/span><\/h6>\n<\/li>\n<li>\n<h6><span style=\"line-height: 1.625\">Damien Savoy<\/span><\/h6>\n<\/li>\n<li>\n<h6><span style=\"line-height: 1.625\">Jean Steinauer<\/span><\/h6>\n<\/li>\n<li>\n<h6><span style=\"line-height: 1.625\">Dani\u00e8le Tosato-Rigo (resp.)<\/span><\/h6>\n<\/li>\n<li>\n<h6><span style=\"line-height: 1.625\">Andreas W\u00fcrgler<\/span><\/h6>\n<\/li>\n<li>\n<h6><span style=\"line-height: 1.625\">Roberto Zaugg<\/span><\/h6>\n<\/li>\n<\/ul>\n","protected":false},"excerpt":{"rendered":"<p>Andreas Affolter Gianenrico Bernasconi Michael Blatter Fabian Br\u00e4ndle Pierre Caspard Jasmina Cornut Heidi Eisenhut Fran\u00e7ois Falconet Madline Favre Sandro Frefel Wolfgang G\u00f6ldi Kaspar von Greyerz Doroth\u00e9e Guggenheimer Sandro Guzzi-Heeb Lorenz &hellip; <\/p>\n","protected":false},"author":1511,"featured_media":0,"parent":0,"menu_order":0,"comment_status":"closed","ping_status":"closed","template":"","meta":{"_seopress_robots_primary_cat":"","_seopress_titles_title":"","_seopress_titles_desc":"","_seopress_robots_index":"","footnotes":""},"class_list":["post-2362","page","type-page","status-publish"],"_links":{"self":[{"href":"https:\/\/wp.unil.ch\/egodocuments\/en\/wp-json\/wp\/v2\/pages\/2362","targetHints":{"allow":["GET"]}}],"collection":[{"href":"https:\/\/wp.unil.ch\/egodocuments\/en\/wp-json\/wp\/v2\/pages"}],"about":[{"href":"https:\/\/wp.unil.ch\/egodocuments\/en\/wp-json\/wp\/v2\/types\/page"}],"author":[{"embeddable":true,"href":"https:\/\/wp.unil.ch\/egodocuments\/en\/wp-json\/wp\/v2\/users\/1511"}],"replies":[{"embeddable":true,"href":"https:\/\/wp.unil.ch\/egodocuments\/en\/wp-json\/wp\/v2\/comments?post=2362"}],"version-history":[{"count":1,"href":"https:\/\/wp.unil.ch\/egodocuments\/en\/wp-json\/wp\/v2\/pages\/2362\/revisions"}],"predecessor-version":[{"id":5227,"href":"https:\/\/wp.unil.ch\/egodocuments\/en\/wp-json\/wp\/v2\/pages\/2362\/revisions\/5227"}],"wp:attachment":[{"href":"https:\/\/wp.unil.ch\/egodocuments\/en\/wp-json\/wp\/v2\/media?parent=2362"}],"curies":[{"name":"wp","href":"https:\/\/api.w.org\/{rel}","templated":true}]}}