{"id":1655,"date":"2018-03-03T13:30:36","date_gmt":"2018-03-03T12:30:36","guid":{"rendered":"http:\/\/wp.unil.ch\/egodocuments\/?page_id=1655"},"modified":"2021-04-20T16:28:33","modified_gmt":"2021-04-20T14:28:33","slug":"2017-2","status":"publish","type":"page","link":"https:\/\/wp.unil.ch\/egodocuments\/en\/new-publications\/2017-2\/","title":{"rendered":"2017"},"content":{"rendered":"<h1 style=\"text-align: justify\"><span style=\"color: #993300\">Santschi Catherine, <em>Journal de S\u00e9bastien de Senarclens, de Versailles \u00e0 Bursins<\/em>, Soci\u00e9t\u00e9 d\u2019histoire de la Suisse Romande, 2017.<\/span><\/h1>\n<p style=\"text-align: justify\"><span style=\"color: #993300\"><br \/>\n<a href=\"https:\/\/www.shsr.ch\/\"><img alt=\"\" loading=\"lazy\" decoding=\"async\" class=\"alignright size-medium wp-image-1892\" src=\"https:\/\/wp.unil.ch\/egodocuments\/files\/2018\/12\/Se\u0301bastien-de-Senarclens-214x300.jpg\" alt=\"\" width=\"214\" height=\"300\" srcset=\"https:\/\/wp.unil.ch\/egodocuments\/files\/2018\/12\/Se\u0301bastien-de-Senarclens-214x300.jpg 214w, https:\/\/wp.unil.ch\/egodocuments\/files\/2018\/12\/Se\u0301bastien-de-Senarclens-768x1079.jpg 768w, https:\/\/wp.unil.ch\/egodocuments\/files\/2018\/12\/Se\u0301bastien-de-Senarclens-729x1024.jpg 729w, https:\/\/wp.unil.ch\/egodocuments\/files\/2018\/12\/Se\u0301bastien-de-Senarclens.jpg 854w\" sizes=\"auto, (max-width: 214px) 100vw, 214px\" \/><\/a><\/span><\/p>\n<p style=\"text-align: justify\">Aristocrate vaudois, agent de renseignement pour le compte de la France, alchimiste \u00e0 ses heures, S\u00e9bastien de Senarclens a tenu un journal au travers duquel le fonctionnement de la justice bernoise en terres vaudoises, au cours de l\u2019Ancien r\u00e9gime est bien mis en lumi\u00e8re, autant que la politique internationale vue depuis la Suisse.<\/p>\n<h1 style=\"text-align: justify\"><\/h1>\n<p style=\"text-align: justify\"><strong><span style=\"color: #993300\"><span class=\"bookauthor\">Siglinde Clementi,\u00a0<\/span><span class=\"booktitle\">K\u00f6rper, <em>Selbst und Melancholie,\u00a0<\/em><\/span><span class=\"bookauthor\"><em>Die Selbstzeugnisse des Landadeligen Osvaldo Ercole Trapp (1634-1710)<\/em>, B\u00f6hlau, Wien; K\u00f6ln, Weimar,\u00a0<\/span><span class=\"bibldata_detail\">2017, 272 S.<\/span><\/span><\/strong><\/p>\n<p style=\"text-align: justify\"><span style=\"color: #993300\"><img alt=\"\" loading=\"lazy\" decoding=\"async\" class=\"alignleft size-medium wp-image-1880\" src=\"https:\/\/wp.unil.ch\/egodocuments\/files\/2018\/11\/9783412508890-204x300.jpg\" alt=\"\" width=\"204\" height=\"300\" srcset=\"https:\/\/wp.unil.ch\/egodocuments\/files\/2018\/11\/9783412508890-204x300.jpg 204w, https:\/\/wp.unil.ch\/egodocuments\/files\/2018\/11\/9783412508890.jpg 442w\" sizes=\"auto, (max-width: 204px) 100vw, 204px\" \/><\/span><\/p>\n<p style=\"text-align: justify\">Der Landadelige Osvaldo Ercole Trapp hat sich in einer K\u00f6rperbeschreibung selbst von Kopf bis Fu\u00df, au\u00dfen und innen skizziert und seinen Lebensweg in autobiographischen Schriften nachgezeichnet. Diese bilden f\u00fcr Siglinde Clementi den Ausgangspunkt ihrer Auseinandersetzung mit fr\u00fchneuzeitlichen K\u00f6rper- und Selbstkonzepten in einem dreifachen Schritt: durch Textanalyse, \u00fcber die Biographie und Familiengeschichte des Landadligen sowie \u00fcber Diskurse zu den Kontexten adelige M\u00e4nnlichkeit, Familie, Haus und Linie, Zeugungstheorien und Erziehung, K\u00f6rpererfahrung und K\u00f6rperbilder. Die Arbeit stellt einen originellen Beitrag zur Selbstzeugnisforschung, zur Sozialgeschichte des Adels und zur Erfahrungs- und Diskursgeschichte des K\u00f6rpers dar.<\/p>\n<p style=\"text-align: justify\"><span style=\"color: #993300\"><strong><em>Ricamare l&#8217;alfabeto. Le Cappuccine di Lugano e l&#8217;educazione femminile (XVIII e XIX secolo)<\/em>, a cura di Manuela Maffongelli e Miriam Nicoli, Bellinzona, 2017.<\/strong><\/span><a href=\"https:\/\/www.archividonneticino.ch\/ricamare-lalfabeto\/\"><span style=\"color: #993300\"><img alt=\"\" loading=\"lazy\" decoding=\"async\" class=\"size-medium wp-image-1512 alignleft\" src=\"https:\/\/wp.unil.ch\/egodocuments\/files\/2017\/08\/alfabetofb-243x300-243x300.jpg\" alt=\"\" width=\"243\" height=\"300\" \/><\/span><\/a><\/p>\n<h1 style=\"text-align: justify\"><span style=\"color: #993300\">Dani\u00e8le Tosato-Rigo et Sylvie Moret Petrini, <em>L&#8217;appel de l&#8217;Est. Pr\u00e9cepteurs et gouvernantes suisses \u00e0 la Cour de Russie (1760-1820)<\/em>, Lausanne, Unil, 2017, 64\u00a0p., 20 fr.<\/span><\/h1>\n<p style=\"text-align: justify\"><a href=\"https:\/\/wp.unil.ch\/egodocuments\/\"><img alt=\"\" loading=\"lazy\" decoding=\"async\" class=\"size-medium wp-image-1570 alignleft\" src=\"https:\/\/wp.unil.ch\/egodocuments\/files\/2017\/10\/16292170919_NOPIXEL_@_NEW_COUV_QUADRI__1_.LH195x260_CSWTD.BAT_-e1508768655752-223x300.jpg\" alt=\"\" width=\"223\" height=\"300\" srcset=\"https:\/\/wp.unil.ch\/egodocuments\/files\/2017\/10\/16292170919_NOPIXEL_@_NEW_COUV_QUADRI__1_.LH195x260_CSWTD.BAT_-e1508768655752-223x300.jpg 223w, https:\/\/wp.unil.ch\/egodocuments\/files\/2017\/10\/16292170919_NOPIXEL_@_NEW_COUV_QUADRI__1_.LH195x260_CSWTD.BAT_-e1508768655752-768x1033.jpg 768w, https:\/\/wp.unil.ch\/egodocuments\/files\/2017\/10\/16292170919_NOPIXEL_@_NEW_COUV_QUADRI__1_.LH195x260_CSWTD.BAT_-e1508768655752-762x1024.jpg 762w, https:\/\/wp.unil.ch\/egodocuments\/files\/2017\/10\/16292170919_NOPIXEL_@_NEW_COUV_QUADRI__1_.LH195x260_CSWTD.BAT_-e1508768655752.jpg 871w\" sizes=\"auto, (max-width: 223px) 100vw, 223px\" \/><\/a><\/p>\n","protected":false},"excerpt":{"rendered":"<p>Santschi Catherine, Journal de S\u00e9bastien de Senarclens, de Versailles \u00e0 Bursins, Soci\u00e9t\u00e9 d\u2019histoire de la Suisse Romande, 2017. Aristocrate vaudois, agent de renseignement pour le compte de la France, alchimiste &hellip; <\/p>\n","protected":false},"author":1511,"featured_media":0,"parent":1652,"menu_order":0,"comment_status":"closed","ping_status":"closed","template":"","meta":{"_seopress_robots_primary_cat":"","_seopress_titles_title":"","_seopress_titles_desc":"","_seopress_robots_index":"","footnotes":""},"class_list":["post-1655","page","type-page","status-publish"],"_links":{"self":[{"href":"https:\/\/wp.unil.ch\/egodocuments\/en\/wp-json\/wp\/v2\/pages\/1655","targetHints":{"allow":["GET"]}}],"collection":[{"href":"https:\/\/wp.unil.ch\/egodocuments\/en\/wp-json\/wp\/v2\/pages"}],"about":[{"href":"https:\/\/wp.unil.ch\/egodocuments\/en\/wp-json\/wp\/v2\/types\/page"}],"author":[{"embeddable":true,"href":"https:\/\/wp.unil.ch\/egodocuments\/en\/wp-json\/wp\/v2\/users\/1511"}],"replies":[{"embeddable":true,"href":"https:\/\/wp.unil.ch\/egodocuments\/en\/wp-json\/wp\/v2\/comments?post=1655"}],"version-history":[{"count":0,"href":"https:\/\/wp.unil.ch\/egodocuments\/en\/wp-json\/wp\/v2\/pages\/1655\/revisions"}],"up":[{"embeddable":true,"href":"https:\/\/wp.unil.ch\/egodocuments\/en\/wp-json\/wp\/v2\/pages\/1652"}],"wp:attachment":[{"href":"https:\/\/wp.unil.ch\/egodocuments\/en\/wp-json\/wp\/v2\/media?parent=1655"}],"curies":[{"name":"wp","href":"https:\/\/api.w.org\/{rel}","templated":true}]}}