{"id":1644,"date":"2018-03-03T13:31:41","date_gmt":"2018-03-03T12:31:41","guid":{"rendered":"http:\/\/wp.unil.ch\/egodocuments\/?page_id=1644"},"modified":"2021-05-06T18:11:21","modified_gmt":"2021-05-06T16:11:21","slug":"2015-2","status":"publish","type":"page","link":"https:\/\/wp.unil.ch\/egodocuments\/en\/new-publications\/2015-2\/","title":{"rendered":"2015"},"content":{"rendered":"<p style=\"text-align: justify\"><span style=\"color: #993300\"><em>Itinera Italica : R\u00f6mische Tageb\u00fccher aus dem Kloster Sankt Gallen : Diari romani dal monastero di San Gallo. Band 1: Anreise nach Rom = Viaggio verso Roma<\/em> \/ ed. Peter Erhart &amp; Luigi Collarile, Wien\/Bozen, Folio, 2015, 247 p.\u00a0<\/span><\/p>\n<p style=\"text-align: justify\"><a href=\"https:\/\/asverlag.lesestoff.ch\/detail\/ISBN-9783852566771\/Erhart-Peter\/Itinera-Italica\"><img alt=\"\" loading=\"lazy\" decoding=\"async\" class=\"alignleft size-medium wp-image-2983\" src=\"https:\/\/wp.unil.ch\/egodocuments\/files\/2019\/12\/9783852566771-de-215x300.jpg\" alt=\"\" width=\"215\" height=\"300\" srcset=\"https:\/\/wp.unil.ch\/egodocuments\/files\/2019\/12\/9783852566771-de-215x300.jpg 215w, https:\/\/wp.unil.ch\/egodocuments\/files\/2019\/12\/9783852566771-de.jpg 359w\" sizes=\"auto, (max-width: 215px) 100vw, 215px\" \/><\/a><\/p>\n<p>&nbsp;<\/p>\n<p>&nbsp;<\/p>\n<p>&nbsp;<\/p>\n<p>&nbsp;<\/p>\n<p>&nbsp;<\/p>\n<p>&nbsp;<\/p>\n<p>&nbsp;<\/p>\n<p>&nbsp;<\/p>\n<p style=\"text-align: justify\"><strong><span style=\"color: #993300\"><em>Vita Bartholomaei Anhornii. Die Autobiographie des Pfarrers Bartholom\u00e4us Anhorn (1566\u20131640) aus der Zeit der B\u00fcndner Wirren,<\/em> Edition von Lorenz Heiligensetzer und Ursus Brunold unter Mitarbeit von Elisabeth Reber und Ursula Brunold-Bigler, 2015, Chur, Dessertina, 572 s. (Quellen und Forschungen zur B\u00fcndner Geschichte, Band 32).\u00a0<\/span><\/strong><\/p>\n<p><a href=\"https:\/\/www.gr.ch\/DE\/Medien\/Mitteilungen\/MMStaka\/Dokumente2015\/Medienmitteilung%20QBG%2032_Anhang.pdf\"><img alt=\"\" loading=\"lazy\" decoding=\"async\" class=\"alignleft size-full wp-image-2024\" src=\"https:\/\/wp.unil.ch\/egodocuments\/files\/2019\/02\/url.jpg\" alt=\"\" width=\"214\" height=\"235\" \/><\/a><\/p>\n<p>&nbsp;<\/p>\n<p>&nbsp;<\/p>\n<p>&nbsp;<\/p>\n<p>&nbsp;<\/p>\n<p>&nbsp;<\/p>\n<p>&nbsp;<\/p>\n<p style=\"text-align: justify\"><strong><span style=\"color: #993300\">Jean de Montenach, Anna Eynard-Lullin, <em>Journaux du Congr\u00e8s. Vienne 1814-1815. &#8220;J&#8217;ai choisi la f\u00eate&#8221;<\/em>,\u00a0Beno\u00eet Challand, Alexandre Dafflon, Jim Walker (\u00e9ds.), avec la collaboration de Bernard Lescaze, Fribourg : Archives de la Soci\u00e9t\u00e9 d&#8217;histoire du canton de Fribourg, 2015, 364 p.\u00a0<\/span><\/strong><\/p>\n<p style=\"text-align: justify\"><a href=\"https:\/\/www.shcf.ch\/store\/index.php?option=com_jshopping&amp;controller=product&amp;task=view&amp;category_id=4&amp;product_id=143&amp;Itemid=4\"><img loading=\"lazy\" decoding=\"async\" class=\"alignleft size-full wp-image-1440\" src=\"https:\/\/wp.unil.ch\/egodocuments\/files\/2016\/10\/18f64531f81de2178d5b22de67c94aff.jpg\" alt=\"18f64531f81de2178d5b22de67c94aff\" width=\"200\" height=\"284\" \/><\/a><\/p>\n<p>&nbsp;<\/p>\n<p>&nbsp;<\/p>\n<p>&nbsp;<\/p>\n<p>&nbsp;<\/p>\n<p>&nbsp;<\/p>\n<p>&nbsp;<\/p>\n<p>&nbsp;<\/p>\n<p style=\"text-align: justify\"><span style=\"color: #993300\"><strong>D\u00e9mocratisation et diversification. Les litt\u00e9ratures d&#8217;\u00e9ducation au si\u00e8cle des Lumi\u00e8res, sous la direction de Rotraud von Kulessa,\u00a0Paris : Classiques Garnier, coll. &#8220;Rencontres &#8220;, 2015, 307 p<\/strong>.<\/span><\/p>\n<p style=\"text-align: justify\"><a href=\"https:\/\/www.classiques-garnier.com\/editions\/index.php?option=com_virtuemart&amp;page=shop.product_details&amp;flypage=flypage_garnier.tpl&amp;product_id=2193\"><img loading=\"lazy\" decoding=\"async\" class=\"size-full wp-image-1288 alignleft\" src=\"https:\/\/wp.unil.ch\/egodocuments\/files\/2016\/03\/RvkMS02b.png\" alt=\"RvkMS02b\" width=\"200\" height=\"299\" \/><\/a><\/p>\n<p>&nbsp;<\/p>\n<p>&nbsp;<\/p>\n<p>&nbsp;<\/p>\n<p>&nbsp;<\/p>\n<p>&nbsp;<\/p>\n<p>&nbsp;<\/p>\n<p>&nbsp;<\/p>\n<p>&nbsp;<\/p>\n<p style=\"text-align: justify\"><strong><span style=\"color: #993300\">Marc H\u00f6chner, Selbstzeugnisse von Schweizer S\u00f6ldneroffizieren im 18. Jahrhundert, G\u00f6ttingen\u00a0: V &amp; R Unipress, 2015, 284 p. (Herrschaft und soziale Systeme in der Fr\u00fchen Neuzeit &#8211; Bd 018)<\/span><\/strong><\/p>\n<p style=\"text-align: justify\"><a href=\"https:\/\/www.v-r.de\/de\/selbstzeugnisse_von_schweizer_soeldneroffizieren_im_18_jahrhundert\/t-0\/1035570\/\"><img loading=\"lazy\" decoding=\"async\" class=\"alignleft size-medium wp-image-1363\" src=\"https:\/\/wp.unil.ch\/egodocuments\/files\/2016\/05\/9783847103219-201x300.jpg\" alt=\"9783847103219\" width=\"201\" height=\"300\" srcset=\"https:\/\/wp.unil.ch\/egodocuments\/files\/2016\/05\/9783847103219-201x300.jpg 201w, https:\/\/wp.unil.ch\/egodocuments\/files\/2016\/05\/9783847103219.jpg 228w\" sizes=\"auto, (max-width: 201px) 100vw, 201px\" \/><\/a><\/p>\n<p>&nbsp;<\/p>\n<p>&nbsp;<\/p>\n<p>&nbsp;<\/p>\n<p>&nbsp;<\/p>\n<p>&nbsp;<\/p>\n<p>&nbsp;<\/p>\n<p>&nbsp;<\/p>\n<p>&nbsp;<\/p>\n<p style=\"text-align: justify\"><strong><span style=\"color: #993300\">Oscar Jan\u00e9 et Patrice Poujade, Mem\u00f2ria Personal. Construcci\u00f2 i projecci\u00f2 en primera personal \u00e0 l&#8217;\u00e9poca moderna, Casa de Vel\u00e1zquez, n\u00b0 146, 2015, 184 p.<\/span><\/strong><\/p>\n<p style=\"text-align: justify\"><a href=\"https:\/\/www.casadevelazquez.org\/publications\/librairie-en-ligne\/livre\/memoria-personal\/\"><img loading=\"lazy\" decoding=\"async\" class=\"alignleft size-full wp-image-1264\" src=\"https:\/\/wp.unil.ch\/egodocuments\/files\/2015\/06\/csm_9788490960004_04_m_bc9eee2b94.jpg\" alt=\"csm_9788490960004_04_m_bc9eee2b94\" width=\"162\" height=\"227\" \/><\/a><\/p>\n<p>&nbsp;<\/p>\n<p>&nbsp;<\/p>\n<p>&nbsp;<\/p>\n<p>&nbsp;<\/p>\n<p>&nbsp;<\/p>\n<p>&nbsp;<\/p>\n<p>&nbsp;<\/p>\n<div style=\"text-align: justify\">\n<p><strong><span style=\"color: #993300\">Claudia Ulbrich, Kaspar von Greyerz and Lorenz Heiligensetzer, Mapping the &#8216;I&#8217;. Research on Self-Narratives in Germany and Switzerland, Brill, 2015.<\/span><\/strong><\/p>\n<\/div>\n<p style=\"text-align: justify\"><a href=\"https:\/\/brill.com\/view\/title\/26827\"><img loading=\"lazy\" decoding=\"async\" class=\"size-full wp-image-1197 alignleft\" src=\"https:\/\/wp.unil.ch\/egodocuments\/files\/2015\/04\/69705.jpg\" alt=\"69705\" width=\"195\" height=\"297\" \/><\/a><\/p>\n","protected":false},"excerpt":{"rendered":"<p>Itinera Italica : R\u00f6mische Tageb\u00fccher aus dem Kloster Sankt Gallen : Diari romani dal monastero di San Gallo. Band 1: Anreise nach Rom = Viaggio verso Roma \/ ed. Peter &hellip; <\/p>\n","protected":false},"author":1511,"featured_media":0,"parent":1652,"menu_order":0,"comment_status":"closed","ping_status":"closed","template":"","meta":{"_seopress_robots_primary_cat":"","_seopress_titles_title":"","_seopress_titles_desc":"","_seopress_robots_index":"","footnotes":""},"class_list":["post-1644","page","type-page","status-publish"],"_links":{"self":[{"href":"https:\/\/wp.unil.ch\/egodocuments\/en\/wp-json\/wp\/v2\/pages\/1644","targetHints":{"allow":["GET"]}}],"collection":[{"href":"https:\/\/wp.unil.ch\/egodocuments\/en\/wp-json\/wp\/v2\/pages"}],"about":[{"href":"https:\/\/wp.unil.ch\/egodocuments\/en\/wp-json\/wp\/v2\/types\/page"}],"author":[{"embeddable":true,"href":"https:\/\/wp.unil.ch\/egodocuments\/en\/wp-json\/wp\/v2\/users\/1511"}],"replies":[{"embeddable":true,"href":"https:\/\/wp.unil.ch\/egodocuments\/en\/wp-json\/wp\/v2\/comments?post=1644"}],"version-history":[{"count":0,"href":"https:\/\/wp.unil.ch\/egodocuments\/en\/wp-json\/wp\/v2\/pages\/1644\/revisions"}],"up":[{"embeddable":true,"href":"https:\/\/wp.unil.ch\/egodocuments\/en\/wp-json\/wp\/v2\/pages\/1652"}],"wp:attachment":[{"href":"https:\/\/wp.unil.ch\/egodocuments\/en\/wp-json\/wp\/v2\/media?parent=1644"}],"curies":[{"name":"wp","href":"https:\/\/api.w.org\/{rel}","templated":true}]}}