{"id":798,"date":"2014-09-26T10:32:07","date_gmt":"2014-09-26T08:32:07","guid":{"rendered":"http:\/\/wp.unil.ch\/egodocuments\/?page_id=798"},"modified":"2024-09-12T12:34:10","modified_gmt":"2024-09-12T10:34:10","slug":"informationen-fur-benutzer-und-benutzerinnen","status":"publish","type":"page","link":"https:\/\/wp.unil.ch\/egodocuments\/de\/informationen-fur-benutzer-und-benutzerinnen\/","title":{"rendered":"Informationen f\u00fcr Benutzer und Benutzerinnen"},"content":{"rendered":"<div>\n<p style=\"text-align: justify\">Zu beachten ist, dass die Schweizerische Selbstzeugnis-Datenbank ein Arbeitsinstrument darstellt, mit dessen Suchfunktionen ein guter Zugriff auf die erfassten Texte erm\u00f6glicht wird. Sie ist aber keineswegs ein fertiges Forschungsergebnis, sondern ein im Prinzip weiter ausf\u00fcllbares und fortlaufend modifizierbares Inventarisierungsraster. Sie wurde so weit wie m\u00f6glich selbsterkl\u00e4rend gestalten.<\/p>\n<p style=\"text-align: justify\">In die\u00a0<strong>biographischen Felder<\/strong>\u00a0sind die wichtigsten Daten zum Lebensweg des Autors bzw. der Autorin soweit verf\u00fcgbar eingetragen worden. Sie stammen aus dem Text selbst oder aus Lexika und personengeschichtlicher Literatur (Einzelne\u00a0<em>links\u00a0<\/em>erm\u00f6glichen einen direkten Verweis). In vielen F\u00e4llen konnten diese Daten jedoch nicht eruirt werden.<\/p>\n<p style=\"text-align: justify\">Im Feld\u00a0<strong>Titel des Textes<\/strong> bedeuten die Zus\u00e4tze\u00a0 (f), dass der Titel von einer anderen Person &#8211; zeitgen\u00f6ssisch oder sp\u00e4ter &#8211; im Text hinzugef\u00fcgt wurde. Allerdings konnte dies nicht in allen F\u00e4llen mit Sicherheit bestimmt werden. Die Bemerkung o.T. bedeutet &#8222;ohne Titel&#8220;.<\/p>\n<p style=\"text-align: justify\">Das Feld\u00a0<strong>Inhaltliches<\/strong>\u00a0soll einen kurzen Eindruck vom Inhalt des Textes vermitteln. Die durch ein diagonales Lesen der Texte zustande gekommenen Eintr\u00e4ge sind uneinheitlich und vor allem von unterschiedlicher L\u00e4nge.<\/p>\n<p style=\"text-align: justify\">Das Feld\u00a0<strong>Literatur<\/strong>\u00a0ist f\u00fcr verschiedene Arten von Literatur \u00fcber den Text oder die Person vorgesehen, d.h. sowohl f\u00fcr wissenschaftliche als auch f\u00fcr eher popul\u00e4re oder essayistische Arbeiten. Allerdings ist die Rubrik \u2013 wie das Feld\u00a0<strong>Edition<\/strong>\u00a0\u2013 nicht systematisch ausgef\u00fcllt. F\u00fcr den gr\u00f6ssten Teil der gefundenen Texte wird ohnehin weder eine Edition noch Literatur vorhanden sein.<\/p>\n<p style=\"text-align: justify\">Ein Verzeichnis der f\u00fcr die Standorte der Originaldokumente verwendeten Abk\u00fcrzungen und Siglen finden Sie <a href=\"https:\/\/wp.unil.ch\/egodocuments\/files\/2024\/09\/Abreviations-et-sigles-des-institutions_2024-1.pdf\" target=\"_blank\" rel=\"noopener\">hier<\/a>.<\/p>\n<p style=\"text-align: justify\"><strong>Sprachen<\/strong><\/p>\n<p style=\"text-align: justify\">Die Funktion &#8222;Suche&#8220; wird auf Franz\u00f6sisch, Deutsch und Italienisch zur Verf\u00fcgung gestellt. Hingegen wurden die Eintr\u00e4gen, &#8211; in der jeweiligen Sprache der Projektteams verfasst \u2013 nicht \u00fcbersetzt: sie entsprechen in der Regel der Originalsprache des Manuskripts.<\/p>\n<p style=\"text-align: justify\">Die Benutzer und Benutzerinnen, welche die Selbstzeugnis-Datenbank sowohl auf Franz\u00f6sisch, auf Deutsch oder auf Italienisch mittels der Rubriken \u00ab<strong>\u00a0biographische Felder<\/strong>\u00a0\u00bb, \u00ab\u00a0<strong>Inhaltliches<\/strong>\u00a0\u00bb, \u00ab<strong>Beruf<\/strong>\u00bb und \u00ab<strong>Ort<\/strong>\u00bb abfragen m\u00f6chten, sollen die Begriffe in der Zielsprache eintragen.<\/p>\n<p><strong>Eintr\u00e4ge der Selbstzeugnis-Datenbank<\/strong><\/p>\n<p>UNIBAS und UNIL (siehe <a href=\"https:\/\/wp.unil.ch\/egodocuments\/de\/einleitung-2\/\"><span style=\"color: #993300\">Einleitung<\/span><\/a>)<\/p>\n<\/div>\n","protected":false},"excerpt":{"rendered":"<p>Zu beachten ist, dass die Schweizerische Selbstzeugnis-Datenbank ein Arbeitsinstrument darstellt, mit dessen Suchfunktionen ein guter Zugriff auf die erfassten Texte erm\u00f6glicht wird. Sie ist aber keineswegs ein fertiges Forschungsergebnis, sondern &hellip; <\/p>\n","protected":false},"author":1511,"featured_media":0,"parent":0,"menu_order":0,"comment_status":"closed","ping_status":"closed","template":"","meta":{"_seopress_robots_primary_cat":"","_seopress_titles_title":"","_seopress_titles_desc":"","_seopress_robots_index":"","footnotes":""},"class_list":["post-798","page","type-page","status-publish"],"_links":{"self":[{"href":"https:\/\/wp.unil.ch\/egodocuments\/de\/wp-json\/wp\/v2\/pages\/798","targetHints":{"allow":["GET"]}}],"collection":[{"href":"https:\/\/wp.unil.ch\/egodocuments\/de\/wp-json\/wp\/v2\/pages"}],"about":[{"href":"https:\/\/wp.unil.ch\/egodocuments\/de\/wp-json\/wp\/v2\/types\/page"}],"author":[{"embeddable":true,"href":"https:\/\/wp.unil.ch\/egodocuments\/de\/wp-json\/wp\/v2\/users\/1511"}],"replies":[{"embeddable":true,"href":"https:\/\/wp.unil.ch\/egodocuments\/de\/wp-json\/wp\/v2\/comments?post=798"}],"version-history":[{"count":3,"href":"https:\/\/wp.unil.ch\/egodocuments\/de\/wp-json\/wp\/v2\/pages\/798\/revisions"}],"predecessor-version":[{"id":5144,"href":"https:\/\/wp.unil.ch\/egodocuments\/de\/wp-json\/wp\/v2\/pages\/798\/revisions\/5144"}],"wp:attachment":[{"href":"https:\/\/wp.unil.ch\/egodocuments\/de\/wp-json\/wp\/v2\/media?parent=798"}],"curies":[{"name":"wp","href":"https:\/\/api.w.org\/{rel}","templated":true}]}}