{"id":192,"date":"2014-01-31T10:40:31","date_gmt":"2014-01-31T09:40:31","guid":{"rendered":"http:\/\/wp.unil.ch\/egodocuments2\/?page_id=192"},"modified":"2025-09-04T09:16:01","modified_gmt":"2025-09-04T07:16:01","slug":"links-2","status":"publish","type":"page","link":"https:\/\/wp.unil.ch\/egodocuments\/de\/links-2\/","title":{"rendered":"Links"},"content":{"rendered":"\n<p class=\"has-medium-font-size\"><strong>Deutschland<\/strong><\/p>\n \n<p class=\"has-text-color has-link-color has-medium-font-size wp-elements-bfb9824d945f41974b2e863b10666b12\"><a href=\"https:\/\/tagebucharchiv.de\/\">Deutsches Tagebucharchiv<\/a><\/p>\n \n<p class=\"has-text-color has-link-color has-medium-font-size wp-elements-0e7eff2e48cb6dac19fde72180b67100\"><a href=\"https:\/\/www.mdsz.thulb.uni-jena.de\/sz\/index.php\">Mitteldeutsche Selbstzeugnisse aus der Zeit des Drei\u00dfigj\u00e4hrigen Krieges<\/a><\/p>\n \n<p class=\"has-text-color has-link-color has-medium-font-size wp-elements-89eda6302b971afda0c799b38a2ce0bc\"><a href=\"https:\/\/www.geschkult.fu-berlin.de\/e\/jancke-quellenkunde\/\">Selbstzeugnisse im Deutschsprachigem Raum<\/a><\/p>\n \n<p class=\"has-medium-font-size\"><strong>\u00d6sterreich<\/strong><\/p>\n \n<p class=\"has-text-color has-link-color has-medium-font-size wp-elements-fc12227c0efc054fbcfae6d08ab70aa0\"><a href=\"https:\/\/sfn.univie.ac.at\/hauptmenue\/sammlung-frauennachlaesse\">Frauennachl\u00e4sse<\/a><\/p>\n \n<p class=\"has-medium-font-size\"><strong>Belgien<\/strong><\/p>\n \n<p class=\"has-text-color has-link-color has-medium-font-size wp-elements-8c717da12237fafee7e538d29f15d2f2\"><a href=\"https:\/\/www.apabel.be\">Archives du patrimoine autobiographique<\/a><\/p>\n \n<p class=\"has-medium-font-size\"><strong>Kanada<\/strong><\/p>\n \n<p class=\"has-text-color has-link-color has-medium-font-size wp-elements-a2dd8770afdfdd44382eca6ff67d5cc1\"><a href=\"https:\/\/www.archivespassememoire.org\">Archives Passe-m\u00e9moire<\/a><\/p>\n \n<p class=\"has-medium-font-size\"><strong>Spanien<\/strong><\/p>\n \n<p class=\"has-text-color has-link-color has-medium-font-size wp-elements-d8d323598c1d8c66fc80a10bdfce0ac6\"><a href=\"https:\/\/www.memoriapersonal.eu\">El Archivo de la Memoria Personal. Base de datos relativos a escritos personales (dietarios, autobiograf\u00edas, etc.), de Catalu\u00f1a y de los territorios de habla catalana<\/a><\/p>\n \n<p class=\"has-medium-font-size\"><strong>Frankreich<\/strong><\/p>\n \n<p class=\"has-text-color has-link-color has-medium-font-size wp-elements-0bed2b5716aa3e4751197a732f23e9a0\"><a href=\"https:\/\/www.autopacte.org\">Autopacte. Ecriture autobiographique sous toutes ses formes<\/a><\/p>\n \n<p class=\"has-text-color has-link-color has-medium-font-size wp-elements-8a81e766fc301b574b0ae94e7cce40c6\"><a href=\"https:\/\/ecritsduforprive.huma-num.fr\">Les \u00e9crits du for priv\u00e9 de la fin du Moyen-\u00e2ge \u00e0 1914<\/a><\/p>\n \n<p class=\"has-text-color has-link-color has-medium-font-size wp-elements-21fe3876888db1d4a423361db3cdb9bb\"><a href=\"https:\/\/ecritspersonnels.huma-num.fr\/s\/ecritspersonnels\/page\/accueil\">\u00c9crits personnels, du Moyen Age au d\u00e9but du 20e si\u00e8cle<\/a><\/p>\n \n<p class=\"has-medium-font-size\"><strong>England<\/strong><\/p>\n \n<p class=\"has-text-color has-link-color has-medium-font-size wp-elements-a9294ce7c0c1aa0e8fcde1a815b8bbbc\"><a href=\"https:\/\/www.thegreatdiaryproject.co.uk\/\">The Great Diary Project<\/a><\/p>\n \n<p class=\"has-medium-font-size\"><strong>Italien<\/strong><\/p>\n \n<p class=\"has-text-color has-link-color has-medium-font-size wp-elements-4cb6d52c915e4771ee0b1316fe7fab4a\"><a href=\"https:\/\/www.archiviodistato.firenze.it\/memoriadonne\/\">Associazione archivio per la memoria e la scrittura delle donne Alessandra Contini Bonacossi<\/a><\/p>\n \n<p class=\"has-text-color has-link-color has-medium-font-size wp-elements-8660487deeadfbd422412577ba3d4c35\"><a href=\"https:\/\/bilf.uniroma2.it\/\">Biblioteca Informatizzata dei Libri di Famiglia<\/a><\/p>\n \n<p class=\"has-text-color has-link-color has-medium-font-size wp-elements-cd6e35ebbf74f38dfa929ae66d1635b3\"><a href=\"https:\/\/archiviodiari.org\/\">Fondazione archivio diaristico nazionale<\/a><\/p>\n \n<p class=\"has-medium-font-size\"><strong>Niederlande<\/strong><\/p>\n \n<p class=\"has-text-color has-link-color has-medium-font-size wp-elements-3511ff1d610bd063be865e0d11749828\"><a href=\"https:\/\/www.egodocument.net\">Center for the Study of Egodocuments and History<\/a><\/p>\n \n<p class=\"has-text-color has-link-color has-medium-font-size wp-elements-14775b65a571a9227edbd3a6bd91a5ae\"><a href=\"https:\/\/www.dagboekarchief.nl\">Nederlands Dagboekarchief<\/a><\/p>\n \n<p class=\"has-medium-font-size\"><strong>Polen<\/strong><\/p>\n \n<p class=\"has-text-color has-link-color has-medium-font-size wp-elements-42b0d313b36052a51742fa4011d7653c\"><a href=\"https:\/\/egodokumenty.umk.pl\/?task=news&amp;action=all\">Egodocumental Research Group<\/a><\/p>\n \n<p class=\"has-medium-font-size\"><strong>Portugal<\/strong><\/p>\n \n<p class=\"has-text-color has-link-color has-medium-font-size wp-elements-a051a5525157594d6de41ff4759ae1eb\"><a href=\"https:\/\/www.arquivodosdiarios.pt\/\">Arquivo dos Di\u00e1rios\u00a0<\/a><\/p>\n \n<p class=\"has-medium-font-size\"><strong>Schweiz<\/strong><\/p>\n \n<p class=\"has-text-color has-link-color has-medium-font-size wp-elements-2d790af7e67bf17972d63d51cb57ec2a\"><a href=\"https:\/\/www.archivesdelavieprivee.ch\">Archives de la vie priv\u00e9e, Gen\u00e8ve<\/a><\/p>\n \n<p class=\"has-text-color has-link-color has-medium-font-size wp-elements-4e66e3783fb9b6f4eda83cf86006f772\"><a href=\"https:\/\/archivesdelavieordinaire.ch\/\">Archives de la vie ordinaire, Neuch\u00e2tel<\/a><\/p>\n \n<p class=\"has-medium-font-size\"><strong>***<\/strong><\/p>\n \n\n<strong><a href=\"https:\/\/podcasts.apple.com\/us\/podcast\/papiers-de-famille-et-%C3%A9crits-personnels-entretien\/id1591386826?i=1000569991906\">\u00ab Papiers de famille et \u00e9crits personnels \u00bb<\/a><\/strong><a href=\"https:\/\/podcasts.apple.com\/us\/podcast\/papiers-de-famille-et-%C3%A9crits-personnels-entretien\/id1591386826?i=100056999190\"><strong>, <\/strong><\/a>Entretien avec les historien.nes Fran\u00e7ois-Joseph Ruggiu (Paris-Sorbonne), Sylvie Mouysset (Toulouse-Jean Jaur\u00e8s), Philip Rieder (Gen\u00e8ve) et Sylvie Moret Petrini (Lausanne)\n\n","protected":false},"excerpt":{"rendered":"<p>Deutschland Deutsches Tagebucharchiv Mitteldeutsche Selbstzeugnisse aus der Zeit des Drei\u00dfigj\u00e4hrigen Krieges Selbstzeugnisse im Deutschsprachigem Raum \u00d6sterreich Frauennachl\u00e4sse Belgien Archives du patrimoine autobiographique Kanada Archives Passe-m\u00e9moire Spanien El Archivo de la &hellip; <\/p>\n","protected":false},"author":1511,"featured_media":0,"parent":0,"menu_order":6,"comment_status":"closed","ping_status":"closed","template":"","meta":{"_seopress_robots_primary_cat":"","_seopress_titles_title":"","_seopress_titles_desc":"","_seopress_robots_index":"","footnotes":""},"class_list":["post-192","page","type-page","status-publish"],"_links":{"self":[{"href":"https:\/\/wp.unil.ch\/egodocuments\/de\/wp-json\/wp\/v2\/pages\/192","targetHints":{"allow":["GET"]}}],"collection":[{"href":"https:\/\/wp.unil.ch\/egodocuments\/de\/wp-json\/wp\/v2\/pages"}],"about":[{"href":"https:\/\/wp.unil.ch\/egodocuments\/de\/wp-json\/wp\/v2\/types\/page"}],"author":[{"embeddable":true,"href":"https:\/\/wp.unil.ch\/egodocuments\/de\/wp-json\/wp\/v2\/users\/1511"}],"replies":[{"embeddable":true,"href":"https:\/\/wp.unil.ch\/egodocuments\/de\/wp-json\/wp\/v2\/comments?post=192"}],"version-history":[{"count":3,"href":"https:\/\/wp.unil.ch\/egodocuments\/de\/wp-json\/wp\/v2\/pages\/192\/revisions"}],"predecessor-version":[{"id":5497,"href":"https:\/\/wp.unil.ch\/egodocuments\/de\/wp-json\/wp\/v2\/pages\/192\/revisions\/5497"}],"wp:attachment":[{"href":"https:\/\/wp.unil.ch\/egodocuments\/de\/wp-json\/wp\/v2\/media?parent=192"}],"curies":[{"name":"wp","href":"https:\/\/api.w.org\/{rel}","templated":true}]}}