{"id":1835,"date":"2018-11-28T09:03:21","date_gmt":"2018-11-28T08:03:21","guid":{"rendered":"http:\/\/wp.unil.ch\/egodocuments\/?page_id=1835"},"modified":"2019-02-01T11:16:39","modified_gmt":"2019-02-01T10:16:39","slug":"2018-2","status":"publish","type":"page","link":"https:\/\/wp.unil.ch\/egodocuments\/de\/neuerscheinungen\/2018-2\/","title":{"rendered":"2018"},"content":{"rendered":"<h2 style=\"text-align: justify\"><span style=\"color: #993300\"><strong>M\u00e9moires du pasteur et professeur Michel Turrettini, seigneur de Turretin, 1644-1720, \u00e9d. par Olivier Fatio, Neuch\u00e2tel, Alphil, 2018.\u00a0<\/strong><\/span><\/h2>\n<p style=\"text-align: justify\"><a href=\"https:\/\/www.alphil.com\/index.php\/nouveautes\/memoires-du-pasteur-et-professeur-michel-turrettini-seigneur-de-turretin-1644-1720.html\"><img alt=\"\" loading=\"lazy\" decoding=\"async\" class=\"alignleft size-medium wp-image-1934\" src=\"https:\/\/wp.unil.ch\/egodocuments\/files\/2019\/02\/41uEdDTaoxL._SX376_BO1204203200_-227x300.jpg\" alt=\"\" width=\"227\" height=\"300\" srcset=\"https:\/\/wp.unil.ch\/egodocuments\/files\/2019\/02\/41uEdDTaoxL._SX376_BO1204203200_-227x300.jpg 227w, https:\/\/wp.unil.ch\/egodocuments\/files\/2019\/02\/41uEdDTaoxL._SX376_BO1204203200_.jpg 378w\" sizes=\"auto, (max-width: 227px) 100vw, 227px\" \/><\/a><span style=\"color: #993300\">Begleittext des Verlags :\u00a0<\/span><\/p>\n<p style=\"text-align: justify\"><em>Les M\u00e9moires<\/em> du pasteur et professeur d\u2019h\u00e9breu Michel Turrettini (1646-1721) constituent un document incontournable pour l\u2019histoire de Gen\u00e8ve entre 1650 et 1720. Ils racontent la saga de l\u2019une des plus importantes familles du refuge italien, les Turrettini. Ce texte tr\u00e8s vari\u00e9 d\u00e9crit l\u2019intimit\u00e9 de la vie familiale, les maladies des enfants et leurs rem\u00e8des ou les accidents des parents ; il d\u00e9peint la noblesse vaudoise \u00e0 laquelle Michel est alli\u00e9 par son mariage, le meurtre de son fr\u00e8re par deux gar\u00e7ons de bonne famille qui \u00e9chappent \u00e0 la rigueur de la justice gr\u00e2ce \u00e0 leurs appuis gouvernementaux, le d\u00e9position temporaire de Michel apr\u00e8s de virulents sermons contre le laxisme du magistrat qui avait tol\u00e9r\u00e9 une repr\u00e9sentation du <em>Cid<\/em>, l\u2019arriv\u00e9e de milliers de r\u00e9fugi\u00e9s \u00e0 la suite de la R\u00e9vocation de l\u2019\u00c9dit de Nantes, le fonctionnement de l\u2019Acad\u00e9mie dont Turrettini est recteur, la crise politique de 1707 et l\u2019ex\u00e9cution de Pierre Fatio tenu pour un homme d\u2019esprit certes, mais pour \u00ab un m\u00e9chant homme \u00bb et un s\u00e9ditieux. Personnalit\u00e9 intense \u00e0 la foi profonde, esprit curieux et temp\u00e9rament sourcilleux, Michel Turrettini redresse avec t\u00e9nacit\u00e9 une situation mat\u00e9rielle d\u00e9sastreuse caus\u00e9e par les investissements inconsid\u00e9r\u00e9s de son p\u00e8re dans la construction d\u2019un canal entre Morges et Yverdon destin\u00e9 \u00e0 relier la M\u00e9diterran\u00e9e \u00e0 la mer du Nord. Ses M\u00e9moires fourmillent de notations familiales, politiques, sociales, \u00e9conomiques, m\u00e9dicales ou religieuses qui en font une source unique pour l\u2019histoire de son \u00e9poque.<\/p>\n<h2 style=\"text-align: justify\"><span style=\"color: #993300\">Jeanne Huc-Mazelet, <em>Je suis moi, ils sont eux. Lettres et journal d&#8217;une gouvernante \u00e0 la Cour de Russie, 1790-1804<\/em>, texte \u00e9dit\u00e9, pr\u00e9sent\u00e9 et annot\u00e9 par Dani\u00e8le Tosato-Rigo, Denise Francillon, Genevi\u00e8ve Heller, en collaboration avec Amandine Eimann, Albertine Grisoni, Sylvie Moret Petrini, Anne-Laure Sabatier, Valentina Smekalina,\u00a0\u00c9ditions d\u2019en bas, collection Ethno-Doc, 2018,\u00a0<\/span><span style=\"color: #993300\">256 p.<\/span><a href=\"https:\/\/www.ethno-doc.ch\/ouvrage\/je-suis-moi-ils-sont-eux\/\"><img alt=\"\" loading=\"lazy\" decoding=\"async\" class=\"alignright size-medium wp-image-1858\" src=\"https:\/\/wp.unil.ch\/egodocuments\/files\/2018\/11\/Couverture_Mazelet-228x320-214x300.png\" alt=\"\" width=\"214\" height=\"300\" srcset=\"https:\/\/wp.unil.ch\/egodocuments\/files\/2018\/11\/Couverture_Mazelet-228x320-214x300.png 214w, https:\/\/wp.unil.ch\/egodocuments\/files\/2018\/11\/Couverture_Mazelet-228x320.png 228w\" sizes=\"auto, (max-width: 214px) 100vw, 214px\" \/><\/a><\/h2>\n<p style=\"text-align: justify\"><span style=\"color: #993300\">Begleittext des Verlags : <\/span><\/p>\n<p style=\"text-align: justify\">Rien ne pr\u00e9destinait Jeanne Huc-Mazelet (1765-1852) \u00e0 fr\u00e9quenter un jour la cour des tsars comme gouvernante de la grande-duchesse Marie Pavlovna, l\u2019une des petites-filles de Catherine II. Elle est pr\u00e9sent\u00e9e par Fr\u00e9d\u00e9ric-C\u00e9sar de La Harpe, pr\u00e9cepteur des grands-ducs Alexandre et Constantin. Elle y restera quatorze ans, de 1790 \u00e0 1804. Tout en poursuivant son propre r\u00eave \u2013 l\u2019\u00e9mancipation \u00e9conomique \u2013, Jeanne s\u2019investira dans l\u2019\u00e9ducation de son imp\u00e9riale \u00e9l\u00e8ve, t\u00e2che exigeante s\u2019il en est.<\/p>\n<h2 style=\"text-align: justify\"><span style=\"color: #993300\">\u00ab Aupr\u00e8s de mon \u00e9critoire \u00bb.\u00a0Le Copie-lettres (1732-1754) de Fran\u00e7ois Pierre de Reynold,\u00a0<\/span><span style=\"color: #993300\">texte \u00e9dit\u00e9, pr\u00e9sent\u00e9 et annot\u00e9 par <\/span><span style=\"color: #993300\">Rita Binz-Wohlhauser, Simone de Reyff, Alexandre Dafflon, Walter Haas, Neuch\u00e2tel, Alphil, 2018, 944 p.<\/span><\/h2>\n<p style=\"text-align: justify\"><span style=\"color: #993300\"><br \/>\n<a href=\"https:\/\/www.alphil.com\/index.php\/aupres-de-mon-ecritoire.html?___store=fr_chf&amp;___from_store=en_chf\"><img alt=\"\" loading=\"lazy\" decoding=\"async\" class=\"alignleft size-medium wp-image-1922\" src=\"https:\/\/wp.unil.ch\/egodocuments\/files\/2019\/01\/3088-sitealphil-reynold_1-188x300.png\" alt=\"\" width=\"188\" height=\"300\" srcset=\"https:\/\/wp.unil.ch\/egodocuments\/files\/2019\/01\/3088-sitealphil-reynold_1-188x300.png 188w, https:\/\/wp.unil.ch\/egodocuments\/files\/2019\/01\/3088-sitealphil-reynold_1.png 263w\" sizes=\"auto, (max-width: 188px) 100vw, 188px\" \/><\/a>Begleittext des Verlags\u00a0:\u00a0<\/span>Le Fribourgeois Fran\u00e7ois Pierre de Reynold (1709-1759) a laiss\u00e9 un document majeur pour l\u2019\u00e9tude d\u2019un microcosme social sous l\u2019Ancien R\u00e9gime : quatre cahiers, dans lesquels il consigne l\u2019essentiel de sa correspondance active entre 1732 et 1754. La vari\u00e9t\u00e9 de ces lettres, tant par les sujets qu\u2019elles abordent que par la gamme contrast\u00e9e de leurs destinataires, propose un t\u00e9moignage exceptionnel de la vie quotidienne, mais aussi de l\u2019organisation politique, des rapports sociaux et des conditions \u00e9conomiques qui r\u00e9gissent Fribourg au mitan du xv???e si\u00e8cle, avec, en toile de fond, les \u00e9chos de l\u2019histoire europ\u00e9enne.<br \/>\nR\u00e9dig\u00e9es en majorit\u00e9 en fran\u00e7ais, mais aussi en allemand (64 lettres), avec quelques incursions vers l\u2019italien, voire le latin, ces lettres sont \u00e9galement un reflet pr\u00e9cieux des m\u00e9canismes subtils associ\u00e9s \u00e0 une culture bilingue. Elles t\u00e9moignent de la pr\u00e9\u00e9minence du fran\u00e7ais comme langue de la \u00ab bonne soci\u00e9t\u00e9 \u00bb, mais soulignent de plus l\u2019importance de l\u2019allemand, langue officielle du r\u00e9gime patricien. L\u2019attirance manifeste de l\u2019\u00e9pistolier pour la culture fran\u00e7aise ne contredit en rien son sentiment d\u2019appartenance \u00e0 un univers distinct : en enregistrant la modeste production des heures pass\u00e9es \u00ab aupr\u00e8s de son \u00e9critoire \u00bb, il annonce la prise de conscience identitaire qui se g\u00e9n\u00e9ralisera \u00e0 la fin du si\u00e8cle.<\/p>\n<p style=\"text-align: justify\">\n","protected":false},"excerpt":{"rendered":"<p>M\u00e9moires du pasteur et professeur Michel Turrettini, seigneur de Turretin, 1644-1720, \u00e9d. par Olivier Fatio, Neuch\u00e2tel, Alphil, 2018.\u00a0 Begleittext des Verlags :\u00a0 Les M\u00e9moires du pasteur et professeur d\u2019h\u00e9breu Michel &hellip; <\/p>\n","protected":false},"author":1511,"featured_media":0,"parent":991,"menu_order":0,"comment_status":"closed","ping_status":"closed","template":"","meta":{"_seopress_robots_primary_cat":"","_seopress_titles_title":"","_seopress_titles_desc":"","_seopress_robots_index":"","footnotes":""},"class_list":["post-1835","page","type-page","status-publish"],"_links":{"self":[{"href":"https:\/\/wp.unil.ch\/egodocuments\/de\/wp-json\/wp\/v2\/pages\/1835","targetHints":{"allow":["GET"]}}],"collection":[{"href":"https:\/\/wp.unil.ch\/egodocuments\/de\/wp-json\/wp\/v2\/pages"}],"about":[{"href":"https:\/\/wp.unil.ch\/egodocuments\/de\/wp-json\/wp\/v2\/types\/page"}],"author":[{"embeddable":true,"href":"https:\/\/wp.unil.ch\/egodocuments\/de\/wp-json\/wp\/v2\/users\/1511"}],"replies":[{"embeddable":true,"href":"https:\/\/wp.unil.ch\/egodocuments\/de\/wp-json\/wp\/v2\/comments?post=1835"}],"version-history":[{"count":0,"href":"https:\/\/wp.unil.ch\/egodocuments\/de\/wp-json\/wp\/v2\/pages\/1835\/revisions"}],"up":[{"embeddable":true,"href":"https:\/\/wp.unil.ch\/egodocuments\/de\/wp-json\/wp\/v2\/pages\/991"}],"wp:attachment":[{"href":"https:\/\/wp.unil.ch\/egodocuments\/de\/wp-json\/wp\/v2\/media?parent=1835"}],"curies":[{"name":"wp","href":"https:\/\/api.w.org\/{rel}","templated":true}]}}