{"id":175,"date":"2014-01-31T10:35:07","date_gmt":"2014-01-31T09:35:07","guid":{"rendered":"http:\/\/wp.unil.ch\/egodocuments2\/?page_id=175"},"modified":"2025-09-04T08:42:06","modified_gmt":"2025-09-04T06:42:06","slug":"einleitung","status":"publish","type":"page","link":"https:\/\/wp.unil.ch\/egodocuments\/de\/einleitung\/","title":{"rendered":"Einleitung"},"content":{"rendered":"<p><em>Egodocuments.ch<\/em> wurde bei mehreren Projekten vom Schweizerischen Nationalfonds unterst\u00fctzt: <em>Deutschschweizerische Selbstzeugnisse (1500-1800) als Quellen der Mentalit\u00e4tsgeschichte<\/em>, geleitet von 1996 bis 2003 von Kaspar von Greyerz an den Universit\u00e4ten Z\u00fcrich und Basel, <em>L\u2019\u00e9ducation domestique au miroir des \u00e9crits personnels en Suisse romande (1750-1820)<\/em>, <em>Valorisation scientifique des \u00e9crits personnels de Suisse latine (1500-1820)<\/em>, <em>Voyager et g\u00e9rer au f\u00e9minin (XVIIIe-d\u00e9but XIXe s.)<\/em>, geleitet von 2011 bis 2019 von Dani\u00e8le Tosato-Rigo (Universit\u00e4t Lausanne).<\/p>\n<p><em>Egodocuments.ch<\/em> wurde 2019 mit der Zusammenf\u00fchrung der Daten aus der deutsch-, franz\u00f6sich- und italienischsprachigen Schweiz ins Leben gerufen und von Kollegen aus allen Kantonen unterst\u00fctzt, darunter Andreas Affolter (Staatsarchiv SO), Gianenrico Bernasconi (UNINE), Michael Blatter (Stadtarchiv Sursee), Jasmina Cornut (Patrimoine culturel VS), Heidi Eisenhut (Kant.Bibl. AR), Fran\u00e7ois Falconnet (Arch.cant.VD), Madline Favre (UniL), Sandro Frefel (Landesarchiv AI), Wolfgang G\u00f6ldi (Kant.Bibl. SG Vadiana), Doroth\u00e9e Guggenheimer (Stadtarch. SG), Kaspar von Greyerz (UNIBAS), Sandro Guzzi-Heeb (UniL), Lorenz Heiligensetzer (Universit\u00e4tsbibl. BS), Philippe Henry (UNINE), Jean-Pierre Jelmini (UNINE), Sylviane Messerli (M\u00e9moires d\u2019Ici, Saint-Imier), Francesca Nussio (Istituto per la ricerca sulla cultura grigione), Jean-Claude Rebetez (Arch. Ancien Ev\u00each\u00e9 de B\u00e2le), Philip Rieder (UNIGE), Andreas W\u00fcrgler (UNIGE), Roberto Zaugg (UNIZH).<\/p>\n<p>Seit 2019 wird die Datenbank von Sylvie Moret Petrini weiterentwickelt, und seit 2025 f\u00fcr die Erstellung der neuen Datenbl\u00e4tter von Nathalie Dahn-Singh unterst\u00fctzt.<\/p>\n<div>\n<table style=\"height: 100px\" width=\"600\">\n<tbody>\n<tr>\n<td style=\"width: 252px\" width=\"225\"><span style=\"color: #000000\"><em>Wissenschaftliche Leiterin<\/em><\/span><\/td>\n<td style=\"width: 332px;text-align: left\" width=\"298\"><span style=\"color: #000000\">Sylvie Moret Petrini, Universit\u00e9 de Lausanne<\/span><\/p>\n<p>Dani\u00e8le Tosato-Rigo, <span style=\"color: #000000\">Universit\u00e9 de Lausanne<\/span><\/td>\n<\/tr>\n<tr>\n<td style=\"width: 252px\" width=\"225\"><span style=\"color: #000000\"><em>Leitung der erw\u00e4hnten<\/em><\/span><span style=\"color: #000000\"><em>SNF <\/em><em>Projekte\u00a0<\/em>:<\/span><\/td>\n<td style=\"width: 332px;text-align: left\" width=\"298\"><span style=\"color: #000000\">Kaspar von Greyerz, Universit\u00e4t Basel<\/span><\/p>\n<p>Dani\u00e8le Tosato-Rigo, Universit\u00e9 de Lausanne<\/td>\n<\/tr>\n<tr>\n<td style=\"width: 252px\" width=\"225\"><span style=\"color: #000000\"><em>Projektmitarbeiter\/innen <\/em>:<\/span><\/td>\n<td style=\"width: 332px;text-align: left\" width=\"298\"><span style=\"color: #000000\">Sebastian Leutert, Universit\u00e4t Basel<\/span><\/p>\n<p>Gudrun Piller, Universit\u00e4t Basel<\/p>\n<p><span style=\"color: #000000\">Lorenz Heiligensetzer, Universit\u00e4t Basel<\/span><\/p>\n<p>Nathalie Dahn-Singh, Universit\u00e9 de Lausanne<\/p>\n<p><span style=\"color: #000000\">Fiona Fleischner, Universit\u00e9 de Lausanne<\/span><\/p>\n<p><span style=\"color: #000000\">Ma\u00efla Kocher Girinshuti, Universit\u00e9 de Lausanne<\/span><\/p>\n<p><span style=\"color: #000000\">Miriam Nicoli, Universit\u00e9 de Lausanne<\/span><\/td>\n<\/tr>\n<tr>\n<td style=\"width: 252px\" width=\"225\"><span style=\"color: #000000\"><em>Zeitweilige Mitarbeiter\/-innen : <\/em><\/span><\/td>\n<td style=\"width: 332px;text-align: left\" width=\"298\"><span style=\"color: #000000\">Roland Hofer, archiviste d&#8217;\u00e9tat, Schaffhouse<\/span><\/p>\n<p>Urs Martin Zahnd, Universit\u00e4t Bern<\/p>\n<p><span style=\"color: #000000\">Lucas Rappo, Universit\u00e9 de Lausanne<\/span><\/td>\n<\/tr>\n<tr>\n<td style=\"width: 252px\" width=\"225\"><span style=\"color: #000000\"><i>Technischer Support<\/i> :<\/span><\/td>\n<td style=\"width: 332px;text-align: left\" width=\"298\"><span style=\"color: #000000\">Jacqueline Frey, Universit\u00e9 de Lausanne, Centre informatique<\/span><\/p>\n<p>Isabelle Moullet, Universit\u00e9 de Lausanne, Centre informatique<\/td>\n<\/tr>\n<tr>\n<td style=\"width: 252px\" width=\"225\"><span style=\"color: #000000\"><i>Etablierung der Filemaker-Datenbank :\u00a0<\/i><\/span><\/td>\n<td style=\"width: 332px;text-align: left\" width=\"298\"><span style=\"color: #000000\">Jan Hodel<\/span><\/p>\n<p>Karl Larson<\/p>\n<p>Elias Kreyenb\u00fchl<\/td>\n<\/tr>\n<\/tbody>\n<\/table>\n<p style=\"font-style: inherit;color: inherit\">\n<\/div>\n<div style=\"text-align: left\"><span class=\"Apple-style-span\" style=\"border-collapse: collapse\">\u00a0<\/span><\/div>\n","protected":false},"excerpt":{"rendered":"<p>Egodocuments.ch wurde bei mehreren Projekten vom Schweizerischen Nationalfonds unterst\u00fctzt: Deutschschweizerische Selbstzeugnisse (1500-1800) als Quellen der Mentalit\u00e4tsgeschichte, geleitet von 1996 bis 2003 von Kaspar von Greyerz an den Universit\u00e4ten Z\u00fcrich und &hellip; <\/p>\n","protected":false},"author":1511,"featured_media":0,"parent":0,"menu_order":1,"comment_status":"closed","ping_status":"closed","template":"","meta":{"_seopress_robots_primary_cat":"","_seopress_titles_title":"","_seopress_titles_desc":"","_seopress_robots_index":"","footnotes":""},"class_list":["post-175","page","type-page","status-publish"],"_links":{"self":[{"href":"https:\/\/wp.unil.ch\/egodocuments\/de\/wp-json\/wp\/v2\/pages\/175","targetHints":{"allow":["GET"]}}],"collection":[{"href":"https:\/\/wp.unil.ch\/egodocuments\/de\/wp-json\/wp\/v2\/pages"}],"about":[{"href":"https:\/\/wp.unil.ch\/egodocuments\/de\/wp-json\/wp\/v2\/types\/page"}],"author":[{"embeddable":true,"href":"https:\/\/wp.unil.ch\/egodocuments\/de\/wp-json\/wp\/v2\/users\/1511"}],"replies":[{"embeddable":true,"href":"https:\/\/wp.unil.ch\/egodocuments\/de\/wp-json\/wp\/v2\/comments?post=175"}],"version-history":[{"count":5,"href":"https:\/\/wp.unil.ch\/egodocuments\/de\/wp-json\/wp\/v2\/pages\/175\/revisions"}],"predecessor-version":[{"id":5484,"href":"https:\/\/wp.unil.ch\/egodocuments\/de\/wp-json\/wp\/v2\/pages\/175\/revisions\/5484"}],"wp:attachment":[{"href":"https:\/\/wp.unil.ch\/egodocuments\/de\/wp-json\/wp\/v2\/media?parent=175"}],"curies":[{"name":"wp","href":"https:\/\/api.w.org\/{rel}","templated":true}]}}