{"id":1365,"date":"2016-05-21T17:54:43","date_gmt":"2016-05-21T15:54:43","guid":{"rendered":"http:\/\/wp.unil.ch\/egodocuments\/de\/?page_id=1365"},"modified":"2021-05-06T18:09:25","modified_gmt":"2021-05-06T16:09:25","slug":"news","status":"publish","type":"page","link":"https:\/\/wp.unil.ch\/egodocuments\/de\/news\/","title":{"rendered":"News"},"content":{"rendered":"<p style=\"text-align: justify\">www.egodocuments.ch vous annonce l&#8217;exposition suivante :<\/p>\n<header class=\"event entry-header\"><\/header>\n<div class=\"entry-date\" style=\"text-align: justify\"><\/div>\n<div class=\"entry-content\" style=\"text-align: justify\">\n<h2 style=\"text-align: center\"><strong>\u00a0 \u00a0 \u00a0 \u00a0 \u00a0 \u00a0 \u00a0 \u00a0 \u00a0 \u00a0 \u00a0 \u00a0 \u00a0 \u00a0 \u00a0 \u00a0 \u00a0 \u00a0 \u00a0 \u00a0 \u00a0 \u00a0 \u00a0 \u00a0<a href=\"https:\/\/www.bcu-lausanne.ch\/events\/lappel-de-lest-precepteurs-et-gouvernantes-suisses-a-la-cour-de-russie\/#.We4N9COLQQ8\">L\u2019appel de l\u2019Est. \u00a0 \u00a0 \u00a0 \u00a0 \u00a0 \u00a0 \u00a0 \u00a0 \u00a0 \u00a0 \u00a0 \u00a0 \u00a0 \u00a0 \u00a0 \u00a0 \u00a0 \u00a0 \u00a0 \u00a0 \u00a0 \u00a0 \u00a0 \u00a0 \u00a0 \u00a0 \u00a0 \u00a0 Pr\u00e9cepteurs et gouvernantes suisses \u00e0 la Cour de Russie<\/a><\/strong><\/h2>\n<p style=\"text-align: center\">27 octobre 2017 &#8211; 15 avril 2018 (Lausanne, Palais de Rumine)<\/p>\n<blockquote>\n<p style=\"text-align: center\">\u00abTout ce qui m\u2019entoure est grand et ma place est modeste. Elle ne me laisse que la libert\u00e9 d\u2019\u00eatre toujours moi-m\u00eame, ce qui est beaucoup quand on est aux gages de ceux qu\u2019on sert\u00bb.<br \/>\n<em>Jeanne Huc-Mazelet<\/em><\/p>\n<\/blockquote>\n<p>Cette exposition met en lumi\u00e8re le destin exceptionnel du pr\u00e9cepteur Fr\u00e9d\u00e9ric-C\u00e9sar de La Harpe et des gouvernantes Jeanne Huc-Mazelet et Esther Monod, auxquels la tsarine Catherine II a confi\u00e9 pendant plusieurs ann\u00e9es l\u2019\u00e9ducation de quatre de ses petits-enfants: Alexandre, le futur tsar de Russie, son fr\u00e8re Constantin, ainsi que leurs s\u0153urs H\u00e9l\u00e8ne et Marie. La trajectoire des enseignants et leur exp\u00e9rience \u00e9ducative y sont \u00e9voqu\u00e9es gr\u00e2ce \u00e0 leurs lettres, journaux personnels et mat\u00e9riaux p\u00e9dagogiques. Conserv\u00e9s \u00e0 la BCUL, ces \u00e9crits font sortir de l\u2019ombre la qu\u00eate de \u00ab bonne fortune \u00bb de Suisses en Russie et leur r\u00f4le dans la formation de princes et princesses destin\u00e9s un jour \u00e0 r\u00e9gner.<\/p>\n<p><strong>En collaboration avec la Section d\u2019histoire \u2013 UNIL et le Consulat g\u00e9n\u00e9ral<\/strong> <strong>honoraire de la F\u00e9d\u00e9ration de Russie \u00e0 Lausanne<\/strong><\/p>\n<p>Publication accompagnant l&#8217;exposition :<\/p>\n<\/div>\n<h1 style=\"text-align: justify\">Dani\u00e8le Tosato-Rigo et Sylvie Moret Petrini, <em>L&#8217;appel de l&#8217;Est. Pr\u00e9cepteurs et gouvernantes suisses \u00e0 la Cour de Russie (1760-1820)<\/em>, Lausanne, Unil, 2017, 64\u00a0p., 20 fr., frais de port inclus.<\/h1>\n<p style=\"text-align: justify\"><img alt=\"\" loading=\"lazy\" decoding=\"async\" class=\"size-medium wp-image-1570 alignleft\" src=\"https:\/\/wp.unil.ch\/egodocuments\/files\/2017\/10\/16292170919_NOPIXEL_@_NEW_COUV_QUADRI__1_.LH195x260_CSWTD.BAT_-e1508768655752-223x300.jpg\" alt=\"\" width=\"223\" height=\"300\" srcset=\"https:\/\/wp.unil.ch\/egodocuments\/files\/2017\/10\/16292170919_NOPIXEL_@_NEW_COUV_QUADRI__1_.LH195x260_CSWTD.BAT_-e1508768655752-223x300.jpg 223w, https:\/\/wp.unil.ch\/egodocuments\/files\/2017\/10\/16292170919_NOPIXEL_@_NEW_COUV_QUADRI__1_.LH195x260_CSWTD.BAT_-e1508768655752-768x1033.jpg 768w, https:\/\/wp.unil.ch\/egodocuments\/files\/2017\/10\/16292170919_NOPIXEL_@_NEW_COUV_QUADRI__1_.LH195x260_CSWTD.BAT_-e1508768655752-762x1024.jpg 762w, https:\/\/wp.unil.ch\/egodocuments\/files\/2017\/10\/16292170919_NOPIXEL_@_NEW_COUV_QUADRI__1_.LH195x260_CSWTD.BAT_-e1508768655752.jpg 871w\" sizes=\"auto, (max-width: 223px) 100vw, 223px\" \/>Entre 1760 et 1820, de nombreux Suisses et Suissesses partent en Russie, et \u00e0 Saint-P\u00e9tersbourg en particulier. Parce que les nobles russes engagent syst\u00e9matiquement des gouvernantes et pr\u00e9cepteurs \u00e9trangers, capables d\u2019enseigner le fran\u00e7ais \u00e0 leurs enfants, les Romand-e-s y trouvent de nouveaux d\u00e9bouch\u00e9s professionnels. A la cour de Russie des ann\u00e9es 1790, les neuf petits-enfants de l\u2019imp\u00e9ratrice Catherine II ont un \u00e9ducateur et\/ou une \u00e9ducatrice suisse parmi les p\u00e9dagogues qui les entourent ! C\u2019est \u00e0 ces \u00abmissionnaires de l\u2019\u00e9ducation\u00bb qu\u2019est consacr\u00e9 cet ouvrage. Il met en valeur les exceptionnels fonds d\u2019archives de trois d\u2019entre eux (Fr\u00e9d\u00e9ric-C\u00e9sar de La Harpe, Esther Monod et Jeanne Huc-Mazelet) conserv\u00e9s \u00e0 la Biblioth\u00e8que cantonale et universitaire de Lausanne. Au fil des pages, lecteurs et lectrices pourront d\u00e9couvrir gr\u00e2ce \u00e0 leurs pr\u00e9cieux t\u00e9moignages \u2013 correspondances, journaux personnels, supports d\u2019enseignement ou billets d\u2019\u00e9l\u00e8ves \u2013 la double exp\u00e9rience des pr\u00e9cepteurs et gouvernantes : celle de l\u2019\u00e9loignement dans un monde russe inconnu, et celle de l\u2019enseignement \u00e0 des \u00e9l\u00e8ves appel\u00e9-e-s un jour \u00e0 r\u00e9gner.<\/p>\n<p style=\"text-align: justify\"><a href=\"https:\/\/wp.unil.ch\/egodocuments\/files\/2017\/10\/sommaire_appel-e1508770419422.jpg\">Table des mati\u00e8res<\/a><\/p>\n<p style=\"text-align: justify\">Pour commander\/acheter cet ouvrage, veuillez utiliser le formulaire de contact\u00a0<a href=\"https:\/\/wp.unil.ch\/egodocuments\/de\/contact-3\/\">?<\/a><\/p>\n<p style=\"text-align: justify\">Poursuivre vers le site\u00a0 \u00a0 \u00a0 \u00a0 <a href=\"https:\/\/wp.unil.ch\/egodocuments\/de\/home-2\/\">de<\/a> \u00a0 \u00a0 \u00a0 \u00a0<a href=\"https:\/\/wp.unil.ch\/egodocuments\/it\/home-test\/\">it<\/a>\u00a0 \u00a0 \u00a0 \u00a0 <a href=\"https:\/\/wp.unil.ch\/egodocuments\/accueil-test\/\">\u00a0<\/a><a href=\"https:\/\/wp.unil.ch\/egodocuments\/accueil-test\/\">fr<\/a><\/p>\n<p>&nbsp;<\/p>\n","protected":false},"excerpt":{"rendered":"<p>www.egodocuments.ch vous annonce l&#8217;exposition suivante : \u00a0 \u00a0 \u00a0 \u00a0 \u00a0 \u00a0 \u00a0 \u00a0 \u00a0 \u00a0 \u00a0 \u00a0 \u00a0 \u00a0 \u00a0 \u00a0 \u00a0 \u00a0 \u00a0 \u00a0 \u00a0 \u00a0 \u00a0 \u00a0L\u2019appel &hellip; <\/p>\n","protected":false},"author":1511,"featured_media":0,"parent":0,"menu_order":0,"comment_status":"closed","ping_status":"closed","template":"","meta":{"_seopress_robots_primary_cat":"","_seopress_titles_title":"","_seopress_titles_desc":"","_seopress_robots_index":"","footnotes":""},"class_list":["post-1365","page","type-page","status-publish"],"_links":{"self":[{"href":"https:\/\/wp.unil.ch\/egodocuments\/de\/wp-json\/wp\/v2\/pages\/1365","targetHints":{"allow":["GET"]}}],"collection":[{"href":"https:\/\/wp.unil.ch\/egodocuments\/de\/wp-json\/wp\/v2\/pages"}],"about":[{"href":"https:\/\/wp.unil.ch\/egodocuments\/de\/wp-json\/wp\/v2\/types\/page"}],"author":[{"embeddable":true,"href":"https:\/\/wp.unil.ch\/egodocuments\/de\/wp-json\/wp\/v2\/users\/1511"}],"replies":[{"embeddable":true,"href":"https:\/\/wp.unil.ch\/egodocuments\/de\/wp-json\/wp\/v2\/comments?post=1365"}],"version-history":[{"count":0,"href":"https:\/\/wp.unil.ch\/egodocuments\/de\/wp-json\/wp\/v2\/pages\/1365\/revisions"}],"wp:attachment":[{"href":"https:\/\/wp.unil.ch\/egodocuments\/de\/wp-json\/wp\/v2\/media?parent=1365"}],"curies":[{"name":"wp","href":"https:\/\/api.w.org\/{rel}","templated":true}]}}