{"id":1008,"date":"2014-10-14T10:21:29","date_gmt":"2014-10-14T08:21:29","guid":{"rendered":"http:\/\/wp.unil.ch\/egodocuments\/?page_id=1008"},"modified":"2026-04-13T15:15:59","modified_gmt":"2026-04-13T13:15:59","slug":"home-2","status":"publish","type":"page","link":"https:\/\/wp.unil.ch\/egodocuments\/de\/","title":{"rendered":"Home"},"content":{"rendered":"\n<p><\/p>\n\n\n\n<p class=\"has-text-align-center has-medium-font-size\" style=\"font-style:normal;font-weight:400\">Egodocuments.ch ist eine Datenbank die regestartig \u00fcber 1700 Selbstzeugnisse \u2013 Autobiografien, Tageb\u00fccher aller Art, Reiseberichte, Gesch\u00e4ftsb\u00fccher, Chroniken, Familienb\u00fccher \u2013 des 16.- Anfangs 19. Jahrhunderts aus Archiven und Bibliotheken der vier Sprachregionen der Schweiz verzeichnet.<\/p>\n\n\n\n<p class=\"has-text-align-center has-medium-font-size\" style=\"font-style:normal;font-weight:400\">Als Work in progress, bietet die Datenbank Zugang zu einer wachsenden Anzahl von Digitalisaten und Transkriptionen der verzeichneten Dokumente.<\/p>\n\n\n\n<p class=\"has-text-align-center has-medium-font-size\" style=\"font-style:normal;font-weight:400\">Besitzen Sie ein interessantes, unver\u00f6ffentlichtes Selbstzeugnis oder haben Sie eines entdeckt? Sind Sie Forscher\/in und m\u00f6chten ein Datenblatt verfassen? <\/p>\n\n\n\n<p class=\"has-text-align-center has-black-color has-text-color has-medium-font-size\" style=\"font-style:normal;font-weight:400\">Bitte melden Sie sich \u00fcber das <a href=\"https:\/\/wp.unil.ch\/egodocuments\/de\/kontakt\/\">Kontaktformular<\/a> an.<\/p>\n\n\n\n<p class=\"has-text-align-center has-medium-font-size\" style=\"font-style:normal;font-weight:300\"><\/p>\n\n\n<div class=\"wp-block-image\">\n<figure class=\"aligncenter size-large\"><a href=\"http:\/\/chrome-extension:\/\/efaidnbmnnnibpcajpcglclefindmkaj\/https:\/\/www.bezg.ch\/img\/publikation\/15_3\/schmid_03_15.pdf\"><img alt=\"\" loading=\"lazy\" decoding=\"async\" width=\"651\" height=\"1024\" src=\"https:\/\/wp.unil.ch\/egodocuments\/files\/2026\/04\/waser_johann-heinrich_1-651x1024.jpeg\" alt=\"\" class=\"wp-image-5706\" srcset=\"https:\/\/wp.unil.ch\/egodocuments\/files\/2026\/04\/waser_johann-heinrich_1-651x1024.jpeg 651w, https:\/\/wp.unil.ch\/egodocuments\/files\/2026\/04\/waser_johann-heinrich_1-191x300.jpeg 191w, https:\/\/wp.unil.ch\/egodocuments\/files\/2026\/04\/waser_johann-heinrich_1-768x1209.jpeg 768w, https:\/\/wp.unil.ch\/egodocuments\/files\/2026\/04\/waser_johann-heinrich_1.jpeg 800w\" sizes=\"auto, (max-width: 651px) 100vw, 651px\" \/><\/a><figcaption class=\"wp-element-caption\"><a href=\"https:\/\/www.e-manuscripta.ch\/zuz\/content\/titleinfo\/2449718\">Waser, Johann Heinrich: Itinerarium Italiae, Belgi, Angliae, Germaniae, Bohemiae et Helvetiae : Jo[hannes] Henricus Waserus. [Z\u00fcrich], 1621-1630. Zentralbibliothek Z\u00fcrich, Ms G 1, https:\/\/doi.org\/10.7891\/e-manuscripta-86713 \/ Public Domain Mark<\/a><\/figcaption><\/figure>\n<\/div>\n\n\n<p class=\"has-medium-font-size\"><\/p>\n\n\n\n<p class=\"has-white-color has-text-color\">a<\/p>\n\n\n\n<p class=\"has-white-color has-text-color\">a<\/p>\n\n\n\n<p>Update : 13.04.2026<\/p>\n","protected":false},"excerpt":{"rendered":"<p>Egodocuments.ch ist eine Datenbank die regestartig \u00fcber 1700 Selbstzeugnisse \u2013 Autobiografien, Tageb\u00fccher aller Art, Reiseberichte, Gesch\u00e4ftsb\u00fccher, Chroniken, Familienb\u00fccher \u2013 des 16.- Anfangs 19. Jahrhunderts aus Archiven und Bibliotheken der vier &hellip; <\/p>\n","protected":false},"author":1511,"featured_media":0,"parent":0,"menu_order":0,"comment_status":"closed","ping_status":"closed","template":"","meta":{"_seopress_robots_primary_cat":"","_seopress_titles_title":"","_seopress_titles_desc":"","_seopress_robots_index":"","footnotes":""},"class_list":["post-1008","page","type-page","status-publish"],"_links":{"self":[{"href":"https:\/\/wp.unil.ch\/egodocuments\/de\/wp-json\/wp\/v2\/pages\/1008","targetHints":{"allow":["GET"]}}],"collection":[{"href":"https:\/\/wp.unil.ch\/egodocuments\/de\/wp-json\/wp\/v2\/pages"}],"about":[{"href":"https:\/\/wp.unil.ch\/egodocuments\/de\/wp-json\/wp\/v2\/types\/page"}],"author":[{"embeddable":true,"href":"https:\/\/wp.unil.ch\/egodocuments\/de\/wp-json\/wp\/v2\/users\/1511"}],"replies":[{"embeddable":true,"href":"https:\/\/wp.unil.ch\/egodocuments\/de\/wp-json\/wp\/v2\/comments?post=1008"}],"version-history":[{"count":5,"href":"https:\/\/wp.unil.ch\/egodocuments\/de\/wp-json\/wp\/v2\/pages\/1008\/revisions"}],"predecessor-version":[{"id":5712,"href":"https:\/\/wp.unil.ch\/egodocuments\/de\/wp-json\/wp\/v2\/pages\/1008\/revisions\/5712"}],"wp:attachment":[{"href":"https:\/\/wp.unil.ch\/egodocuments\/de\/wp-json\/wp\/v2\/media?parent=1008"}],"curies":[{"name":"wp","href":"https:\/\/api.w.org\/{rel}","templated":true}]}}