{"id":15,"date":"2017-10-07T12:58:43","date_gmt":"2017-10-07T10:58:43","guid":{"rendered":"http:\/\/wp.unil.ch\/egg\/?page_id=15"},"modified":"2022-08-16T14:19:36","modified_gmt":"2022-08-16T12:19:36","slug":"people","status":"publish","type":"page","link":"https:\/\/wp.unil.ch\/egg\/people\/","title":{"rendered":"People"},"content":{"rendered":"<p><em>There are several open positions in the lab. For more information please <a href=\"https:\/\/wp.unil.ch\/egg\/contact\/\">contact us<\/a>. <\/em><\/p>\n<p><strong>PhD students<\/strong><br \/>\nDiana Ivette Cruz D\u00e1valos<\/p>\n<p>B\u00e1rbara Teixeira de Sousa Coelho da Mota<\/p>\n<p>Lucas Anchieri<\/p>\n<p>Davide Bozzi<\/p>\n<p>Th\u00e9o Cavinato<\/p>\n<p><strong>Postdocs<\/strong><br \/>\n<strong>Bioinformatician<\/strong><br \/>\n<a href=\"https:\/\/www.sib.swiss\/about-us\/finding-people?cn=samuel%20neuenschwander\">Samuel Neuenschwander<\/a><\/p>\n<p><strong>PI<\/strong><br \/>\nAnna-Sapfo Malaspinas<\/p>\n<p><strong>Alumni<\/strong><\/p>\n<p>C. Eduardo Guerra Amorim (postdoc, 2018-2021) &#8211; currently assistant professor at <span class=\"css-901oao css-16my406 r-1awozwy r-18jsvk2 r-6koalj r-37j5jr r-1inkyih r-b88u0q r-rjixqe r-bcqeeo r-1udh08x r-1ddef8g r-3s2u2q r-qvutc0\" dir=\"auto\"><span class=\"css-901oao css-16my406 css-1hf3ou5 r-poiln3 r-bcqeeo r-qvutc0\"><span class=\"css-901oao css-16my406 r-poiln3 r-bcqeeo r-qvutc0\">Cal State Northridge<\/span><\/span><\/span><\/p>\n<p>Yami Ommar Arizmendi C\u00e1rdenas (master, 2018-2021)<\/p>\n<p>Florian Clemente (postdoc, 2018-2020)<\/p>\n<p>Ivan Levkivsky (postdoc, 2017) &#8212; currently at Dropbox<\/p>\n<p>Peter de Barros Damgaard (master, 2012)<\/p>\n<p>Carlos Stefano Reyna (master, 2018) &#8212; currently at University of Fribourg<\/p>\n<p>Fr\u00e9d\u00e9ric Michaud (2018-2019) &#8212; currently at Sophia Genetics<\/p>\n<p>J. V\u00edctor Moreno Mayar (PhD then postdoc, 2019) &#8211; currently at the University of Copenhagen<\/p>\n","protected":false},"excerpt":{"rendered":"<p>There are several open positions in the lab. For more information please contact us. PhD students Diana Ivette Cruz D\u00e1valos B\u00e1rbara Teixeira de Sousa Coelho da Mota Lucas Anchieri Davide Bozzi Th\u00e9o Cavinato Postdocs Bioinformatician Samuel Neuenschwander PI Anna-Sapfo Malaspinas<\/p>\n","protected":false},"author":1001558,"featured_media":0,"parent":0,"menu_order":0,"comment_status":"closed","ping_status":"closed","template":"","meta":{"_seopress_robots_primary_cat":"","_seopress_titles_title":"","_seopress_titles_desc":"","_seopress_robots_index":"","footnotes":""},"class_list":["post-15","page","type-page","status-publish"],"_links":{"self":[{"href":"https:\/\/wp.unil.ch\/egg\/wp-json\/wp\/v2\/pages\/15","targetHints":{"allow":["GET"]}}],"collection":[{"href":"https:\/\/wp.unil.ch\/egg\/wp-json\/wp\/v2\/pages"}],"about":[{"href":"https:\/\/wp.unil.ch\/egg\/wp-json\/wp\/v2\/types\/page"}],"author":[{"embeddable":true,"href":"https:\/\/wp.unil.ch\/egg\/wp-json\/wp\/v2\/users\/1001558"}],"replies":[{"embeddable":true,"href":"https:\/\/wp.unil.ch\/egg\/wp-json\/wp\/v2\/comments?post=15"}],"version-history":[{"count":0,"href":"https:\/\/wp.unil.ch\/egg\/wp-json\/wp\/v2\/pages\/15\/revisions"}],"wp:attachment":[{"href":"https:\/\/wp.unil.ch\/egg\/wp-json\/wp\/v2\/media?parent=15"}],"curies":[{"name":"wp","href":"https:\/\/api.w.org\/{rel}","templated":true}]}}