{"id":441,"date":"2024-01-17T17:24:52","date_gmt":"2024-01-17T16:24:52","guid":{"rendered":"https:\/\/wp.unil.ch\/ecritsacademiques\/?page_id=441"},"modified":"2025-09-29T09:48:15","modified_gmt":"2025-09-29T07:48:15","slug":"unithese-soutien-a-la-redaction-des-theses-en-francais","status":"publish","type":"page","link":"https:\/\/wp.unil.ch\/ecritsacademiques\/unithese-soutien-a-la-redaction-des-theses-en-francais\/","title":{"rendered":"Unith\u00e8se: soutien \u00e0 la r\u00e9daction des th\u00e8ses en fran\u00e7ais"},"content":{"rendered":"\n<p class=\"has-medium-font-size\"><strong>Unith\u00e8se <\/strong>propose un soutien personnalis\u00e9 \u00e0 la r\u00e9daction scientifique pour tous les doctorant\u00b7e\u00b7s de l\u2019UNIL qui r\u00e9digent leur th\u00e8se en fran\u00e7ais. Lanc\u00e9 en 2024 \u00e0 l\u2019initiative de la Direction de l&rsquo;Universit\u00e9 de Lausanne, le service s\u2019adresse aussi bien aux fines plumes d\u00e9sirant peaufiner la qualit\u00e9 de leurs textes scientifiques qu\u2019aux allophones ayant choisi de faire du fran\u00e7ais la langue de leurs recherches. <\/p>\n\n\n\n<p class=\"has-medium-font-size\">Les jeunes chercheuses et chercheurs int\u00e9ress\u00e9s sont invit\u00e9s \u00e0 s\u2019inscrire <em>via<\/em> ce <strong><a href=\"https:\/\/wp.unil.ch\/ecritsacademiques\/files\/2024\/03\/Formulaire-dinscription-Unithese.pdf\">formulaire<\/a><\/strong>. Une \u00e9quipe de mentors, constitu\u00e9e de doctorant\u00b7e\u00b7s et de professeurs sp\u00e9cialis\u00e9s dans l\u2019\u00e9criture scientifique, prendra en charge leur demande. Le soutien ne vise pas \u201csimplement\u201d \u00e0 corriger quelques dizaines de pages d\u2019une th\u00e8se en cours, mais \u00e0 renforcer la capacit\u00e9 \u00e0 pr\u00e9senter et \u00e0 argumenter le r\u00e9sultat de ses recherches. Le service s\u2019inscrit dans une logique de soutien \u00e0 la formation, mais aussi d\u2019encouragement \u00e0 la production et \u00e0 la circulation du savoir en fran\u00e7ais.<\/p>\n\n\n\n<h2 class=\"wp-block-heading has-white-color has-vivid-cyan-blue-background-color has-text-color has-background has-link-color wp-elements-b09f7bbfc64bad75373755f559503c89\"><strong>\u00c9tapes de travail<\/strong>&nbsp;<\/h2>\n\n\n\n<ol class=\"wp-block-list\">\n<li>Mentor\u00b7e et doctorant\u00b7e se rencontrent une premi\u00e8re fois bri\u00e8vement pour fixer les objectifs r\u00e9dactionnels personnalis\u00e9s et mettre en place le d\u00e9roulement du soutien. Ils \u00e9tablissent ensemble un calendrier en deux phases, convenant aux disponibilit\u00e9s de chacun\u00b7e.&nbsp;<\/li>\n\n\n\n<li>Le ou la mentor\u00b7e relit ensuite un chapitre de th\u00e8se ou un article soumis \u00e0 son expertise. Cette relecture consiste en un commentaire des forces et des faiblesses linguistiques et rh\u00e9toriques des pages en question ; elle sert \u00e9galement \u00e0 \u00e9tablir un bilan de comp\u00e9tences r\u00e9dactionnelles du doctorant ou de la doctorante. Lors d\u2019une s\u00e9ance de travail commune, doctorant\u00b7e et mentor\u00b7e consid\u00e8rent ensemble les difficult\u00e9s r\u00e9dactionnelles rencontr\u00e9es, le bilan de comp\u00e9tence et des pistes d&rsquo;am\u00e9liorations possibles.<\/li>\n\n\n\n<li>Le ou la doctorant\u00b7e a la possibilit\u00e9 de r\u00e9it\u00e9rer une fois ce processus, en procurant un nouveau chapitre qui permettra d\u2019\u00e9valuer \u00e0 la fois les progr\u00e8s r\u00e9alis\u00e9s et les \u00e9ventuels probl\u00e8mes r\u00e9siduels. \u00c0 la suite de cette seconde relecture, le bilan de comp\u00e9tences est mis \u00e0 jour et discut\u00e9 lors d\u2019une nouvelle s\u00e9ance de travail.&nbsp;<\/li>\n<\/ol>\n\n\n\n<h2 class=\"wp-block-heading has-white-color has-vivid-cyan-blue-background-color has-text-color has-background has-link-color wp-elements-636af2f23811aa4051943a6257bc4c98\"><strong>Comp\u00e9tences vis\u00e9es<\/strong>&nbsp;<\/h2>\n\n\n\n<p>Les relectures propos\u00e9es par le mentorat cible l\u2019ensemble des qualit\u00e9s qui font la valeur r\u00e9dactionnelle d\u2019un texte scientifique : <\/p>\n\n\n\n<ul class=\"wp-block-list\">\n<li>pr\u00e9cision lexicale, <\/li>\n\n\n\n<li>correction et vari\u00e9t\u00e9 syntaxiques, <\/li>\n\n\n\n<li>intelligibilit\u00e9 de la coh\u00e9sion et de la progression textuelle (li\u00e9e notamment \u00e0 la ma\u00eetrise des signes de ponctuation, \u00e0 l\u2019usage rigoureux des connecteurs logiques et argumentatifs et \u00e0 la clart\u00e9 des relations entre propositions), <\/li>\n\n\n\n<li>ma\u00eetrise des modalit\u00e9s de la citation et de la reformulation, <\/li>\n\n\n\n<li>ajustement entre l&rsquo;ethos (l\u2019image que le sujet chercheur donne de lui-m\u00eame) et les activit\u00e9s effectu\u00e9es au cours de la th\u00e8se (pr\u00e9senter le plan, faire un \u00e9tat de l\u2019art, formuler des hypoth\u00e8ses personnelles, etc.). <\/li>\n<\/ul>\n\n\n\n<p>La relecture sera particuli\u00e8rement attentive aux variations des mani\u00e8res d&rsquo;\u00e9crire que connaissent les th\u00e8ses en fonction des disciplines. Les commentaires ne portent pas sur le contenu en tant que tel, domaine d\u2019expertise des directeur\u00b7rice\u00b7s.&nbsp;<\/p>\n\n\n\n<h2 class=\"wp-block-heading has-white-color has-vivid-cyan-blue-background-color has-text-color has-background has-link-color wp-elements-a8dc7d020bf078c9c7179563cfebd394\"><strong>Modes de correction<\/strong>&nbsp;<\/h2>\n\n\n\n<p>Les commentaires et le bilan de comp\u00e9tences propos\u00e9s par le service s\u2019appuient sur une grille d\u2019analyse et un protocole de commentaires qui permettent de couvrir l\u2019ensemble des propri\u00e9t\u00e9s r\u00e9dactionnelles des textes scientifiques \u2013 des aspects microtextuels \u00e0 la composition globale de la partie soumise \u00e0 discussion. <\/p>\n\n\n\n<p>Dans la mesure o\u00f9 il ne s\u2019agit pas de \u201ccorriger\u201d des pages, mais de renforcer les comp\u00e9tences r\u00e9dactionnelles acad\u00e9miques du\/de la doctorant\u00b7e, les commentaires cherchent d\u2019abord \u00e0 expliquer pourquoi on peut mieux dire, plut\u00f4t qu\u2019\u00e0 proposer des reformulations \u201ccl\u00e9 en main\u201d.&nbsp;<\/p>\n\n\n\n<p>Chaque Facult\u00e9 pr\u00e9sentant des sp\u00e9cificit\u00e9s d&rsquo;\u00e9criture, l&rsquo;\u00e9quipe d&rsquo;Unith\u00e8se s&rsquo;affaire actuellement \u00e0 d\u00e9gager les mod\u00e8les de th\u00e8se par discipline. Cette recension s\u2019inscrit \u00e9galement dans une logique de recherche concernant la variation disciplinaire des \u00e9crits de recherche \u2013 et la mani\u00e8re dont ces variations attestent diff\u00e9rents mod\u00e8les du savoir, de sa construction et de sa validation.&nbsp;<\/p>\n\n\n\n<h2 class=\"wp-block-heading has-white-color has-vivid-cyan-blue-background-color has-text-color has-background has-link-color wp-elements-5315cb1b18ce94ecdab8460e1ba0a102\"><strong>Objectif<\/strong><\/h2>\n\n\n\n<blockquote class=\"wp-block-quote has-text-align-center is-layout-flow wp-block-quote-is-layout-flow\">\n<p class=\"has-black-color has-white-background-color has-text-color has-background has-link-color has-medium-font-size wp-elements-77b06bc1d7e0257057ef1775a7e0c7f4\"><em><mark style=\"background-color:#8ed1fc\" class=\"has-inline-color has-white-color\">\u00c0 travers l\u2019analyse et la discussion personnalis\u00e9es d\u2019un ou deux chapitres de th\u00e8se,&nbsp;travailler les ressources linguistiques propres \u00e0 l\u2019\u00e9criture scientifique&nbsp;pour am\u00e9liorer la capacit\u00e9 \u00e0 communiquer le r\u00e9sultat de ses recherches en fran\u00e7ais.&nbsp;<\/mark><\/em><\/p>\n<\/blockquote>\n\n\n\n<h2 class=\"wp-block-heading has-white-color has-vivid-cyan-blue-background-color has-text-color has-background has-link-color wp-elements-8396c51d749d13dbbab3e6b3a46a8004\"><strong>\u00c9quipe&nbsp;<\/strong>&nbsp;<\/h2>\n\n\n\n<p><strong>Rudolf Mahrer <\/strong>est professeur de linguistique \u00e0 l\u2019Universit\u00e9 de Lausanne et \u00e0 l\u2019EPFL. Ses travaux portent en particulier sur la sp\u00e9cificit\u00e9 de l\u2019\u00e9nonciation \u00e9crite, les \u00e9crits d\u2019invention (brouillons, listes, plans\u2026) et les processus d\u2019\u00e9criture. R\u00e9dacteur en chef de la revue&nbsp;<em>Genesis (Manuscrits &#8211; Recherches &#8211; Invention),&nbsp;<\/em>co-fondateur de la plateforme&nbsp;<a href=\"https:\/\/variance.ch\/\">Variance.ch<\/a>&nbsp;et de la revue Linguistique de l\u2019\u00e9crit (<a href=\"https:\/\/linguistique-ecrit.org\/\">https:\/\/linguistique-ecrit.org\/<\/a>), il est \u00e0 l\u2019origine du premier module d\u2019enseignement (cours + TP) consacr\u00e9 aux comp\u00e9tences r\u00e9dactionnelles acad\u00e9miques en section de fran\u00e7ais (Facult\u00e9 des lettres).<\/p>\n\n\n\n<p><strong>Thierry Herman<\/strong> est ma\u00eetre d\u2019enseignement et de recherche en section de Fran\u00e7ais (UNIL) et en Sciences de la communication et de cognition (UNINE). Ses travaux portent sur la rh\u00e9torique et l\u2019argumentation dans les \u00e9crits journalistiques, politiques et universitaires. Il est titulaire de cours facultaires destin\u00e9s \u00e0 am\u00e9liorer les \u00e9crits acad\u00e9miques des \u00e9tudiant\u00b7e\u00b7s de la Facult\u00e9 des Lettres de Lausanne et de la Facult\u00e9 des Lettres et Sciences humaines de Neuch\u00e2tel depuis plus de dix ans.<\/p>\n\n\n\n<p><strong>Fran\u00e7ois Demont<\/strong> est Ma\u00eetre assistant \u00e0 l\u2019Universit\u00e9 de Lausanne. Il a auparavant enseign\u00e9 le fran\u00e7ais au Gymnase du Bugnon et occup\u00e9 la fonction d\u2019assistant dipl\u00f4m\u00e9 au sein de  l&rsquo;UNIL. Chercheur invit\u00e9 \u00e0 l\u2019Universit\u00e9 libre de Bruxelles, \u00e0 l\u2019Universit\u00e9 du Qu\u00e9bec \u00e0 Montr\u00e9al et \u00e0 l\u2019Universit\u00e9 Paris-Sorbonne, il a b\u00e9n\u00e9fici\u00e9 d\u2019une bourse de mobilit\u00e9 du Fonds national suisse de la recherche scientifique. Docteur \u00e8s lettres en litt\u00e9rature et linguistique fran\u00e7aises et b\u00e9n\u00e9ficiaire d&rsquo;un Prix de Facult\u00e9 en 2025, il est l\u2019auteur d\u2019une vingtaine d\u2019articles et de comptes rendus publi\u00e9s dans des ouvrages collectifs ainsi que dans des revues scientifiques internationales, sur des th\u00e9matiques vari\u00e9es li\u00e9es \u00e0 son champ de recherche.<\/p>\n\n\n\n<p><strong>Sophie-Valentine Borloz<\/strong> est Visiting Professor \u00e0 l&rsquo;Ecole H\u00f4teli\u00e8re de Lausanne et \u00e0 l\u2019Universit\u00e9 de Lausanne, o\u00f9 elle enseigne la litt\u00e9rature fran\u00e7aise du XIXe si\u00e8cle. Docteure \u00e8s lettres, elle a soutenu une th\u00e8se intitul\u00e9e \u00ab L\u2019odorat a ses monstres. Olfaction et perversion dans l\u2019imaginaire fin-de-si\u00e8cle (1880-1905) \u00bb, distingu\u00e9e par le Prix de Facult\u00e9 de l\u2019UNIL ainsi que par le Prix senior Maurice Chalumeau en sciences des sexualit\u00e9s. Laur\u00e9ate d\u2019un subside Doc.CH du Fonds national suisse, elle a effectu\u00e9 un s\u00e9jour de recherche \u00e0 l&rsquo;Universit\u00e9 Paris-Sorbonne. Ses travaux portent sur les interactions entre litt\u00e9rature et culture mat\u00e9rielle, l\u2019histoire des repr\u00e9sentations sensorielles, les rapports entre litt\u00e9rature et m\u00e9decine, ainsi que sur les \u00e9critures d\u00e9cadentes. Elle est l\u2019auteure de plusieurs publications dans ces domaines et participe activement \u00e0 des projets de recherche collectifs, notamment autour de la litt\u00e9rature et de la culture mat\u00e9rielle.<\/p>\n\n\n\n<p class=\"has-text-align-center has-white-color has-black-background-color has-text-color has-background has-link-color wp-elements-9f0f99a00a4653fb1324cb145db743bd\">Pour toute demande d&rsquo;informations, \u00e9crivez-nous \u00e0 <a href=\"mailto:soutien.redaction@unil.ch\">soutien.redaction@unil.ch<\/a><\/p>\n","protected":false},"excerpt":{"rendered":"<p>Unith\u00e8se propose un soutien personnalis\u00e9 \u00e0 la r\u00e9daction scientifique pour tous les doctorant\u00b7e\u00b7s de l\u2019UNIL qui r\u00e9digent leur th\u00e8se en fran\u00e7ais. Lanc\u00e9 en 2024 \u00e0 l\u2019initiative de la Direction de l&rsquo;Universit\u00e9 de Lausanne, le service s\u2019adresse aussi bien aux fines plumes d\u00e9sirant peaufiner la qualit\u00e9 de leurs textes scientifiques qu\u2019aux allophones ayant choisi de faire &hellip; <\/p>\n<p class=\"link-more\"><a href=\"https:\/\/wp.unil.ch\/ecritsacademiques\/unithese-soutien-a-la-redaction-des-theses-en-francais\/\" class=\"more-link\">Continuer la lecture<span class=\"screen-reader-text\"> de &laquo;&nbsp;Unith\u00e8se: soutien \u00e0 la r\u00e9daction des th\u00e8ses en fran\u00e7ais&nbsp;&raquo;<\/span><\/a><\/p>\n","protected":false},"author":1002725,"featured_media":0,"parent":0,"menu_order":0,"comment_status":"closed","ping_status":"closed","template":"","meta":{"_seopress_robots_primary_cat":"","_seopress_titles_title":"","_seopress_titles_desc":"","_seopress_robots_index":"","footnotes":""},"class_list":["post-441","page","type-page","status-publish"],"_links":{"self":[{"href":"https:\/\/wp.unil.ch\/ecritsacademiques\/wp-json\/wp\/v2\/pages\/441","targetHints":{"allow":["GET"]}}],"collection":[{"href":"https:\/\/wp.unil.ch\/ecritsacademiques\/wp-json\/wp\/v2\/pages"}],"about":[{"href":"https:\/\/wp.unil.ch\/ecritsacademiques\/wp-json\/wp\/v2\/types\/page"}],"author":[{"embeddable":true,"href":"https:\/\/wp.unil.ch\/ecritsacademiques\/wp-json\/wp\/v2\/users\/1002725"}],"replies":[{"embeddable":true,"href":"https:\/\/wp.unil.ch\/ecritsacademiques\/wp-json\/wp\/v2\/comments?post=441"}],"version-history":[{"count":5,"href":"https:\/\/wp.unil.ch\/ecritsacademiques\/wp-json\/wp\/v2\/pages\/441\/revisions"}],"predecessor-version":[{"id":538,"href":"https:\/\/wp.unil.ch\/ecritsacademiques\/wp-json\/wp\/v2\/pages\/441\/revisions\/538"}],"wp:attachment":[{"href":"https:\/\/wp.unil.ch\/ecritsacademiques\/wp-json\/wp\/v2\/media?parent=441"}],"curies":[{"name":"wp","href":"https:\/\/api.w.org\/{rel}","templated":true}]}}