{"id":26,"date":"2011-05-19T11:16:43","date_gmt":"2011-05-19T09:16:43","guid":{"rendered":"http:\/\/wp.unil.ch\/ecritsacademiques\/?page_id=26"},"modified":"2013-05-22T16:42:47","modified_gmt":"2013-05-22T14:42:47","slug":"bloc-c-style-langue-et-normes","status":"publish","type":"page","link":"https:\/\/wp.unil.ch\/ecritsacademiques\/enseignement\/bloc-c-style-langue-et-normes\/","title":{"rendered":"Chapitre C: Style, langue et normes"},"content":{"rendered":"<p>Ce dernier bloc vise \u00e0 polir la forme finale du texte en \u00e9vitant les lourdeurs stylistiques, les fautes les plus courantes et en ma\u00eetrisant les normes de la citation et de la bibliographie.<\/p>\n<figure id=\"attachment_116\" aria-describedby=\"caption-attachment-116\" style=\"width: 200px\" class=\"wp-caption alignleft\"><a href=\"https:\/\/wp.unil.ch\/ecritsacademiques\/enseignement\/bloc-c-style-langue-et-normes\/dicos\/\" rel=\"attachment wp-att-116\"><img alt=\"\" loading=\"lazy\" decoding=\"async\" class=\" wp-image-116 \" alt=\"\" src=\"https:\/\/wp.unil.ch\/ecritsacademiques\/files\/2011\/05\/dicos-300x213.jpg\" width=\"200\" height=\"143\" srcset=\"https:\/\/wp.unil.ch\/ecritsacademiques\/files\/2011\/05\/dicos-300x213.jpg 300w, https:\/\/wp.unil.ch\/ecritsacademiques\/files\/2011\/05\/dicos.jpg 468w\" sizes=\"auto, (max-width: 200px) 100vw, 200px\" \/><\/a><figcaption id=\"caption-attachment-116\" class=\"wp-caption-text\">Il ne tient qu\u2019\u00e0 nous de faire vivre et \u00e9voluer le fran\u00e7ais dans toute sa richesse, en retrouvant son amour pour lui, (&#8230;) en ayant l\u2019orgueil de cette langue qui est celle de la d\u00e9monstration et de l\u2019id\u00e9e\u00a0\u00bb, Marc Bonnant<\/figcaption><\/figure>\n<p><strong>Au programme:<\/strong><\/p>\n<p>Ethos et conduite du texte : pr\u00e9sence du scripteur, transitions et reformulations<br \/>\nMa\u00eetriser la ponctuation<br \/>\nOrthographe : chausse-trappes classiques<br \/>\nStyle : substitution des verbes ternes, clart\u00e9 de la phrase<br \/>\nCheck-list d&rsquo;auto-\u00e9valuation<\/p>\n<p>&nbsp;<\/p>\n","protected":false},"excerpt":{"rendered":"<p>Ce dernier bloc vise \u00e0 polir la forme finale du texte en \u00e9vitant les lourdeurs stylistiques, les fautes les plus courantes et en ma\u00eetrisant les normes de la citation et de la bibliographie. Au programme: Ethos et conduite du texte : pr\u00e9sence du scripteur, transitions et reformulations Ma\u00eetriser la ponctuation Orthographe : chausse-trappes classiques Style &hellip; <\/p>\n<p class=\"link-more\"><a href=\"https:\/\/wp.unil.ch\/ecritsacademiques\/enseignement\/bloc-c-style-langue-et-normes\/\" class=\"more-link\">Continuer la lecture<span class=\"screen-reader-text\"> de &laquo;&nbsp;Chapitre C: Style, langue et normes&nbsp;&raquo;<\/span><\/a><\/p>\n","protected":false},"author":517,"featured_media":0,"parent":17,"menu_order":3,"comment_status":"closed","ping_status":"closed","template":"","meta":{"_seopress_robots_primary_cat":"","_seopress_titles_title":"","_seopress_titles_desc":"","_seopress_robots_index":"","footnotes":""},"class_list":["post-26","page","type-page","status-publish"],"_links":{"self":[{"href":"https:\/\/wp.unil.ch\/ecritsacademiques\/wp-json\/wp\/v2\/pages\/26","targetHints":{"allow":["GET"]}}],"collection":[{"href":"https:\/\/wp.unil.ch\/ecritsacademiques\/wp-json\/wp\/v2\/pages"}],"about":[{"href":"https:\/\/wp.unil.ch\/ecritsacademiques\/wp-json\/wp\/v2\/types\/page"}],"author":[{"embeddable":true,"href":"https:\/\/wp.unil.ch\/ecritsacademiques\/wp-json\/wp\/v2\/users\/517"}],"replies":[{"embeddable":true,"href":"https:\/\/wp.unil.ch\/ecritsacademiques\/wp-json\/wp\/v2\/comments?post=26"}],"version-history":[{"count":0,"href":"https:\/\/wp.unil.ch\/ecritsacademiques\/wp-json\/wp\/v2\/pages\/26\/revisions"}],"up":[{"embeddable":true,"href":"https:\/\/wp.unil.ch\/ecritsacademiques\/wp-json\/wp\/v2\/pages\/17"}],"wp:attachment":[{"href":"https:\/\/wp.unil.ch\/ecritsacademiques\/wp-json\/wp\/v2\/media?parent=26"}],"curies":[{"name":"wp","href":"https:\/\/api.w.org\/{rel}","templated":true}]}}