{"id":21,"date":"2011-05-19T11:14:18","date_gmt":"2011-05-19T09:14:18","guid":{"rendered":"http:\/\/wp.unil.ch\/ecritsacademiques\/?page_id=21"},"modified":"2013-05-22T16:25:20","modified_gmt":"2013-05-22T14:25:20","slug":"bloc-a-trouver-des-idees-et-les-planifier","status":"publish","type":"page","link":"https:\/\/wp.unil.ch\/ecritsacademiques\/enseignement\/bloc-a-trouver-des-idees-et-les-planifier\/","title":{"rendered":"Chapitre A: Trouver des id\u00e9es et les planifier"},"content":{"rendered":"<p>Dans ce premier bloc de cours, nous verrons ce que la rh\u00e9torique antique appelle l&rsquo;inventio &#8211; la recherche des id\u00e9es &#8211; et la dispositio &#8211; la structuration du discours.<\/p>\n<figure id=\"attachment_68\" aria-describedby=\"caption-attachment-68\" style=\"width: 200px\" class=\"wp-caption alignleft\"><a href=\"https:\/\/wp.unil.ch\/ecritsacademiques\/files\/2011\/05\/537823498_b345e39cec_z.jpg\"><img alt=\"\" loading=\"lazy\" decoding=\"async\" class=\" wp-image-68 \" alt=\"\" src=\"https:\/\/wp.unil.ch\/ecritsacademiques\/files\/2011\/05\/537823498_b345e39cec_z-300x300.jpg\" width=\"200\" height=\"200\" srcset=\"https:\/\/wp.unil.ch\/ecritsacademiques\/files\/2011\/05\/537823498_b345e39cec_z-300x300.jpg 300w, https:\/\/wp.unil.ch\/ecritsacademiques\/files\/2011\/05\/537823498_b345e39cec_z-150x150.jpg 150w, https:\/\/wp.unil.ch\/ecritsacademiques\/files\/2011\/05\/537823498_b345e39cec_z.jpg 640w\" sizes=\"auto, (max-width: 200px) 100vw, 200px\" \/><\/a><figcaption id=\"caption-attachment-68\" class=\"wp-caption-text\">\u00ab\u00a0La prose, c&rsquo;est de l&rsquo;architecture, pas de la d\u00e9coration d&rsquo;int\u00e9rieur\u00a0\u00bb, Ernest Hemingway<\/figcaption><\/figure>\n<p>&nbsp;<\/p>\n<p>&nbsp;<\/p>\n<h3><strong>Au programme:<\/strong><\/h3>\n<ul>\n<li>Contrat de communication acad\u00e9mique et attentes<\/li>\n<li>Analyse des consignes<\/li>\n<li>Techniques de recherche d\u2019id\u00e9es et de pr\u00e9\u00e9criture<\/li>\n<li>Structure globale : la dispositio et autres plans de texte<\/li>\n<li>Structure fine : le paragraphe<\/li>\n<\/ul>\n","protected":false},"excerpt":{"rendered":"<p>Dans ce premier bloc de cours, nous verrons ce que la rh\u00e9torique antique appelle l&rsquo;inventio &#8211; la recherche des id\u00e9es &#8211; et la dispositio &#8211; la structuration du discours. &nbsp; &nbsp; Au programme: Contrat de communication acad\u00e9mique et attentes Analyse des consignes Techniques de recherche d\u2019id\u00e9es et de pr\u00e9\u00e9criture Structure globale : la dispositio et &hellip; <\/p>\n<p class=\"link-more\"><a href=\"https:\/\/wp.unil.ch\/ecritsacademiques\/enseignement\/bloc-a-trouver-des-idees-et-les-planifier\/\" class=\"more-link\">Continuer la lecture<span class=\"screen-reader-text\"> de &laquo;&nbsp;Chapitre A: Trouver des id\u00e9es et les planifier&nbsp;&raquo;<\/span><\/a><\/p>\n","protected":false},"author":517,"featured_media":0,"parent":17,"menu_order":1,"comment_status":"closed","ping_status":"closed","template":"","meta":{"_seopress_robots_primary_cat":"","_seopress_titles_title":"","_seopress_titles_desc":"","_seopress_robots_index":"","footnotes":""},"class_list":["post-21","page","type-page","status-publish"],"_links":{"self":[{"href":"https:\/\/wp.unil.ch\/ecritsacademiques\/wp-json\/wp\/v2\/pages\/21","targetHints":{"allow":["GET"]}}],"collection":[{"href":"https:\/\/wp.unil.ch\/ecritsacademiques\/wp-json\/wp\/v2\/pages"}],"about":[{"href":"https:\/\/wp.unil.ch\/ecritsacademiques\/wp-json\/wp\/v2\/types\/page"}],"author":[{"embeddable":true,"href":"https:\/\/wp.unil.ch\/ecritsacademiques\/wp-json\/wp\/v2\/users\/517"}],"replies":[{"embeddable":true,"href":"https:\/\/wp.unil.ch\/ecritsacademiques\/wp-json\/wp\/v2\/comments?post=21"}],"version-history":[{"count":0,"href":"https:\/\/wp.unil.ch\/ecritsacademiques\/wp-json\/wp\/v2\/pages\/21\/revisions"}],"up":[{"embeddable":true,"href":"https:\/\/wp.unil.ch\/ecritsacademiques\/wp-json\/wp\/v2\/pages\/17"}],"wp:attachment":[{"href":"https:\/\/wp.unil.ch\/ecritsacademiques\/wp-json\/wp\/v2\/media?parent=21"}],"curies":[{"name":"wp","href":"https:\/\/api.w.org\/{rel}","templated":true}]}}