{"id":17,"date":"2011-05-19T11:13:11","date_gmt":"2011-05-19T09:13:11","guid":{"rendered":"http:\/\/wp.unil.ch\/ecritsacademiques\/?page_id=17"},"modified":"2019-09-09T08:22:43","modified_gmt":"2019-09-09T06:22:43","slug":"enseignement","status":"publish","type":"page","link":"https:\/\/wp.unil.ch\/ecritsacademiques\/enseignement\/","title":{"rendered":"Enseignement"},"content":{"rendered":"<h3>Des cours sur mesure<\/h3>\n<p>L&rsquo;enseignement se construit en trois parties\u00a0constitu\u00e9es par des cours et des travaux pratiques. Ils peuvent aussi donner ponctuellement lieu \u00e0 des discussions en face \u00e0 face avec des copies de travaux.<\/p>\n<figure id=\"attachment_60\" aria-describedby=\"caption-attachment-60\" style=\"width: 300px\" class=\"wp-caption alignleft\"><a href=\"https:\/\/wp.unil.ch\/ecritsacademiques\/enseignement\/img_0484\/\" rel=\"attachment wp-att-60\"><img alt=\"\" loading=\"lazy\" decoding=\"async\" class=\"size-medium wp-image-60\" src=\"https:\/\/wp.unil.ch\/ecritsacademiques\/files\/2011\/05\/IMG_0484-300x185.jpg\" alt=\"\" width=\"300\" height=\"185\" srcset=\"https:\/\/wp.unil.ch\/ecritsacademiques\/files\/2011\/05\/IMG_0484-300x185.jpg 300w, https:\/\/wp.unil.ch\/ecritsacademiques\/files\/2011\/05\/IMG_0484-1024x631.jpg 1024w, https:\/\/wp.unil.ch\/ecritsacademiques\/files\/2011\/05\/IMG_0484.jpg 1200w\" sizes=\"auto, (max-width: 300px) 100vw, 300px\" \/><\/a><figcaption id=\"caption-attachment-60\" class=\"wp-caption-text\">L&rsquo;enseignement est orient\u00e9 sur la pratique<\/figcaption><\/figure>\n<p>Il existe quatre possibilit\u00e9s de suivre le cours en fonction des horaires des \u00e9tudiants : le cours est donn\u00e9 en effet tant au semestre d&rsquo;automne que de printemps sur deux cases horaire. Cette offre large devrait permettre une r\u00e9partition des \u00e9tudiants int\u00e9ress\u00e9s afin d&rsquo;assurer un encadrement de qualit\u00e9.<\/p>\n<p>D\u00e9couvrez<\/p>\n<ul>\n<li><a title=\"Bloc A: Trouver des id\u00e9es et les planifier\" href=\"https:\/\/wp.unil.ch\/ecritsacademiques\/enseignement\/bloc-a-trouver-des-idees-et-les-planifier\/\">Premi\u00e8re partie\u00a0: trouver des id\u00e9es et les planifier<\/a><\/li>\n<li><a title=\"Bloc B: Argumenter, \u00e9crire et convaincre\" href=\"https:\/\/wp.unil.ch\/ecritsacademiques\/enseignement\/bloc-b-argumenter-ecrire-et-convaincre\/\">Deuxi\u00e8me partie\u00a0: argumenter, \u00e9crire et convaincre<\/a><\/li>\n<li><a title=\"Bloc C: Style, langue et normes\" href=\"https:\/\/wp.unil.ch\/ecritsacademiques\/enseignement\/bloc-c-style-langue-et-normes\/\">Troisi\u00e8me partie\u00a0: style, langue et normes<\/a><\/li>\n<\/ul>\n<h3>Evaluation:<\/h3>\n<p>Le cours donne lieu \u00e0 de nombreux exercices en classe. Une participation active est demand\u00e9e. Un assez important travail continu et des s\u00e9ries d&rsquo;exercices ponctuels sont demand\u00e9s par semestre.<\/p>\n<h3>Inscription:<\/h3>\n<p>L&rsquo;inscription aux cours se fait selon la proc\u00e9dure habituelle, via le secr\u00e9tariat des \u00e9tudiants.<\/p>\n","protected":false},"excerpt":{"rendered":"<p>Des cours sur mesure L&rsquo;enseignement se construit en trois parties\u00a0constitu\u00e9es par des cours et des travaux pratiques. Ils peuvent aussi donner ponctuellement lieu \u00e0 des discussions en face \u00e0 face avec des copies de travaux. Il existe quatre possibilit\u00e9s de suivre le cours en fonction des horaires des \u00e9tudiants : le cours est donn\u00e9 en &hellip; <\/p>\n<p class=\"link-more\"><a href=\"https:\/\/wp.unil.ch\/ecritsacademiques\/enseignement\/\" class=\"more-link\">Continuer la lecture<span class=\"screen-reader-text\"> de &laquo;&nbsp;Enseignement&nbsp;&raquo;<\/span><\/a><\/p>\n","protected":false},"author":517,"featured_media":0,"parent":0,"menu_order":1,"comment_status":"closed","ping_status":"closed","template":"","meta":{"_seopress_robots_primary_cat":"","_seopress_titles_title":"","_seopress_titles_desc":"","_seopress_robots_index":"","footnotes":""},"class_list":["post-17","page","type-page","status-publish"],"_links":{"self":[{"href":"https:\/\/wp.unil.ch\/ecritsacademiques\/wp-json\/wp\/v2\/pages\/17","targetHints":{"allow":["GET"]}}],"collection":[{"href":"https:\/\/wp.unil.ch\/ecritsacademiques\/wp-json\/wp\/v2\/pages"}],"about":[{"href":"https:\/\/wp.unil.ch\/ecritsacademiques\/wp-json\/wp\/v2\/types\/page"}],"author":[{"embeddable":true,"href":"https:\/\/wp.unil.ch\/ecritsacademiques\/wp-json\/wp\/v2\/users\/517"}],"replies":[{"embeddable":true,"href":"https:\/\/wp.unil.ch\/ecritsacademiques\/wp-json\/wp\/v2\/comments?post=17"}],"version-history":[{"count":0,"href":"https:\/\/wp.unil.ch\/ecritsacademiques\/wp-json\/wp\/v2\/pages\/17\/revisions"}],"wp:attachment":[{"href":"https:\/\/wp.unil.ch\/ecritsacademiques\/wp-json\/wp\/v2\/media?parent=17"}],"curies":[{"name":"wp","href":"https:\/\/api.w.org\/{rel}","templated":true}]}}