{"id":12,"date":"2011-05-19T11:13:26","date_gmt":"2011-05-19T09:13:26","guid":{"rendered":"http:\/\/wp.unil.ch\/ecritsacademiques\/?page_id=12"},"modified":"2024-08-29T09:11:00","modified_gmt":"2024-08-29T07:11:00","slug":"accueil","status":"publish","type":"page","link":"https:\/\/wp.unil.ch\/ecritsacademiques\/","title":{"rendered":"Accueil"},"content":{"rendered":"<p><strong><span style=\"color: #ff0000\">Semestre d&rsquo;automne 2024<\/span><\/strong><\/p>\n<ul>\n<li><strong>Horaire: lundi 12h30 OU 14h15<\/strong><\/li>\n<li><strong>Une pr\u00e9sentation g\u00e9n\u00e9rale du cours sera propos\u00e9e lors de la premi\u00e8re s\u00e9ance (23 septembre 2024) et la r\u00e9partition dans les trois TP se fera au d\u00e9but de la deuxi\u00e8me s\u00e9ance.\u00a0 Les cours et TP auront lieu \u00e0 distance, de mani\u00e8re synchrone.<\/strong><\/li>\n<li>Les salles de cours et de TP sont\n<ul>\n<li>pour le lundi 12h30-14h00 : 3068 (cours et TP de Maxime Grandjean), 3077 (TP de Claire Trotti) et 3088 (TP de Juliette Borel)<\/li>\n<li>Pour le lundi 14h15-15h45: 2120 (cours et TP de Claire Trotti), 3021 (TP de Juliette Borel) et 4088 (TP de Maxime Grandjean)<\/li>\n<\/ul>\n<\/li>\n<\/ul>\n<p><span style=\"color: #ff6600\">ATTENTION : LE COURS-TP N&rsquo;EST PAS PROPOSE AU SEMESTRE DE PRINTEMPS<\/span><\/p>\n<h3>Les difficult\u00e9s de l&rsquo;\u00e9crit acad\u00e9mique ne sont pas insurmontables<\/h3>\n<p>Depuis la rentr\u00e9e universitaire 2011-2012, la Facult\u00e9 des Lettres a mis en place un enseignement visant \u00e0 am\u00e9liorer la qualit\u00e9 des \u00e9crits acad\u00e9miques. Cette formation, ouverte \u00e0 tous, est d\u00e9sormais cr\u00e9dit\u00e9e et fait partie de l&rsquo;offre des cours transverses et interdisciplinaires du bloc d&rsquo;options \u00e0 20 cr\u00e9dits du Bachelor depuis\u00a0la rentr\u00e9e 2013-2014.<\/p>\n<figure id=\"attachment_57\" aria-describedby=\"caption-attachment-57\" style=\"width: 300px\" class=\"wp-caption alignleft\"><a href=\"https:\/\/wp.unil.ch\/ecritsacademiques\/accueil\/img_0482\/\" rel=\"attachment wp-att-57\"><img alt=\"\" loading=\"lazy\" decoding=\"async\" class=\"size-medium wp-image-57 \" src=\"https:\/\/wp.unil.ch\/ecritsacademiques\/files\/2011\/05\/IMG_0482-300x231.jpg\" alt=\"\" width=\"300\" height=\"231\" srcset=\"https:\/\/wp.unil.ch\/ecritsacademiques\/files\/2011\/05\/IMG_0482-300x231.jpg 300w, https:\/\/wp.unil.ch\/ecritsacademiques\/files\/2011\/05\/IMG_0482-1024x790.jpg 1024w, https:\/\/wp.unil.ch\/ecritsacademiques\/files\/2011\/05\/IMG_0482.jpg 1036w\" sizes=\"auto, (max-width: 300px) 100vw, 300px\" \/><\/a><figcaption id=\"caption-attachment-57\" class=\"wp-caption-text\">Produire de mauvais \u00e9crits \u00e0 l&rsquo;Universit\u00e9 n&rsquo;est pas une fatalit\u00e9!<\/figcaption><\/figure>\n<p>L&rsquo;objectif du cours \u00ab\u00a0Ecrire \u00e0 l&rsquo;Universit\u00e9 : rh\u00e9torique, techniques et pratiques\u00a0\u00bb, \u00a0est de perfectionner les \u00e9crits rendus en am\u00e9liorant leur clart\u00e9, leur style et leur efficacit\u00e9 ou de pallier des insuffisances en la mati\u00e8re.<\/p>\n<p>Pour r\u00e9ussir cet objectif, un encadrement fort, constitu\u00e9 par un enseignant\u00a0 et des \u00e9tudiants avanc\u00e9s, offre des conditions optimales de progression. Le cours est constitu\u00e9 de th\u00e9orie, d&rsquo;exercices en classe et de travaux permettant de voir l&rsquo;\u00e9volution de l&rsquo;\u00e9criture. Un travail de r\u00e9daction d\u00e9compos\u00e9 en diff\u00e9rentes \u00e9tapes est suivi tout au long du semestre.<\/p>\n<p>Ce site Internet pr\u00e9sente le cours et ses modalit\u00e9s. L&rsquo;\u00e9valuation repose sur 5 exercices continus \u00e0 rendre dans le semestre, ainsi que la r\u00e9daction d&rsquo;un travail en plusieurs phases avec correction de d\u00e9tail int\u00e9grale avant remise d&rsquo;une version finale amend\u00e9e.<\/p>\n","protected":false},"excerpt":{"rendered":"<p>Semestre d&rsquo;automne 2024 Horaire: lundi 12h30 OU 14h15 Une pr\u00e9sentation g\u00e9n\u00e9rale du cours sera propos\u00e9e lors de la premi\u00e8re s\u00e9ance (23 septembre 2024) et la r\u00e9partition dans les trois TP se fera au d\u00e9but de la deuxi\u00e8me s\u00e9ance.\u00a0 Les cours et TP auront lieu \u00e0 distance, de mani\u00e8re synchrone. Les salles de cours et de &hellip; <\/p>\n<p class=\"link-more\"><a href=\"https:\/\/wp.unil.ch\/ecritsacademiques\/\" class=\"more-link\">Continuer la lecture<span class=\"screen-reader-text\"> de &laquo;&nbsp;Accueil&nbsp;&raquo;<\/span><\/a><\/p>\n","protected":false},"author":517,"featured_media":0,"parent":0,"menu_order":0,"comment_status":"closed","ping_status":"closed","template":"","meta":{"_seopress_robots_primary_cat":"","_seopress_titles_title":"","_seopress_titles_desc":"","_seopress_robots_index":"","footnotes":""},"class_list":["post-12","page","type-page","status-publish"],"_links":{"self":[{"href":"https:\/\/wp.unil.ch\/ecritsacademiques\/wp-json\/wp\/v2\/pages\/12","targetHints":{"allow":["GET"]}}],"collection":[{"href":"https:\/\/wp.unil.ch\/ecritsacademiques\/wp-json\/wp\/v2\/pages"}],"about":[{"href":"https:\/\/wp.unil.ch\/ecritsacademiques\/wp-json\/wp\/v2\/types\/page"}],"author":[{"embeddable":true,"href":"https:\/\/wp.unil.ch\/ecritsacademiques\/wp-json\/wp\/v2\/users\/517"}],"replies":[{"embeddable":true,"href":"https:\/\/wp.unil.ch\/ecritsacademiques\/wp-json\/wp\/v2\/comments?post=12"}],"version-history":[{"count":2,"href":"https:\/\/wp.unil.ch\/ecritsacademiques\/wp-json\/wp\/v2\/pages\/12\/revisions"}],"predecessor-version":[{"id":526,"href":"https:\/\/wp.unil.ch\/ecritsacademiques\/wp-json\/wp\/v2\/pages\/12\/revisions\/526"}],"wp:attachment":[{"href":"https:\/\/wp.unil.ch\/ecritsacademiques\/wp-json\/wp\/v2\/media?parent=12"}],"curies":[{"name":"wp","href":"https:\/\/api.w.org\/{rel}","templated":true}]}}