{"id":988,"date":"2017-04-27T14:57:18","date_gmt":"2017-04-27T12:57:18","guid":{"rendered":"http:\/\/wp.unil.ch\/ecounc\/?post_type=product&#038;p=988"},"modified":"2026-02-10T10:54:30","modified_gmt":"2026-02-10T09:54:30","slug":"regle-graduee-30cm","status":"publish","type":"product","link":"https:\/\/wp.unil.ch\/ecounc\/produit\/regle-graduee-30cm\/","title":{"rendered":"R\u00e8gle gradu\u00e9e 30cm, transparent"},"content":{"rendered":"<p>R\u00e8gle gradu\u00e9e 30cm, transparent<\/p>\n","protected":false},"excerpt":{"rendered":"<p>R\u00e8gle gradu\u00e9e 30cm, transparent<\/p>\n","protected":false},"featured_media":3672,"comment_status":"closed","ping_status":"closed","template":"","meta":{"_seopress_robots_primary_cat":"none","_seopress_titles_title":"","_seopress_titles_desc":"","_seopress_robots_index":""},"product_brand":[],"product_cat":[9,74],"product_tag":[],"class_list":{"0":"post-988","1":"product","2":"type-product","3":"status-publish","4":"has-post-thumbnail","6":"product_cat-ecriture-correction","7":"product_cat-regles","9":"first","10":"instock","11":"shipping-taxable","12":"purchasable","13":"product-type-simple"},"_links":{"self":[{"href":"https:\/\/wp.unil.ch\/ecounc\/wp-json\/wp\/v2\/product\/988","targetHints":{"allow":["GET"]}}],"collection":[{"href":"https:\/\/wp.unil.ch\/ecounc\/wp-json\/wp\/v2\/product"}],"about":[{"href":"https:\/\/wp.unil.ch\/ecounc\/wp-json\/wp\/v2\/types\/product"}],"replies":[{"embeddable":true,"href":"https:\/\/wp.unil.ch\/ecounc\/wp-json\/wp\/v2\/comments?post=988"}],"wp:featuredmedia":[{"embeddable":true,"href":"https:\/\/wp.unil.ch\/ecounc\/wp-json\/wp\/v2\/media\/3672"}],"wp:attachment":[{"href":"https:\/\/wp.unil.ch\/ecounc\/wp-json\/wp\/v2\/media?parent=988"}],"wp:term":[{"taxonomy":"product_brand","embeddable":true,"href":"https:\/\/wp.unil.ch\/ecounc\/wp-json\/wp\/v2\/product_brand?post=988"},{"taxonomy":"product_cat","embeddable":true,"href":"https:\/\/wp.unil.ch\/ecounc\/wp-json\/wp\/v2\/product_cat?post=988"},{"taxonomy":"product_tag","embeddable":true,"href":"https:\/\/wp.unil.ch\/ecounc\/wp-json\/wp\/v2\/product_tag?post=988"}],"curies":[{"name":"wp","href":"https:\/\/api.w.org\/{rel}","templated":true}]}}