{"id":916,"date":"2017-04-26T10:48:44","date_gmt":"2017-04-26T08:48:44","guid":{"rendered":"http:\/\/wp.unil.ch\/ecounc\/?post_type=product&#038;p=916"},"modified":"2024-12-03T15:31:55","modified_gmt":"2024-12-03T14:31:55","slug":"emballage-pour-livres-et-catalogues-245x165","status":"publish","type":"product","link":"https:\/\/wp.unil.ch\/ecounc\/produit\/emballage-pour-livres-et-catalogues-245x165\/","title":{"rendered":"Emballage pour livres et catalogues 245&#215;185"},"content":{"rendered":"<p class=\"product_title entry-title\">Emballage pour livres et catalogues 245x185x70<\/p>\n<p>Les bords antichocs assurent une protection optimale de l\u2019objet tout autour<\/p>\n<p>Facile \u00e0 fermer avec la fermeture adh\u00e9sive Hotmelt<\/p>\n<p>Ultra-robuste facile \u00e0 ouvrir \u00e0 l\u2019aide de l\u2019ouverture renforc\u00e9e<\/p>\n<p>En carton ondul\u00e9 Kraftliner de haute qualit\u00e9,100 % recyclable<b><strong><br \/>\n<\/strong><\/b><\/p>\n","protected":false},"excerpt":{"rendered":"<p>Emballage pour livres et catalogues 245x185x70 Les bords antichocs assurent une protection optimale de l\u2019objet tout autour Facile \u00e0 fermer avec la fermeture adh\u00e9sive Hotmelt Ultra-robuste facile \u00e0 ouvrir \u00e0 l\u2019aide de l\u2019ouverture renforc\u00e9e En carton ondul\u00e9 Kraftliner de haute qualit\u00e9,100 % recyclable<\/p>\n","protected":false},"featured_media":917,"comment_status":"closed","ping_status":"closed","template":"","meta":{"_seopress_robots_primary_cat":"","_seopress_titles_title":"","_seopress_titles_desc":"","_seopress_robots_index":""},"product_brand":[],"product_cat":[27,80,59],"product_tag":[],"class_list":{"0":"post-916","1":"product","2":"type-product","3":"status-publish","4":"has-post-thumbnail","6":"product_cat-emballage","7":"product_cat-emballages","8":"product_cat-enveloppes-emballages-dexpedition","10":"first","11":"instock","12":"shipping-taxable","13":"product-type-external"},"_links":{"self":[{"href":"https:\/\/wp.unil.ch\/ecounc\/wp-json\/wp\/v2\/product\/916","targetHints":{"allow":["GET"]}}],"collection":[{"href":"https:\/\/wp.unil.ch\/ecounc\/wp-json\/wp\/v2\/product"}],"about":[{"href":"https:\/\/wp.unil.ch\/ecounc\/wp-json\/wp\/v2\/types\/product"}],"replies":[{"embeddable":true,"href":"https:\/\/wp.unil.ch\/ecounc\/wp-json\/wp\/v2\/comments?post=916"}],"wp:featuredmedia":[{"embeddable":true,"href":"https:\/\/wp.unil.ch\/ecounc\/wp-json\/wp\/v2\/media\/917"}],"wp:attachment":[{"href":"https:\/\/wp.unil.ch\/ecounc\/wp-json\/wp\/v2\/media?parent=916"}],"wp:term":[{"taxonomy":"product_brand","embeddable":true,"href":"https:\/\/wp.unil.ch\/ecounc\/wp-json\/wp\/v2\/product_brand?post=916"},{"taxonomy":"product_cat","embeddable":true,"href":"https:\/\/wp.unil.ch\/ecounc\/wp-json\/wp\/v2\/product_cat?post=916"},{"taxonomy":"product_tag","embeddable":true,"href":"https:\/\/wp.unil.ch\/ecounc\/wp-json\/wp\/v2\/product_tag?post=916"}],"curies":[{"name":"wp","href":"https:\/\/api.w.org\/{rel}","templated":true}]}}