{"id":912,"date":"2017-04-26T10:14:44","date_gmt":"2017-04-26T08:14:44","guid":{"rendered":"http:\/\/wp.unil.ch\/ecounc\/?post_type=product&#038;p=912"},"modified":"2024-11-25T08:28:18","modified_gmt":"2024-11-25T07:28:18","slug":"pochette-dexpedition-en-carton-250x353","status":"publish","type":"product","link":"https:\/\/wp.unil.ch\/ecounc\/produit\/pochette-dexpedition-en-carton-250x353\/","title":{"rendered":"Pochette d&rsquo;exp\u00e9dition en carton 240&#215;315"},"content":{"rendered":"<p>Pochette d&rsquo;exp\u00e9dition en carton 240&#215;315 pour A4<\/p>\n<p>La pochette d\u2019exp\u00e9dition ultrasolide avec fermeture par patte rentrante pour prot\u00e9ger vos marchandises lourdes. Gr\u00e2ce \u00e0 la protection exceptionnelle des angles et au mat\u00e9riau du carton qui r\u00e9siste aux plis et aux d\u00e9chirures, les contenus tels que les produits imprim\u00e9s par exemple parviennent \u00e0 votre destinataire en toute s\u00e9curit\u00e9.<\/p>\n","protected":false},"excerpt":{"rendered":"<p>Pochette d&rsquo;exp\u00e9dition en carton 240&#215;315 pour A4 La pochette d\u2019exp\u00e9dition ultrasolide avec fermeture par patte rentrante pour prot\u00e9ger vos marchandises lourdes. Gr\u00e2ce \u00e0 la protection exceptionnelle des angles et au mat\u00e9riau du carton qui r\u00e9siste aux plis et aux d\u00e9chirures, les contenus tels que les produits imprim\u00e9s par exemple parviennent \u00e0 votre destinataire en toute [&hellip;]<\/p>\n","protected":false},"featured_media":915,"comment_status":"closed","ping_status":"closed","template":"","meta":{"_seopress_robots_primary_cat":"","_seopress_titles_title":"","_seopress_titles_desc":"","_seopress_robots_index":""},"product_brand":[],"product_cat":[27,79,59],"product_tag":[],"class_list":{"0":"post-912","1":"product","2":"type-product","3":"status-publish","4":"has-post-thumbnail","6":"product_cat-emballage","7":"product_cat-enveloppes","8":"product_cat-enveloppes-emballages-dexpedition","10":"first","11":"instock","12":"shipping-taxable","13":"product-type-external"},"_links":{"self":[{"href":"https:\/\/wp.unil.ch\/ecounc\/wp-json\/wp\/v2\/product\/912","targetHints":{"allow":["GET"]}}],"collection":[{"href":"https:\/\/wp.unil.ch\/ecounc\/wp-json\/wp\/v2\/product"}],"about":[{"href":"https:\/\/wp.unil.ch\/ecounc\/wp-json\/wp\/v2\/types\/product"}],"replies":[{"embeddable":true,"href":"https:\/\/wp.unil.ch\/ecounc\/wp-json\/wp\/v2\/comments?post=912"}],"wp:featuredmedia":[{"embeddable":true,"href":"https:\/\/wp.unil.ch\/ecounc\/wp-json\/wp\/v2\/media\/915"}],"wp:attachment":[{"href":"https:\/\/wp.unil.ch\/ecounc\/wp-json\/wp\/v2\/media?parent=912"}],"wp:term":[{"taxonomy":"product_brand","embeddable":true,"href":"https:\/\/wp.unil.ch\/ecounc\/wp-json\/wp\/v2\/product_brand?post=912"},{"taxonomy":"product_cat","embeddable":true,"href":"https:\/\/wp.unil.ch\/ecounc\/wp-json\/wp\/v2\/product_cat?post=912"},{"taxonomy":"product_tag","embeddable":true,"href":"https:\/\/wp.unil.ch\/ecounc\/wp-json\/wp\/v2\/product_tag?post=912"}],"curies":[{"name":"wp","href":"https:\/\/api.w.org\/{rel}","templated":true}]}}