{"id":900,"date":"2017-04-25T16:12:32","date_gmt":"2017-04-25T14:12:32","guid":{"rendered":"http:\/\/wp.unil.ch\/ecounc\/?post_type=product&#038;p=900"},"modified":"2024-12-03T15:36:47","modified_gmt":"2024-12-03T14:36:47","slug":"mecawell-light-emballage-pour-livres-et-catalogues-2","status":"publish","type":"product","link":"https:\/\/wp.unil.ch\/ecounc\/produit\/mecawell-light-emballage-pour-livres-et-catalogues-2\/","title":{"rendered":"Emballage pour livres et catalogues 212&#215;172"},"content":{"rendered":"<p>Emballage pour livres et catalogues 212 \u00d7 172 pour A5\/DVDs<\/p>\n<p>Les bords antichocs assurent une protection optimale de l\u2019objet tout autour<\/p>\n<p>Facile \u00e0 fermer avec la fermeture adh\u00e9sive Hotmelt<\/p>\n<p>Ultra-robuste facile \u00e0 ouvrir \u00e0 l\u2019aide de l\u2019ouverture renforc\u00e9e<\/p>\n<p>En carton ondul\u00e9 Kraftliner de haute qualit\u00e9,100 % recyclable<b><strong><br \/>\n<\/strong><\/b><\/p>\n<p>&nbsp;<\/p>\n<p>&nbsp;<\/p>\n<p>&nbsp;<\/p>\n<p>&nbsp;<\/p>\n","protected":false},"excerpt":{"rendered":"<p>Emballage pour livres et catalogues 212 \u00d7 172 pour A5\/DVDs Les bords antichocs assurent une protection optimale de l\u2019objet tout autour Facile \u00e0 fermer avec la fermeture adh\u00e9sive Hotmelt Ultra-robuste facile \u00e0 ouvrir \u00e0 l\u2019aide de l\u2019ouverture renforc\u00e9e En carton ondul\u00e9 Kraftliner de haute qualit\u00e9,100 % recyclable &nbsp; &nbsp; &nbsp; &nbsp;<\/p>\n","protected":false},"featured_media":909,"comment_status":"closed","ping_status":"closed","template":"","meta":{"_seopress_robots_primary_cat":"","_seopress_titles_title":"","_seopress_titles_desc":"","_seopress_robots_index":""},"product_brand":[],"product_cat":[27,80,59],"product_tag":[],"class_list":{"0":"post-900","1":"product","2":"type-product","3":"status-publish","4":"has-post-thumbnail","6":"product_cat-emballage","7":"product_cat-emballages","8":"product_cat-enveloppes-emballages-dexpedition","10":"first","11":"instock","12":"shipping-taxable","13":"product-type-external"},"_links":{"self":[{"href":"https:\/\/wp.unil.ch\/ecounc\/wp-json\/wp\/v2\/product\/900","targetHints":{"allow":["GET"]}}],"collection":[{"href":"https:\/\/wp.unil.ch\/ecounc\/wp-json\/wp\/v2\/product"}],"about":[{"href":"https:\/\/wp.unil.ch\/ecounc\/wp-json\/wp\/v2\/types\/product"}],"replies":[{"embeddable":true,"href":"https:\/\/wp.unil.ch\/ecounc\/wp-json\/wp\/v2\/comments?post=900"}],"wp:featuredmedia":[{"embeddable":true,"href":"https:\/\/wp.unil.ch\/ecounc\/wp-json\/wp\/v2\/media\/909"}],"wp:attachment":[{"href":"https:\/\/wp.unil.ch\/ecounc\/wp-json\/wp\/v2\/media?parent=900"}],"wp:term":[{"taxonomy":"product_brand","embeddable":true,"href":"https:\/\/wp.unil.ch\/ecounc\/wp-json\/wp\/v2\/product_brand?post=900"},{"taxonomy":"product_cat","embeddable":true,"href":"https:\/\/wp.unil.ch\/ecounc\/wp-json\/wp\/v2\/product_cat?post=900"},{"taxonomy":"product_tag","embeddable":true,"href":"https:\/\/wp.unil.ch\/ecounc\/wp-json\/wp\/v2\/product_tag?post=900"}],"curies":[{"name":"wp","href":"https:\/\/api.w.org\/{rel}","templated":true}]}}