{"id":891,"date":"2017-04-25T15:17:39","date_gmt":"2017-04-25T13:17:39","guid":{"rendered":"http:\/\/wp.unil.ch\/ecounc\/?post_type=product&#038;p=891"},"modified":"2022-12-19T10:10:46","modified_gmt":"2022-12-19T09:10:46","slug":"pochettes-denvoi-a-bulles-dair-sealed-air-d1-bande-adhesive-79-gm%c2%b2-blanc","status":"publish","type":"product","link":"https:\/\/wp.unil.ch\/ecounc\/produit\/pochettes-denvoi-a-bulles-dair-sealed-air-d1-bande-adhesive-79-gm%c2%b2-blanc\/","title":{"rendered":"Pochette d&rsquo;envoi \u00e0 bulles"},"content":{"rendered":"<p>Pochette d&rsquo;exp\u00e9dition blanche avec sachet bulles pour l&rsquo;exp\u00e9dition d&rsquo;objets fragiles,<\/p>\n<p>Format : 17<\/p>\n<p>Format ext\u00e9rieur : 250 x 340 mm<\/p>\n<p>Format int\u00e9rieur : 230 x 330 mm<\/p>\n","protected":false},"excerpt":{"rendered":"<p>Pochette d&rsquo;exp\u00e9dition blanche avec sachet bulles pour l&rsquo;exp\u00e9dition d&rsquo;objets fragiles, Format : 17 Format ext\u00e9rieur : 250 x 340 mm Format int\u00e9rieur : 230 x 330 mm<\/p>\n","protected":false},"featured_media":894,"comment_status":"closed","ping_status":"closed","template":"","meta":{"_seopress_robots_primary_cat":"","_seopress_titles_title":"","_seopress_titles_desc":"","_seopress_robots_index":""},"product_brand":[],"product_cat":[27,79,59],"product_tag":[],"class_list":{"0":"post-891","1":"product","2":"type-product","3":"status-publish","4":"has-post-thumbnail","6":"product_cat-emballage","7":"product_cat-enveloppes","8":"product_cat-enveloppes-emballages-dexpedition","10":"first","11":"instock","12":"shipping-taxable","13":"product-type-external"},"_links":{"self":[{"href":"https:\/\/wp.unil.ch\/ecounc\/wp-json\/wp\/v2\/product\/891","targetHints":{"allow":["GET"]}}],"collection":[{"href":"https:\/\/wp.unil.ch\/ecounc\/wp-json\/wp\/v2\/product"}],"about":[{"href":"https:\/\/wp.unil.ch\/ecounc\/wp-json\/wp\/v2\/types\/product"}],"replies":[{"embeddable":true,"href":"https:\/\/wp.unil.ch\/ecounc\/wp-json\/wp\/v2\/comments?post=891"}],"wp:featuredmedia":[{"embeddable":true,"href":"https:\/\/wp.unil.ch\/ecounc\/wp-json\/wp\/v2\/media\/894"}],"wp:attachment":[{"href":"https:\/\/wp.unil.ch\/ecounc\/wp-json\/wp\/v2\/media?parent=891"}],"wp:term":[{"taxonomy":"product_brand","embeddable":true,"href":"https:\/\/wp.unil.ch\/ecounc\/wp-json\/wp\/v2\/product_brand?post=891"},{"taxonomy":"product_cat","embeddable":true,"href":"https:\/\/wp.unil.ch\/ecounc\/wp-json\/wp\/v2\/product_cat?post=891"},{"taxonomy":"product_tag","embeddable":true,"href":"https:\/\/wp.unil.ch\/ecounc\/wp-json\/wp\/v2\/product_tag?post=891"}],"curies":[{"name":"wp","href":"https:\/\/api.w.org\/{rel}","templated":true}]}}