{"id":887,"date":"2017-04-25T14:46:07","date_gmt":"2017-04-25T12:46:07","guid":{"rendered":"http:\/\/wp.unil.ch\/ecounc\/?post_type=product&#038;p=887"},"modified":"2023-05-15T15:41:37","modified_gmt":"2023-05-15T13:41:37","slug":"enveloppe-c6-80gm%c2%b2-recycle-auto-adhesive-dimension-162x114-mm","status":"publish","type":"product","link":"https:\/\/wp.unil.ch\/ecounc\/produit\/enveloppe-c6-80gm%c2%b2-recycle-auto-adhesive-dimension-162x114-mm\/","title":{"rendered":"Enveloppe C6 recycl\u00e9 sans fen\u00eatre"},"content":{"rendered":"<p>Enveloppe C6 recycl\u00e9 sans fen\u00eatre<\/p>\n<p>80g\/m\u00b2 recycl\u00e9 gris auto-adh\u00e9sive dimension 162&#215;114 mm<\/p>\n","protected":false},"excerpt":{"rendered":"<p>Enveloppe C6 recycl\u00e9 sans fen\u00eatre 80g\/m\u00b2 recycl\u00e9 gris auto-adh\u00e9sive dimension 162&#215;114 mm<\/p>\n","protected":false},"featured_media":3567,"comment_status":"closed","ping_status":"closed","template":"","meta":{"_seopress_robots_primary_cat":"","_seopress_titles_title":"","_seopress_titles_desc":"","_seopress_robots_index":""},"product_brand":[],"product_cat":[27,79,59],"product_tag":[],"class_list":{"0":"post-887","1":"product","2":"type-product","3":"status-publish","4":"has-post-thumbnail","6":"product_cat-emballage","7":"product_cat-enveloppes","8":"product_cat-enveloppes-emballages-dexpedition","10":"first","11":"instock","12":"shipping-taxable","13":"product-type-external"},"_links":{"self":[{"href":"https:\/\/wp.unil.ch\/ecounc\/wp-json\/wp\/v2\/product\/887","targetHints":{"allow":["GET"]}}],"collection":[{"href":"https:\/\/wp.unil.ch\/ecounc\/wp-json\/wp\/v2\/product"}],"about":[{"href":"https:\/\/wp.unil.ch\/ecounc\/wp-json\/wp\/v2\/types\/product"}],"replies":[{"embeddable":true,"href":"https:\/\/wp.unil.ch\/ecounc\/wp-json\/wp\/v2\/comments?post=887"}],"wp:featuredmedia":[{"embeddable":true,"href":"https:\/\/wp.unil.ch\/ecounc\/wp-json\/wp\/v2\/media\/3567"}],"wp:attachment":[{"href":"https:\/\/wp.unil.ch\/ecounc\/wp-json\/wp\/v2\/media?parent=887"}],"wp:term":[{"taxonomy":"product_brand","embeddable":true,"href":"https:\/\/wp.unil.ch\/ecounc\/wp-json\/wp\/v2\/product_brand?post=887"},{"taxonomy":"product_cat","embeddable":true,"href":"https:\/\/wp.unil.ch\/ecounc\/wp-json\/wp\/v2\/product_cat?post=887"},{"taxonomy":"product_tag","embeddable":true,"href":"https:\/\/wp.unil.ch\/ecounc\/wp-json\/wp\/v2\/product_tag?post=887"}],"curies":[{"name":"wp","href":"https:\/\/api.w.org\/{rel}","templated":true}]}}