{"id":870,"date":"2017-04-25T13:29:40","date_gmt":"2017-04-25T11:29:40","guid":{"rendered":"http:\/\/wp.unil.ch\/ecounc\/?post_type=product&#038;p=870"},"modified":"2023-05-15T15:21:24","modified_gmt":"2023-05-15T13:21:24","slug":"enveloppe-c4-brun-kraft-patte-auto-adhesive-40-mm-soufflets-a-fond-carre","status":"publish","type":"product","link":"https:\/\/wp.unil.ch\/ecounc\/produit\/enveloppe-c4-brun-kraft-patte-auto-adhesive-40-mm-soufflets-a-fond-carre\/","title":{"rendered":"Enveloppe C4, avec soufflet \u00e0 fond carr\u00e9,sans fen\u00eatre"},"content":{"rendered":"<p>Enveloppe C4, brun Kraft, patte auto-adh\u00e9sive, 40 mm, soufflet \u00e0 fond carr\u00e9 324 x 240 mm. Papier, 250 g\/m2. sans fen\u00eatre<\/p>\n","protected":false},"excerpt":{"rendered":"<p>Enveloppe C4, brun Kraft, patte auto-adh\u00e9sive, 40 mm, soufflets \u00e0 fond carr\u00e9<\/p>\n","protected":false},"featured_media":3566,"comment_status":"closed","ping_status":"closed","template":"","meta":{"_seopress_robots_primary_cat":"","_seopress_titles_title":"","_seopress_titles_desc":"","_seopress_robots_index":""},"product_brand":[],"product_cat":[27,79,59],"product_tag":[],"class_list":{"0":"post-870","1":"product","2":"type-product","3":"status-publish","4":"has-post-thumbnail","6":"product_cat-emballage","7":"product_cat-enveloppes","8":"product_cat-enveloppes-emballages-dexpedition","10":"first","11":"instock","12":"shipping-taxable","13":"product-type-external"},"_links":{"self":[{"href":"https:\/\/wp.unil.ch\/ecounc\/wp-json\/wp\/v2\/product\/870","targetHints":{"allow":["GET"]}}],"collection":[{"href":"https:\/\/wp.unil.ch\/ecounc\/wp-json\/wp\/v2\/product"}],"about":[{"href":"https:\/\/wp.unil.ch\/ecounc\/wp-json\/wp\/v2\/types\/product"}],"replies":[{"embeddable":true,"href":"https:\/\/wp.unil.ch\/ecounc\/wp-json\/wp\/v2\/comments?post=870"}],"wp:featuredmedia":[{"embeddable":true,"href":"https:\/\/wp.unil.ch\/ecounc\/wp-json\/wp\/v2\/media\/3566"}],"wp:attachment":[{"href":"https:\/\/wp.unil.ch\/ecounc\/wp-json\/wp\/v2\/media?parent=870"}],"wp:term":[{"taxonomy":"product_brand","embeddable":true,"href":"https:\/\/wp.unil.ch\/ecounc\/wp-json\/wp\/v2\/product_brand?post=870"},{"taxonomy":"product_cat","embeddable":true,"href":"https:\/\/wp.unil.ch\/ecounc\/wp-json\/wp\/v2\/product_cat?post=870"},{"taxonomy":"product_tag","embeddable":true,"href":"https:\/\/wp.unil.ch\/ecounc\/wp-json\/wp\/v2\/product_tag?post=870"}],"curies":[{"name":"wp","href":"https:\/\/api.w.org\/{rel}","templated":true}]}}