{"id":857,"date":"2017-04-25T12:10:01","date_gmt":"2017-04-25T10:10:01","guid":{"rendered":"http:\/\/wp.unil.ch\/ecounc\/?post_type=product&#038;p=857"},"modified":"2022-05-17T07:21:39","modified_gmt":"2022-05-17T05:21:39","slug":"enveloppe-c4-120gm%c2%b2-kraft-brun-sans-fenetre-auto-adhesive","status":"publish","type":"product","link":"https:\/\/wp.unil.ch\/ecounc\/produit\/enveloppe-c4-120gm%c2%b2-kraft-brun-sans-fenetre-auto-adhesive\/","title":{"rendered":"Enveloppe C4 , kraft brun sans fen\u00eatre, sans soufflet"},"content":{"rendered":"<p>Enveloppe C4 120g\/m\u00b2 kraft brun sans fen\u00eatre sans soufflet auto-adh\u00e9sive<\/p>\n<p>Sans fen\u00eatre auto-adh\u00e9sive<\/p>\n<p>Dimension : 324 x 229 mm<\/p>\n","protected":false},"excerpt":{"rendered":"<p>Enveloppe C4 120g\/m\u00b2 kraft brun sans fen\u00eatre sans soufflet auto-adh\u00e9sive Sans fen\u00eatre auto-adh\u00e9sive Dimension : 324 x 229 mm<\/p>\n","protected":false},"featured_media":895,"comment_status":"closed","ping_status":"closed","template":"","meta":{"_seopress_robots_primary_cat":"","_seopress_titles_title":"","_seopress_titles_desc":"","_seopress_robots_index":""},"product_brand":[],"product_cat":[27,79,59],"product_tag":[],"class_list":{"0":"post-857","1":"product","2":"type-product","3":"status-publish","4":"has-post-thumbnail","6":"product_cat-emballage","7":"product_cat-enveloppes","8":"product_cat-enveloppes-emballages-dexpedition","10":"first","11":"instock","12":"shipping-taxable","13":"product-type-external"},"_links":{"self":[{"href":"https:\/\/wp.unil.ch\/ecounc\/wp-json\/wp\/v2\/product\/857","targetHints":{"allow":["GET"]}}],"collection":[{"href":"https:\/\/wp.unil.ch\/ecounc\/wp-json\/wp\/v2\/product"}],"about":[{"href":"https:\/\/wp.unil.ch\/ecounc\/wp-json\/wp\/v2\/types\/product"}],"replies":[{"embeddable":true,"href":"https:\/\/wp.unil.ch\/ecounc\/wp-json\/wp\/v2\/comments?post=857"}],"wp:featuredmedia":[{"embeddable":true,"href":"https:\/\/wp.unil.ch\/ecounc\/wp-json\/wp\/v2\/media\/895"}],"wp:attachment":[{"href":"https:\/\/wp.unil.ch\/ecounc\/wp-json\/wp\/v2\/media?parent=857"}],"wp:term":[{"taxonomy":"product_brand","embeddable":true,"href":"https:\/\/wp.unil.ch\/ecounc\/wp-json\/wp\/v2\/product_brand?post=857"},{"taxonomy":"product_cat","embeddable":true,"href":"https:\/\/wp.unil.ch\/ecounc\/wp-json\/wp\/v2\/product_cat?post=857"},{"taxonomy":"product_tag","embeddable":true,"href":"https:\/\/wp.unil.ch\/ecounc\/wp-json\/wp\/v2\/product_tag?post=857"}],"curies":[{"name":"wp","href":"https:\/\/api.w.org\/{rel}","templated":true}]}}