{"id":849,"date":"2017-04-25T12:01:30","date_gmt":"2017-04-25T10:01:30","guid":{"rendered":"http:\/\/wp.unil.ch\/ecounc\/?post_type=product&#038;p=849"},"modified":"2023-06-22T13:36:41","modified_gmt":"2023-06-22T11:36:41","slug":"enveloppe-c5-100gm%c2%b2-recycle-2-fenetres-auto-adhesive","status":"publish","type":"product","link":"https:\/\/wp.unil.ch\/ecounc\/produit\/enveloppe-c5-100gm%c2%b2-recycle-2-fenetres-auto-adhesive\/","title":{"rendered":"Enveloppe C5 recycl\u00e9 &#8211; 2 fen\u00eatres"},"content":{"rendered":"<p>Enveloppe C5 100g\/m\u00b2 recycl\u00e9 &#8211; 2 fen\u00eatres auto-adh\u00e9sive<\/p>\n<p>Dimension : 229 x 162 mm\u00a0 100g\/m\u00b2<\/p>\n","protected":false},"excerpt":{"rendered":"<p>Enveloppe C5 100g\/m\u00b2 recycl\u00e9 &#8211; 2 fen\u00eatres auto-adh\u00e9sive Dimension : 229 x 162 mm\u00a0 100g\/m\u00b2<\/p>\n","protected":false},"featured_media":3684,"comment_status":"closed","ping_status":"closed","template":"","meta":{"_seopress_robots_primary_cat":"","_seopress_titles_title":"","_seopress_titles_desc":"","_seopress_robots_index":""},"product_brand":[],"product_cat":[27,79,59],"product_tag":[],"class_list":{"0":"post-849","1":"product","2":"type-product","3":"status-publish","4":"has-post-thumbnail","6":"product_cat-emballage","7":"product_cat-enveloppes","8":"product_cat-enveloppes-emballages-dexpedition","10":"first","11":"instock","12":"shipping-taxable","13":"product-type-external"},"_links":{"self":[{"href":"https:\/\/wp.unil.ch\/ecounc\/wp-json\/wp\/v2\/product\/849","targetHints":{"allow":["GET"]}}],"collection":[{"href":"https:\/\/wp.unil.ch\/ecounc\/wp-json\/wp\/v2\/product"}],"about":[{"href":"https:\/\/wp.unil.ch\/ecounc\/wp-json\/wp\/v2\/types\/product"}],"replies":[{"embeddable":true,"href":"https:\/\/wp.unil.ch\/ecounc\/wp-json\/wp\/v2\/comments?post=849"}],"wp:featuredmedia":[{"embeddable":true,"href":"https:\/\/wp.unil.ch\/ecounc\/wp-json\/wp\/v2\/media\/3684"}],"wp:attachment":[{"href":"https:\/\/wp.unil.ch\/ecounc\/wp-json\/wp\/v2\/media?parent=849"}],"wp:term":[{"taxonomy":"product_brand","embeddable":true,"href":"https:\/\/wp.unil.ch\/ecounc\/wp-json\/wp\/v2\/product_brand?post=849"},{"taxonomy":"product_cat","embeddable":true,"href":"https:\/\/wp.unil.ch\/ecounc\/wp-json\/wp\/v2\/product_cat?post=849"},{"taxonomy":"product_tag","embeddable":true,"href":"https:\/\/wp.unil.ch\/ecounc\/wp-json\/wp\/v2\/product_tag?post=849"}],"curies":[{"name":"wp","href":"https:\/\/api.w.org\/{rel}","templated":true}]}}