{"id":776,"date":"2017-04-24T16:42:49","date_gmt":"2017-04-24T14:42:49","guid":{"rendered":"http:\/\/wp.unil.ch\/ecounc\/?post_type=product&#038;p=776"},"modified":"2026-02-24T11:08:14","modified_gmt":"2026-02-24T10:08:14","slug":"bloc-notes-non-regle-a6","status":"publish","type":"product","link":"https:\/\/wp.unil.ch\/ecounc\/produit\/bloc-notes-non-regle-a6\/","title":{"rendered":"Bloc-notes non r\u00e9gl\u00e9"},"content":{"rendered":"<p>bloc note en papier journal gris\u00e2tre, 50 g\/m2, neutre, 100 feuilles, l&rsquo;encre peut traverser le papier (bloc de brouillon), coll\u00e9 sur fond en carton.<\/p>\n<p style=\"text-align: center\">\n","protected":false},"excerpt":{"rendered":"<p>bloc note en papier journal gris\u00e2tre, 50 g\/m2, neutre, 100 feuilles, l&rsquo;encre peut traverser le papier (bloc de brouillon), coll\u00e9 sur fond en carton.<\/p>\n","protected":false},"featured_media":3687,"comment_status":"closed","ping_status":"closed","template":"","meta":{"_seopress_robots_primary_cat":"none","_seopress_titles_title":"","_seopress_titles_desc":"","_seopress_robots_index":""},"product_brand":[],"product_cat":[64,26],"product_tag":[],"class_list":{"0":"post-776","1":"product","2":"type-product","3":"status-publish","4":"has-post-thumbnail","6":"product_cat-cahiers-carnets-bloc-notes","7":"product_cat-note-repositionnable-prises-de-notes","9":"first","10":"instock","11":"shipping-taxable","12":"purchasable","13":"product-type-variable"},"_links":{"self":[{"href":"https:\/\/wp.unil.ch\/ecounc\/wp-json\/wp\/v2\/product\/776","targetHints":{"allow":["GET"]}}],"collection":[{"href":"https:\/\/wp.unil.ch\/ecounc\/wp-json\/wp\/v2\/product"}],"about":[{"href":"https:\/\/wp.unil.ch\/ecounc\/wp-json\/wp\/v2\/types\/product"}],"replies":[{"embeddable":true,"href":"https:\/\/wp.unil.ch\/ecounc\/wp-json\/wp\/v2\/comments?post=776"}],"wp:featuredmedia":[{"embeddable":true,"href":"https:\/\/wp.unil.ch\/ecounc\/wp-json\/wp\/v2\/media\/3687"}],"wp:attachment":[{"href":"https:\/\/wp.unil.ch\/ecounc\/wp-json\/wp\/v2\/media?parent=776"}],"wp:term":[{"taxonomy":"product_brand","embeddable":true,"href":"https:\/\/wp.unil.ch\/ecounc\/wp-json\/wp\/v2\/product_brand?post=776"},{"taxonomy":"product_cat","embeddable":true,"href":"https:\/\/wp.unil.ch\/ecounc\/wp-json\/wp\/v2\/product_cat?post=776"},{"taxonomy":"product_tag","embeddable":true,"href":"https:\/\/wp.unil.ch\/ecounc\/wp-json\/wp\/v2\/product_tag?post=776"}],"curies":[{"name":"wp","href":"https:\/\/api.w.org\/{rel}","templated":true}]}}