{"id":711,"date":"2017-04-24T09:14:09","date_gmt":"2017-04-24T07:14:09","guid":{"rendered":"http:\/\/wp.unil.ch\/ecounc\/?post_type=product&#038;p=711"},"modified":"2025-05-27T14:23:52","modified_gmt":"2025-05-27T12:23:52","slug":"signataire-trieur-alphabetique-noir","status":"publish","type":"product","link":"https:\/\/wp.unil.ch\/ecounc\/produit\/signataire-trieur-alphabetique-noir\/","title":{"rendered":"Signataire A-Z -Classeur \u00e0 compartiments PAGNA Classic"},"content":{"rendered":"<p>Signataire A-Z -Classeur \u00e0 compartiments PAGNA Classic<\/p>\n<p>Reliure en carton dur, noire, avec dos extensible en toile, r\u00e9pertoire avec onglets en PP, pages int\u00e9rieures munies de 3 trous pour visualiser le contenu, pour format A4.<\/p>\n<p>&nbsp;<\/p>\n","protected":false},"excerpt":{"rendered":"<p>Signataire A-Z -Classeur \u00e0 compartiments PAGNA Classic Reliure en carton dur, noire, avec dos extensible en toile, r\u00e9pertoire avec onglets en PP, pages int\u00e9rieures munies de 3 trous pour visualiser le contenu, pour format A4. &nbsp;<\/p>\n","protected":false},"featured_media":3689,"comment_status":"closed","ping_status":"closed","template":"","meta":{"_seopress_robots_primary_cat":"","_seopress_titles_title":"","_seopress_titles_desc":"","_seopress_robots_index":""},"product_brand":[],"product_cat":[31,84],"product_tag":[],"class_list":{"0":"post-711","1":"product","2":"type-product","3":"status-publish","4":"has-post-thumbnail","6":"product_cat-classement","7":"product_cat-signataires","9":"first","10":"instock","11":"shipping-taxable","12":"purchasable","13":"product-type-simple"},"_links":{"self":[{"href":"https:\/\/wp.unil.ch\/ecounc\/wp-json\/wp\/v2\/product\/711","targetHints":{"allow":["GET"]}}],"collection":[{"href":"https:\/\/wp.unil.ch\/ecounc\/wp-json\/wp\/v2\/product"}],"about":[{"href":"https:\/\/wp.unil.ch\/ecounc\/wp-json\/wp\/v2\/types\/product"}],"replies":[{"embeddable":true,"href":"https:\/\/wp.unil.ch\/ecounc\/wp-json\/wp\/v2\/comments?post=711"}],"wp:featuredmedia":[{"embeddable":true,"href":"https:\/\/wp.unil.ch\/ecounc\/wp-json\/wp\/v2\/media\/3689"}],"wp:attachment":[{"href":"https:\/\/wp.unil.ch\/ecounc\/wp-json\/wp\/v2\/media?parent=711"}],"wp:term":[{"taxonomy":"product_brand","embeddable":true,"href":"https:\/\/wp.unil.ch\/ecounc\/wp-json\/wp\/v2\/product_brand?post=711"},{"taxonomy":"product_cat","embeddable":true,"href":"https:\/\/wp.unil.ch\/ecounc\/wp-json\/wp\/v2\/product_cat?post=711"},{"taxonomy":"product_tag","embeddable":true,"href":"https:\/\/wp.unil.ch\/ecounc\/wp-json\/wp\/v2\/product_tag?post=711"}],"curies":[{"name":"wp","href":"https:\/\/api.w.org\/{rel}","templated":true}]}}