{"id":669,"date":"2017-04-21T15:19:22","date_gmt":"2017-04-21T13:19:22","guid":{"rendered":"http:\/\/wp.unil.ch\/ecounc\/?post_type=product&#038;p=669"},"modified":"2025-09-25T09:03:14","modified_gmt":"2025-09-25T07:03:14","slug":"chiffons-de-nettoyage-nobo-noboclene","status":"publish","type":"product","link":"https:\/\/wp.unil.ch\/ecounc\/produit\/chiffons-de-nettoyage-nobo-noboclene\/","title":{"rendered":"Chiffon de nettoyage NOBO pour tableau blanc"},"content":{"rendered":"<p>Chiffon de nettoyage NOBO pour tableau blanc<\/p>\n<p>Chiffon en ouate de cellulose non pelucheuse, imbib\u00e9 d&rsquo;une lotion de nettoyage pour tableau blanc et planning mural, convient \u00e9galement pour les bo\u00eetiers d&rsquo;ordinateurs et les claviers.<\/p>\n","protected":false},"excerpt":{"rendered":"<p>Chiffon de nettoyage NOBO pour tableau blanc Chiffon en ouate de cellulose non pelucheuse, imbib\u00e9 d&rsquo;une lotion de nettoyage pour tableau blanc et planning mural, convient \u00e9galement pour les bo\u00eetiers d&rsquo;ordinateurs et les claviers.<\/p>\n","protected":false},"featured_media":670,"comment_status":"closed","ping_status":"closed","template":"","meta":{"_seopress_robots_primary_cat":"none","_seopress_titles_title":"","_seopress_titles_desc":"","_seopress_robots_index":""},"product_brand":[],"product_cat":[54],"product_tag":[],"class_list":{"0":"post-669","1":"product","2":"type-product","3":"status-publish","4":"has-post-thumbnail","6":"product_cat-nettoyage-entretien","8":"first","9":"instock","10":"shipping-taxable","11":"purchasable","12":"product-type-simple"},"_links":{"self":[{"href":"https:\/\/wp.unil.ch\/ecounc\/wp-json\/wp\/v2\/product\/669","targetHints":{"allow":["GET"]}}],"collection":[{"href":"https:\/\/wp.unil.ch\/ecounc\/wp-json\/wp\/v2\/product"}],"about":[{"href":"https:\/\/wp.unil.ch\/ecounc\/wp-json\/wp\/v2\/types\/product"}],"replies":[{"embeddable":true,"href":"https:\/\/wp.unil.ch\/ecounc\/wp-json\/wp\/v2\/comments?post=669"}],"wp:featuredmedia":[{"embeddable":true,"href":"https:\/\/wp.unil.ch\/ecounc\/wp-json\/wp\/v2\/media\/670"}],"wp:attachment":[{"href":"https:\/\/wp.unil.ch\/ecounc\/wp-json\/wp\/v2\/media?parent=669"}],"wp:term":[{"taxonomy":"product_brand","embeddable":true,"href":"https:\/\/wp.unil.ch\/ecounc\/wp-json\/wp\/v2\/product_brand?post=669"},{"taxonomy":"product_cat","embeddable":true,"href":"https:\/\/wp.unil.ch\/ecounc\/wp-json\/wp\/v2\/product_cat?post=669"},{"taxonomy":"product_tag","embeddable":true,"href":"https:\/\/wp.unil.ch\/ecounc\/wp-json\/wp\/v2\/product_tag?post=669"}],"curies":[{"name":"wp","href":"https:\/\/api.w.org\/{rel}","templated":true}]}}