{"id":651,"date":"2017-04-20T17:16:25","date_gmt":"2017-04-20T15:16:25","guid":{"rendered":"http:\/\/wp.unil.ch\/ecounc\/?post_type=product&#038;p=651"},"modified":"2026-02-24T11:08:12","modified_gmt":"2026-02-24T10:08:12","slug":"epingles","status":"publish","type":"product","link":"https:\/\/wp.unil.ch\/ecounc\/produit\/epingles\/","title":{"rendered":"\u00c9pingle pour tableau li\u00e8ge"},"content":{"rendered":"<p>\u00c9pingle pour tableau li\u00e8ge, couleurs assorties .<\/p>\n<p>Dimensions: L 24 mm, \u00e9pingle \u00e0 t\u00eate \u00d8 7,5 mm.<\/p>\n","protected":false},"excerpt":{"rendered":"<p>\u00c9pingle pour tableau li\u00e8ge, couleurs assorties . Dimensions: L 24 mm, \u00e9pingle \u00e0 t\u00eate \u00d8 7,5 mm.<\/p>\n","protected":false},"featured_media":653,"comment_status":"closed","ping_status":"closed","template":"","meta":{"_seopress_robots_primary_cat":"","_seopress_titles_title":"","_seopress_titles_desc":"","_seopress_robots_index":""},"product_brand":[],"product_cat":[18,16],"product_tag":[],"class_list":{"0":"post-651","1":"product","2":"type-product","3":"status-publish","4":"has-post-thumbnail","6":"product_cat-attaches","7":"product_cat-attaches-fixations","9":"first","10":"instock","11":"shipping-taxable","12":"purchasable","13":"product-type-simple"},"_links":{"self":[{"href":"https:\/\/wp.unil.ch\/ecounc\/wp-json\/wp\/v2\/product\/651","targetHints":{"allow":["GET"]}}],"collection":[{"href":"https:\/\/wp.unil.ch\/ecounc\/wp-json\/wp\/v2\/product"}],"about":[{"href":"https:\/\/wp.unil.ch\/ecounc\/wp-json\/wp\/v2\/types\/product"}],"replies":[{"embeddable":true,"href":"https:\/\/wp.unil.ch\/ecounc\/wp-json\/wp\/v2\/comments?post=651"}],"wp:featuredmedia":[{"embeddable":true,"href":"https:\/\/wp.unil.ch\/ecounc\/wp-json\/wp\/v2\/media\/653"}],"wp:attachment":[{"href":"https:\/\/wp.unil.ch\/ecounc\/wp-json\/wp\/v2\/media?parent=651"}],"wp:term":[{"taxonomy":"product_brand","embeddable":true,"href":"https:\/\/wp.unil.ch\/ecounc\/wp-json\/wp\/v2\/product_brand?post=651"},{"taxonomy":"product_cat","embeddable":true,"href":"https:\/\/wp.unil.ch\/ecounc\/wp-json\/wp\/v2\/product_cat?post=651"},{"taxonomy":"product_tag","embeddable":true,"href":"https:\/\/wp.unil.ch\/ecounc\/wp-json\/wp\/v2\/product_tag?post=651"}],"curies":[{"name":"wp","href":"https:\/\/api.w.org\/{rel}","templated":true}]}}