{"id":532,"date":"2017-04-19T10:54:45","date_gmt":"2017-04-19T08:54:45","guid":{"rendered":"http:\/\/wp.unil.ch\/ecounc\/?post_type=product&#038;p=532"},"modified":"2024-10-29T13:28:24","modified_gmt":"2024-10-29T12:28:24","slug":"dossier-suspendu-vetro-mobil-a4-fond-6cm","status":"publish","type":"product","link":"https:\/\/wp.unil.ch\/ecounc\/produit\/dossier-suspendu-vetro-mobil-a4-fond-6cm\/","title":{"rendered":"set de dossier suspendu  de 25 pi\u00e8ces"},"content":{"rendered":"<p class=\"detail__descr js-mayedit\" data-fn=\"pgBeschrieb\">Set compos\u00e9 de 25 dossiers suspendus, format 32 x 26 cm, 25 cavaliers en m\u00e9tal,<\/p>\n<p class=\"detail__descr js-mayedit\" data-fn=\"pgBeschrieb\">25 manchons transparents et 30 \u00e9tiquettes en papier,<\/p>\n<p class=\"detail__descr js-mayedit\" data-fn=\"pgBeschrieb\">couleurs assorties, bleu, jaune, vert et rose.<\/p>\n","protected":false},"excerpt":{"rendered":"<p>Set compos\u00e9 de 25 dossiers suspendus, format 32 x 26 cm, 25 cavaliers en m\u00e9tal, 25 manchons transparents et 30 \u00e9tiquettes en papier, couleurs assorties, bleu, jaune, vert et rose.<\/p>\n","protected":false},"featured_media":4094,"comment_status":"closed","ping_status":"closed","template":"","meta":{"_seopress_robots_primary_cat":"","_seopress_titles_title":"","_seopress_titles_desc":"","_seopress_robots_index":""},"product_brand":[],"product_cat":[31,37],"product_tag":[],"class_list":{"0":"post-532","1":"product","2":"type-product","3":"status-publish","4":"has-post-thumbnail","6":"product_cat-classement","7":"product_cat-dossiers","9":"first","10":"instock","11":"shipping-taxable","12":"purchasable","13":"product-type-simple"},"_links":{"self":[{"href":"https:\/\/wp.unil.ch\/ecounc\/wp-json\/wp\/v2\/product\/532","targetHints":{"allow":["GET"]}}],"collection":[{"href":"https:\/\/wp.unil.ch\/ecounc\/wp-json\/wp\/v2\/product"}],"about":[{"href":"https:\/\/wp.unil.ch\/ecounc\/wp-json\/wp\/v2\/types\/product"}],"replies":[{"embeddable":true,"href":"https:\/\/wp.unil.ch\/ecounc\/wp-json\/wp\/v2\/comments?post=532"}],"wp:featuredmedia":[{"embeddable":true,"href":"https:\/\/wp.unil.ch\/ecounc\/wp-json\/wp\/v2\/media\/4094"}],"wp:attachment":[{"href":"https:\/\/wp.unil.ch\/ecounc\/wp-json\/wp\/v2\/media?parent=532"}],"wp:term":[{"taxonomy":"product_brand","embeddable":true,"href":"https:\/\/wp.unil.ch\/ecounc\/wp-json\/wp\/v2\/product_brand?post=532"},{"taxonomy":"product_cat","embeddable":true,"href":"https:\/\/wp.unil.ch\/ecounc\/wp-json\/wp\/v2\/product_cat?post=532"},{"taxonomy":"product_tag","embeddable":true,"href":"https:\/\/wp.unil.ch\/ecounc\/wp-json\/wp\/v2\/product_tag?post=532"}],"curies":[{"name":"wp","href":"https:\/\/api.w.org\/{rel}","templated":true}]}}