{"id":530,"date":"2017-04-19T10:48:33","date_gmt":"2017-04-19T08:48:33","guid":{"rendered":"http:\/\/wp.unil.ch\/ecounc\/?post_type=product&#038;p=530"},"modified":"2025-10-13T10:22:26","modified_gmt":"2025-10-13T08:22:26","slug":"dossier-suspendu-vetro-mobil-a4","status":"publish","type":"product","link":"https:\/\/wp.unil.ch\/ecounc\/produit\/dossier-suspendu-vetro-mobil-a4\/","title":{"rendered":"Dossier suspendu Biella original A4"},"content":{"rendered":"<p>Dossier suspendu Biella original A4, 32 x 25cm \/ A4<\/p>\n<p>en carton tr\u00e8s r\u00e9sistant, tringles de suspension m\u00e9talliques \u00e9quip\u00e9es de coussinets en nylon.<\/p>\n<p>&nbsp;<\/p>\n","protected":false},"excerpt":{"rendered":"<p>Dossier suspendu Biella original A4, 32 x 25cm \/ A4 en carton tr\u00e8s r\u00e9sistant, tringles de suspension m\u00e9talliques \u00e9quip\u00e9es de coussinets en nylon. &nbsp;<\/p>\n","protected":false},"featured_media":531,"comment_status":"closed","ping_status":"closed","template":"","meta":{"_seopress_robots_primary_cat":"none","_seopress_titles_title":"","_seopress_titles_desc":"","_seopress_robots_index":""},"product_brand":[],"product_cat":[31,37],"product_tag":[],"class_list":{"0":"post-530","1":"product","2":"type-product","3":"status-publish","4":"has-post-thumbnail","6":"product_cat-classement","7":"product_cat-dossiers","9":"first","10":"instock","11":"shipping-taxable","12":"purchasable","13":"product-type-variable"},"_links":{"self":[{"href":"https:\/\/wp.unil.ch\/ecounc\/wp-json\/wp\/v2\/product\/530","targetHints":{"allow":["GET"]}}],"collection":[{"href":"https:\/\/wp.unil.ch\/ecounc\/wp-json\/wp\/v2\/product"}],"about":[{"href":"https:\/\/wp.unil.ch\/ecounc\/wp-json\/wp\/v2\/types\/product"}],"replies":[{"embeddable":true,"href":"https:\/\/wp.unil.ch\/ecounc\/wp-json\/wp\/v2\/comments?post=530"}],"wp:featuredmedia":[{"embeddable":true,"href":"https:\/\/wp.unil.ch\/ecounc\/wp-json\/wp\/v2\/media\/531"}],"wp:attachment":[{"href":"https:\/\/wp.unil.ch\/ecounc\/wp-json\/wp\/v2\/media?parent=530"}],"wp:term":[{"taxonomy":"product_brand","embeddable":true,"href":"https:\/\/wp.unil.ch\/ecounc\/wp-json\/wp\/v2\/product_brand?post=530"},{"taxonomy":"product_cat","embeddable":true,"href":"https:\/\/wp.unil.ch\/ecounc\/wp-json\/wp\/v2\/product_cat?post=530"},{"taxonomy":"product_tag","embeddable":true,"href":"https:\/\/wp.unil.ch\/ecounc\/wp-json\/wp\/v2\/product_tag?post=530"}],"curies":[{"name":"wp","href":"https:\/\/api.w.org\/{rel}","templated":true}]}}