{"id":471,"date":"2017-04-19T07:29:02","date_gmt":"2017-04-19T05:29:02","guid":{"rendered":"http:\/\/wp.unil.ch\/ecounc\/?post_type=product&#038;p=471"},"modified":"2024-12-09T08:30:39","modified_gmt":"2024-12-09T07:30:39","slug":"repertoire-a4-1-15-numerique","status":"publish","type":"product","link":"https:\/\/wp.unil.ch\/ecounc\/produit\/repertoire-a4-1-15-numerique\/","title":{"rendered":"R\u00e9pertoire A4 1-15 num\u00e9rique 4 trous"},"content":{"rendered":"<p>R\u00e9pertoire\u00a0 en mati\u00e8re synth\u00e9tique, A4, 1-15 num\u00e9rique, 15 onglets, 4 trous<\/p>\n","protected":false},"excerpt":{"rendered":"<p>R\u00e9pertoire\u00a0 en mati\u00e8re synth\u00e9tique, A4, 1-15 num\u00e9rique, 15 onglets, 4 trous<\/p>\n","protected":false},"featured_media":3574,"comment_status":"closed","ping_status":"closed","template":"","meta":{"_seopress_robots_primary_cat":"","_seopress_titles_title":"","_seopress_titles_desc":"","_seopress_robots_index":""},"product_brand":[],"product_cat":[31,36],"product_tag":[],"class_list":{"0":"post-471","1":"product","2":"type-product","3":"status-publish","4":"has-post-thumbnail","6":"product_cat-classement","7":"product_cat-repertoires","9":"first","10":"instock","11":"shipping-taxable","12":"purchasable","13":"product-type-simple"},"_links":{"self":[{"href":"https:\/\/wp.unil.ch\/ecounc\/wp-json\/wp\/v2\/product\/471","targetHints":{"allow":["GET"]}}],"collection":[{"href":"https:\/\/wp.unil.ch\/ecounc\/wp-json\/wp\/v2\/product"}],"about":[{"href":"https:\/\/wp.unil.ch\/ecounc\/wp-json\/wp\/v2\/types\/product"}],"replies":[{"embeddable":true,"href":"https:\/\/wp.unil.ch\/ecounc\/wp-json\/wp\/v2\/comments?post=471"}],"wp:featuredmedia":[{"embeddable":true,"href":"https:\/\/wp.unil.ch\/ecounc\/wp-json\/wp\/v2\/media\/3574"}],"wp:attachment":[{"href":"https:\/\/wp.unil.ch\/ecounc\/wp-json\/wp\/v2\/media?parent=471"}],"wp:term":[{"taxonomy":"product_brand","embeddable":true,"href":"https:\/\/wp.unil.ch\/ecounc\/wp-json\/wp\/v2\/product_brand?post=471"},{"taxonomy":"product_cat","embeddable":true,"href":"https:\/\/wp.unil.ch\/ecounc\/wp-json\/wp\/v2\/product_cat?post=471"},{"taxonomy":"product_tag","embeddable":true,"href":"https:\/\/wp.unil.ch\/ecounc\/wp-json\/wp\/v2\/product_tag?post=471"}],"curies":[{"name":"wp","href":"https:\/\/api.w.org\/{rel}","templated":true}]}}