{"id":468,"date":"2017-04-18T16:30:42","date_gmt":"2017-04-18T14:30:42","guid":{"rendered":"http:\/\/wp.unil.ch\/ecounc\/?post_type=product&#038;p=468"},"modified":"2024-02-08T14:46:27","modified_gmt":"2024-02-08T13:46:27","slug":"repertoire-a4-1-12-numerique","status":"publish","type":"product","link":"https:\/\/wp.unil.ch\/ecounc\/produit\/repertoire-a4-1-12-numerique\/","title":{"rendered":"R\u00e9pertoire num\u00e9rique A4 1 \u00e012 divisions 4 trous"},"content":{"rendered":"<p>R\u00e9pertoire num\u00e9rique A4 1 \u00e0 12 en PP gris perforation 4 trous<\/p>\n<p>avec feuille d&rsquo;index<\/p>\n<p>&nbsp;<\/p>\n","protected":false},"excerpt":{"rendered":"<p>R\u00e9pertoire num\u00e9rique A4 1 \u00e0 12 en PP gris perforation 4 trous avec feuille d&rsquo;index &nbsp;<\/p>\n","protected":false},"featured_media":470,"comment_status":"closed","ping_status":"closed","template":"","meta":{"_seopress_robots_primary_cat":"","_seopress_titles_title":"","_seopress_titles_desc":"","_seopress_robots_index":""},"product_brand":[],"product_cat":[31,36],"product_tag":[],"class_list":{"0":"post-468","1":"product","2":"type-product","3":"status-publish","4":"has-post-thumbnail","6":"product_cat-classement","7":"product_cat-repertoires","9":"first","10":"instock","11":"shipping-taxable","12":"purchasable","13":"product-type-simple"},"_links":{"self":[{"href":"https:\/\/wp.unil.ch\/ecounc\/wp-json\/wp\/v2\/product\/468","targetHints":{"allow":["GET"]}}],"collection":[{"href":"https:\/\/wp.unil.ch\/ecounc\/wp-json\/wp\/v2\/product"}],"about":[{"href":"https:\/\/wp.unil.ch\/ecounc\/wp-json\/wp\/v2\/types\/product"}],"replies":[{"embeddable":true,"href":"https:\/\/wp.unil.ch\/ecounc\/wp-json\/wp\/v2\/comments?post=468"}],"wp:featuredmedia":[{"embeddable":true,"href":"https:\/\/wp.unil.ch\/ecounc\/wp-json\/wp\/v2\/media\/470"}],"wp:attachment":[{"href":"https:\/\/wp.unil.ch\/ecounc\/wp-json\/wp\/v2\/media?parent=468"}],"wp:term":[{"taxonomy":"product_brand","embeddable":true,"href":"https:\/\/wp.unil.ch\/ecounc\/wp-json\/wp\/v2\/product_brand?post=468"},{"taxonomy":"product_cat","embeddable":true,"href":"https:\/\/wp.unil.ch\/ecounc\/wp-json\/wp\/v2\/product_cat?post=468"},{"taxonomy":"product_tag","embeddable":true,"href":"https:\/\/wp.unil.ch\/ecounc\/wp-json\/wp\/v2\/product_tag?post=468"}],"curies":[{"name":"wp","href":"https:\/\/api.w.org\/{rel}","templated":true}]}}