{"id":3858,"date":"2024-01-18T13:52:17","date_gmt":"2024-01-18T12:52:17","guid":{"rendered":"https:\/\/wp.unil.ch\/ecounc\/?post_type=product&#038;p=3858"},"modified":"2025-09-25T10:15:34","modified_gmt":"2025-09-25T08:15:34","slug":"tablettes-sun-pro-formula-all-in-1-complete-professional","status":"publish","type":"product","link":"https:\/\/wp.unil.ch\/ecounc\/produit\/tablettes-sun-pro-formula-all-in-1-complete-professional\/","title":{"rendered":"Tablettes SUN\u00ae PRO FORMULA All in 1 Complete Professional"},"content":{"rendered":"<p>Nettoient, adoucissent l&rsquo;eau et rincent sans traces, faisant dispara\u00eetre facilement et sans pr\u00e9rin\u00e7age m\u00eame les salet\u00e9s tenaces, nettoient \u00e9galement le lave-vaisselle, emball\u00e9es dans un sachet hydrosoluble donc plus besoin de retirer le sachet, \u00e9vitant ainsi tout contact avec la peau, pour lave-vaisselle, sp\u00e9cifiquement pour r\u00e9pondre aux exigences des entreprises et obtenir un r\u00e9sultat de nettoyage impeccable, destin\u00e9 \u00e0 une utilisation dans les restaurants, l&rsquo;h\u00f4tellerie et les bureaux, uniquement \u00e0 usage professionnel. Emballage de 200 tablettes. Durabilit\u00e9 eco:plus: recyclable, composant recycl\u00e9, teneur en d\u00e9chets recycl\u00e9s avant utilisation max. 75%, teneur en d\u00e9chets recycl\u00e9s apr\u00e8s utilisation max. 100%, r\u00e9duction des d\u00e9chets. Certification: EU Ecolabel.<\/p>\n<p>Ecoplus<\/p>\n<p>&nbsp;<\/p>\n","protected":false},"excerpt":{"rendered":"<p>Nettoient, adoucissent l&rsquo;eau et rincent sans traces, faisant dispara\u00eetre facilement et sans pr\u00e9rin\u00e7age m\u00eame les salet\u00e9s tenaces, nettoient \u00e9galement le lave-vaisselle, emball\u00e9es dans un sachet hydrosoluble donc plus besoin de retirer le sachet, \u00e9vitant ainsi tout contact avec la peau, pour lave-vaisselle, sp\u00e9cifiquement pour r\u00e9pondre aux exigences des entreprises et obtenir un r\u00e9sultat de nettoyage [&hellip;]<\/p>\n","protected":false},"featured_media":3859,"comment_status":"closed","ping_status":"closed","template":"","meta":{"_seopress_robots_primary_cat":"none","_seopress_titles_title":"","_seopress_titles_desc":"","_seopress_robots_index":""},"product_brand":[],"product_cat":[100],"product_tag":[],"class_list":{"0":"post-3858","1":"product","2":"type-product","3":"status-publish","4":"has-post-thumbnail","6":"product_cat-produits-et-accessoires-vaisselle-ecologiques","8":"first","9":"outofstock","10":"sold-individually","11":"shipping-taxable","12":"purchasable","13":"product-type-simple"},"_links":{"self":[{"href":"https:\/\/wp.unil.ch\/ecounc\/wp-json\/wp\/v2\/product\/3858","targetHints":{"allow":["GET"]}}],"collection":[{"href":"https:\/\/wp.unil.ch\/ecounc\/wp-json\/wp\/v2\/product"}],"about":[{"href":"https:\/\/wp.unil.ch\/ecounc\/wp-json\/wp\/v2\/types\/product"}],"replies":[{"embeddable":true,"href":"https:\/\/wp.unil.ch\/ecounc\/wp-json\/wp\/v2\/comments?post=3858"}],"wp:featuredmedia":[{"embeddable":true,"href":"https:\/\/wp.unil.ch\/ecounc\/wp-json\/wp\/v2\/media\/3859"}],"wp:attachment":[{"href":"https:\/\/wp.unil.ch\/ecounc\/wp-json\/wp\/v2\/media?parent=3858"}],"wp:term":[{"taxonomy":"product_brand","embeddable":true,"href":"https:\/\/wp.unil.ch\/ecounc\/wp-json\/wp\/v2\/product_brand?post=3858"},{"taxonomy":"product_cat","embeddable":true,"href":"https:\/\/wp.unil.ch\/ecounc\/wp-json\/wp\/v2\/product_cat?post=3858"},{"taxonomy":"product_tag","embeddable":true,"href":"https:\/\/wp.unil.ch\/ecounc\/wp-json\/wp\/v2\/product_tag?post=3858"}],"curies":[{"name":"wp","href":"https:\/\/api.w.org\/{rel}","templated":true}]}}