{"id":3269,"date":"2022-07-05T10:47:27","date_gmt":"2022-07-05T08:47:27","guid":{"rendered":"https:\/\/wp.unil.ch\/ecounc\/?post_type=product&#038;p=3269"},"modified":"2025-06-02T09:09:40","modified_gmt":"2025-06-02T07:09:40","slug":"dateur-encreur-integre","status":"publish","type":"product","link":"https:\/\/wp.unil.ch\/ecounc\/produit\/dateur-encreur-integre\/","title":{"rendered":"Dateur encreur int\u00e9gr\u00e9"},"content":{"rendered":"<p>Dateur encreur int\u00e9gr\u00e9<\/p>\n<p>Trodat ,3.8mm, encreur int\u00e9gr\u00e9, Fran\u00e7ais, 4 chiffres, plastique<\/p>\n<p>&nbsp;<\/p>\n","protected":false},"excerpt":{"rendered":"<p>Dateur encreur int\u00e9gr\u00e9 Trodat ,3.8mm, encreur int\u00e9gr\u00e9, Fran\u00e7ais, 4 chiffres, plastique &nbsp;<\/p>\n","protected":false},"featured_media":3621,"comment_status":"closed","ping_status":"closed","template":"","meta":{"_seopress_robots_primary_cat":"","_seopress_titles_title":"","_seopress_titles_desc":"","_seopress_robots_index":""},"product_brand":[],"product_cat":[75,25],"product_tag":[],"class_list":{"0":"post-3269","1":"product","2":"type-product","3":"status-publish","4":"has-post-thumbnail","6":"product_cat-dateur","7":"product_cat-timbrage","9":"first","10":"instock","11":"shipping-taxable","12":"purchasable","13":"product-type-simple"},"_links":{"self":[{"href":"https:\/\/wp.unil.ch\/ecounc\/wp-json\/wp\/v2\/product\/3269","targetHints":{"allow":["GET"]}}],"collection":[{"href":"https:\/\/wp.unil.ch\/ecounc\/wp-json\/wp\/v2\/product"}],"about":[{"href":"https:\/\/wp.unil.ch\/ecounc\/wp-json\/wp\/v2\/types\/product"}],"replies":[{"embeddable":true,"href":"https:\/\/wp.unil.ch\/ecounc\/wp-json\/wp\/v2\/comments?post=3269"}],"wp:featuredmedia":[{"embeddable":true,"href":"https:\/\/wp.unil.ch\/ecounc\/wp-json\/wp\/v2\/media\/3621"}],"wp:attachment":[{"href":"https:\/\/wp.unil.ch\/ecounc\/wp-json\/wp\/v2\/media?parent=3269"}],"wp:term":[{"taxonomy":"product_brand","embeddable":true,"href":"https:\/\/wp.unil.ch\/ecounc\/wp-json\/wp\/v2\/product_brand?post=3269"},{"taxonomy":"product_cat","embeddable":true,"href":"https:\/\/wp.unil.ch\/ecounc\/wp-json\/wp\/v2\/product_cat?post=3269"},{"taxonomy":"product_tag","embeddable":true,"href":"https:\/\/wp.unil.ch\/ecounc\/wp-json\/wp\/v2\/product_tag?post=3269"}],"curies":[{"name":"wp","href":"https:\/\/api.w.org\/{rel}","templated":true}]}}