{"id":3123,"date":"2022-03-07T12:21:17","date_gmt":"2022-03-07T11:21:17","guid":{"rendered":"https:\/\/wp.unil.ch\/ecounc\/?post_type=product&#038;p=3123"},"modified":"2026-03-31T13:34:44","modified_gmt":"2026-03-31T11:34:44","slug":"lingettes-desinfectantes","status":"publish","type":"product","link":"https:\/\/wp.unil.ch\/ecounc\/produit\/lingettes-desinfectantes\/","title":{"rendered":"Lingettes d\u00e9sinfectantessuisse"},"content":{"rendered":"<p>d\u00e9sinfection rapide \u00e0 base de peu d&rsquo;alcool, absorbantes, compatibles avec une large gamme de mat\u00e9riaux, id\u00e9ales pour les surfaces en mati\u00e8re synth\u00e9tique comme les \u00e9crans et les surfaces tr\u00e8s sensibles, utilisables sans gants, action tr\u00e8s rapide format 180 x 200 mm. Emballage de 80 pi\u00e8ces.<\/p>\n<p>&nbsp;<\/p>\n","protected":false},"excerpt":{"rendered":"<p>d\u00e9sinfection rapide \u00e0 base de peu d&rsquo;alcool, absorbantes, compatibles avec une large gamme de mat\u00e9riaux, id\u00e9ales pour les surfaces en mati\u00e8re synth\u00e9tique comme les \u00e9crans et les surfaces tr\u00e8s sensibles, utilisables sans gants, action tr\u00e8s rapide format 180 x 200 mm. Emballage de 80 pi\u00e8ces. &nbsp;<\/p>\n","protected":false},"featured_media":3628,"comment_status":"closed","ping_status":"closed","template":"","meta":{"_seopress_robots_primary_cat":"none","_seopress_titles_title":"","_seopress_titles_desc":"","_seopress_robots_index":""},"product_brand":[],"product_cat":[54],"product_tag":[],"class_list":{"0":"post-3123","1":"product","2":"type-product","3":"status-publish","4":"has-post-thumbnail","6":"product_cat-nettoyage-entretien","8":"first","9":"instock","10":"shipping-taxable","11":"purchasable","12":"product-type-simple"},"_links":{"self":[{"href":"https:\/\/wp.unil.ch\/ecounc\/wp-json\/wp\/v2\/product\/3123","targetHints":{"allow":["GET"]}}],"collection":[{"href":"https:\/\/wp.unil.ch\/ecounc\/wp-json\/wp\/v2\/product"}],"about":[{"href":"https:\/\/wp.unil.ch\/ecounc\/wp-json\/wp\/v2\/types\/product"}],"replies":[{"embeddable":true,"href":"https:\/\/wp.unil.ch\/ecounc\/wp-json\/wp\/v2\/comments?post=3123"}],"wp:featuredmedia":[{"embeddable":true,"href":"https:\/\/wp.unil.ch\/ecounc\/wp-json\/wp\/v2\/media\/3628"}],"wp:attachment":[{"href":"https:\/\/wp.unil.ch\/ecounc\/wp-json\/wp\/v2\/media?parent=3123"}],"wp:term":[{"taxonomy":"product_brand","embeddable":true,"href":"https:\/\/wp.unil.ch\/ecounc\/wp-json\/wp\/v2\/product_brand?post=3123"},{"taxonomy":"product_cat","embeddable":true,"href":"https:\/\/wp.unil.ch\/ecounc\/wp-json\/wp\/v2\/product_cat?post=3123"},{"taxonomy":"product_tag","embeddable":true,"href":"https:\/\/wp.unil.ch\/ecounc\/wp-json\/wp\/v2\/product_tag?post=3123"}],"curies":[{"name":"wp","href":"https:\/\/api.w.org\/{rel}","templated":true}]}}