{"id":235,"date":"2017-04-11T11:15:23","date_gmt":"2017-04-11T09:15:23","guid":{"rendered":"http:\/\/wp.unil.ch\/ecounc\/?post_type=product&#038;p=235"},"modified":"2026-03-03T13:43:30","modified_gmt":"2026-03-03T12:43:30","slug":"gomme-kolma-racer-flex-start","status":"publish","type":"product","link":"https:\/\/wp.unil.ch\/ecounc\/produit\/gomme-kolma-racer-flex-start\/","title":{"rendered":"Gomme L\u00e4ufer, plast combi"},"content":{"rendered":"<div class=\"title\">Gomme L\u00e4ufer,plast combi<\/div>\n<div class=\"article-information\">gomme combin\u00e9e, partie transparente pour crayons graphite et crayons de couleur, partie bleue pour stylos \u00e0 bille et feutres, encre et encre de Chine, usage 7B &#8211; 9H, \u00e9tui de protection en carton pour une meilleure prise en main.<\/div>\n<div>46 x 9 x 20 mm<\/div>\n","protected":false},"excerpt":{"rendered":"<p>Gomme L\u00e4ufer,plast combi gomme combin\u00e9e, partie transparente pour crayons graphite et crayons de couleur, partie bleue pour stylos \u00e0 bille et feutres, encre et encre de Chine, usage 7B &#8211; 9H, \u00e9tui de protection en carton pour une meilleure prise en main. 46 x 9 x 20 mm<\/p>\n","protected":false},"featured_media":3811,"comment_status":"closed","ping_status":"closed","template":"","meta":{"_seopress_robots_primary_cat":"none","_seopress_titles_title":"","_seopress_titles_desc":"","_seopress_robots_index":""},"product_brand":[],"product_cat":[9,12],"product_tag":[],"class_list":{"0":"post-235","1":"product","2":"type-product","3":"status-publish","4":"has-post-thumbnail","6":"product_cat-ecriture-correction","7":"product_cat-gommes","9":"first","10":"instock","11":"shipping-taxable","12":"purchasable","13":"product-type-simple"},"_links":{"self":[{"href":"https:\/\/wp.unil.ch\/ecounc\/wp-json\/wp\/v2\/product\/235","targetHints":{"allow":["GET"]}}],"collection":[{"href":"https:\/\/wp.unil.ch\/ecounc\/wp-json\/wp\/v2\/product"}],"about":[{"href":"https:\/\/wp.unil.ch\/ecounc\/wp-json\/wp\/v2\/types\/product"}],"replies":[{"embeddable":true,"href":"https:\/\/wp.unil.ch\/ecounc\/wp-json\/wp\/v2\/comments?post=235"}],"wp:featuredmedia":[{"embeddable":true,"href":"https:\/\/wp.unil.ch\/ecounc\/wp-json\/wp\/v2\/media\/3811"}],"wp:attachment":[{"href":"https:\/\/wp.unil.ch\/ecounc\/wp-json\/wp\/v2\/media?parent=235"}],"wp:term":[{"taxonomy":"product_brand","embeddable":true,"href":"https:\/\/wp.unil.ch\/ecounc\/wp-json\/wp\/v2\/product_brand?post=235"},{"taxonomy":"product_cat","embeddable":true,"href":"https:\/\/wp.unil.ch\/ecounc\/wp-json\/wp\/v2\/product_cat?post=235"},{"taxonomy":"product_tag","embeddable":true,"href":"https:\/\/wp.unil.ch\/ecounc\/wp-json\/wp\/v2\/product_tag?post=235"}],"curies":[{"name":"wp","href":"https:\/\/api.w.org\/{rel}","templated":true}]}}