{"id":2221,"date":"2019-01-22T11:58:10","date_gmt":"2019-01-22T10:58:10","guid":{"rendered":"http:\/\/wp.unil.ch\/ecounc\/?post_type=product&#038;p=2221"},"modified":"2026-03-31T13:36:03","modified_gmt":"2026-03-31T11:36:03","slug":"index-post-it-fleches-etroits","status":"publish","type":"product","link":"https:\/\/wp.unil.ch\/ecounc\/produit\/index-post-it-fleches-etroits\/","title":{"rendered":"Index Post-it fl\u00e9ch\u00e9s \u00e9troits"},"content":{"rendered":"<div class=\"acontLeft acontLeftMultiple\">\n<div class=\"acontRight\">Pour mettre en \u00e9vidence les points cl\u00e9s dans un listing, livre, catalogue, etc.,<\/div>\n<div>invisible \u00e0 la photocopie,seul le contour noir est reproduit<\/div>\n<div>Distributeur contenant\u00a0 4x 24 pi\u00e8ces<\/div>\n<\/div>\n","protected":false},"excerpt":{"rendered":"<p>Pour mettre en \u00e9vidence les points cl\u00e9s dans un listing, livre, catalogue, etc., invisible \u00e0 la photocopie,seul le contour noir est reproduit Distributeur contenant\u00a0 4x 24 pi\u00e8ces<\/p>\n","protected":false},"featured_media":2224,"comment_status":"closed","ping_status":"closed","template":"","meta":{"_seopress_robots_primary_cat":"","_seopress_titles_title":"","_seopress_titles_desc":"","_seopress_robots_index":""},"product_brand":[],"product_cat":[32,26],"product_tag":[],"class_list":{"0":"post-2221","1":"product","2":"type-product","3":"status-publish","4":"has-post-thumbnail","6":"product_cat-index-post-it","7":"product_cat-note-repositionnable-prises-de-notes","9":"first","10":"instock","11":"shipping-taxable","12":"purchasable","13":"product-type-simple"},"_links":{"self":[{"href":"https:\/\/wp.unil.ch\/ecounc\/wp-json\/wp\/v2\/product\/2221","targetHints":{"allow":["GET"]}}],"collection":[{"href":"https:\/\/wp.unil.ch\/ecounc\/wp-json\/wp\/v2\/product"}],"about":[{"href":"https:\/\/wp.unil.ch\/ecounc\/wp-json\/wp\/v2\/types\/product"}],"replies":[{"embeddable":true,"href":"https:\/\/wp.unil.ch\/ecounc\/wp-json\/wp\/v2\/comments?post=2221"}],"wp:featuredmedia":[{"embeddable":true,"href":"https:\/\/wp.unil.ch\/ecounc\/wp-json\/wp\/v2\/media\/2224"}],"wp:attachment":[{"href":"https:\/\/wp.unil.ch\/ecounc\/wp-json\/wp\/v2\/media?parent=2221"}],"wp:term":[{"taxonomy":"product_brand","embeddable":true,"href":"https:\/\/wp.unil.ch\/ecounc\/wp-json\/wp\/v2\/product_brand?post=2221"},{"taxonomy":"product_cat","embeddable":true,"href":"https:\/\/wp.unil.ch\/ecounc\/wp-json\/wp\/v2\/product_cat?post=2221"},{"taxonomy":"product_tag","embeddable":true,"href":"https:\/\/wp.unil.ch\/ecounc\/wp-json\/wp\/v2\/product_tag?post=2221"}],"curies":[{"name":"wp","href":"https:\/\/api.w.org\/{rel}","templated":true}]}}