{"id":174,"date":"2017-04-04T12:19:14","date_gmt":"2017-04-04T10:19:14","guid":{"rendered":"http:\/\/wp.unil.ch\/ecounc\/?post_type=product&#038;p=174"},"modified":"2025-11-05T12:44:03","modified_gmt":"2025-11-05T11:44:03","slug":"index-post-it-vert","status":"publish","type":"product","link":"https:\/\/wp.unil.ch\/ecounc\/produit\/index-post-it-vert\/","title":{"rendered":"Index Post-it"},"content":{"rendered":"<p>Post-it Index<\/p>\n<p>Marquer, indexer et codifier, de fa\u00e7on s\u00fbre, documents, fichiers, livres, etc<\/p>\n<p>Supporte l&rsquo;\u00e9criture, s&rsquo;enl\u00e8ve sans traces et repositionnable<\/p>\n","protected":false},"excerpt":{"rendered":"<p>Post-it Index Marquer, indexer et codifier, de fa\u00e7on s\u00fbre, documents, fichiers, livres, etc Supporte l&rsquo;\u00e9criture, s&rsquo;enl\u00e8ve sans traces et repositionnable<\/p>\n","protected":false},"featured_media":3700,"comment_status":"closed","ping_status":"closed","template":"","meta":{"_seopress_robots_primary_cat":"none","_seopress_titles_title":"","_seopress_titles_desc":"","_seopress_robots_index":""},"product_brand":[],"product_cat":[32,26],"product_tag":[],"class_list":{"0":"post-174","1":"product","2":"type-product","3":"status-publish","4":"has-post-thumbnail","6":"product_cat-index-post-it","7":"product_cat-note-repositionnable-prises-de-notes","9":"first","10":"instock","11":"shipping-taxable","12":"purchasable","13":"product-type-variable"},"_links":{"self":[{"href":"https:\/\/wp.unil.ch\/ecounc\/wp-json\/wp\/v2\/product\/174","targetHints":{"allow":["GET"]}}],"collection":[{"href":"https:\/\/wp.unil.ch\/ecounc\/wp-json\/wp\/v2\/product"}],"about":[{"href":"https:\/\/wp.unil.ch\/ecounc\/wp-json\/wp\/v2\/types\/product"}],"replies":[{"embeddable":true,"href":"https:\/\/wp.unil.ch\/ecounc\/wp-json\/wp\/v2\/comments?post=174"}],"wp:featuredmedia":[{"embeddable":true,"href":"https:\/\/wp.unil.ch\/ecounc\/wp-json\/wp\/v2\/media\/3700"}],"wp:attachment":[{"href":"https:\/\/wp.unil.ch\/ecounc\/wp-json\/wp\/v2\/media?parent=174"}],"wp:term":[{"taxonomy":"product_brand","embeddable":true,"href":"https:\/\/wp.unil.ch\/ecounc\/wp-json\/wp\/v2\/product_brand?post=174"},{"taxonomy":"product_cat","embeddable":true,"href":"https:\/\/wp.unil.ch\/ecounc\/wp-json\/wp\/v2\/product_cat?post=174"},{"taxonomy":"product_tag","embeddable":true,"href":"https:\/\/wp.unil.ch\/ecounc\/wp-json\/wp\/v2\/product_tag?post=174"}],"curies":[{"name":"wp","href":"https:\/\/api.w.org\/{rel}","templated":true}]}}